{"id":21337,"date":"2025-03-07T17:40:27","date_gmt":"2025-03-07T17:40:27","guid":{"rendered":"https:\/\/cirqlinnovations.com\/super-sipe\/"},"modified":"2025-04-11T10:15:38","modified_gmt":"2025-04-11T10:15:38","slug":"super-sipe","status":"publish","type":"page","link":"https:\/\/cirqlinnovations.com\/pt-pt\/super-sipe\/","title":{"rendered":"Super Sipe"},"content":{"rendered":"\n<div class=\"wp-block-group has-primary-background-color has-background is-layout-constrained wp-container-core-group-is-layout-dc719497 wp-block-group-is-layout-constrained\" style=\"padding-top:var(--wp--preset--spacing--md);padding-right:var(--wp--preset--spacing--xxs);padding-bottom:var(--wp--preset--spacing--md);padding-left:var(--wp--preset--spacing--xxs);background-image:url(&apos;https:\/\/cirqlinnovations.com\/wp-content\/uploads\/2025\/02\/grey-background.png&apos;);background-size:cover;\">\n<div class=\"wp-block-group is-content-justification-left is-layout-flex wp-container-core-group-is-layout-20bfc4c6 wp-block-group-is-layout-flex\" style=\"padding-right:0;padding-left:0\">\n<figure class=\"wp-block-image size-full is-resized\"><img loading=\"lazy\" decoding=\"async\" width=\"103\" height=\"43\" src=\"https:\/\/cirqlinnovations.com\/wp-content\/uploads\/2025\/03\/super-sipe-logo.svg\" alt=\"\" class=\"wp-image-19094\" style=\"width:auto;height:120px\"\/><\/figure>\n<\/div>\n<\/div>\n\n\n\n<div class=\"wp-block-group has-background is-layout-constrained wp-container-core-group-is-layout-a384947c wp-block-group-is-layout-constrained\" style=\"background:linear-gradient(135deg,rgba(255,255,255,0) 69%,rgb(224,224,224) 100%);margin-top:-250px;padding-top:var(--wp--preset--spacing--md);padding-right:var(--wp--preset--spacing--xs);padding-bottom:var(--wp--preset--spacing--md);padding-left:var(--wp--preset--spacing--xs)\">\n<div class=\"wp-block-columns is-style-sticky-r-columns is-layout-flex wp-container-core-columns-is-layout-4b12e7ec wp-block-columns-is-layout-flex\">\n<div class=\"wp-block-column is-layout-flow wp-block-column-is-layout-flow\" style=\"padding-top:14rem\">\n<div class=\"wp-block-group is-layout-constrained wp-container-core-group-is-layout-3156e74c wp-block-group-is-layout-constrained\">\n<div class=\"wp-block-group is-layout-constrained wp-block-group-is-layout-constrained\">\n<div class=\"wp-block-group is-content-justification-left is-nowrap is-layout-flex wp-container-core-group-is-layout-a5411a34 wp-block-group-is-layout-flex\">\n<figure class=\"wp-block-image size-full is-resized\"><img loading=\"lazy\" decoding=\"async\" width=\"100\" height=\"100\" src=\"https:\/\/cirqlinnovations.com\/wp-content\/uploads\/2025\/02\/OLT_Eco-icon_65k.svg\" alt=\"\" class=\"wp-image-16679\" style=\"width:80px\"\/><\/figure>\n<\/div>\n\n\n\n<h1 class=\"wp-block-heading has-h-3-font-size\" style=\"font-style:normal;font-weight:500;letter-spacing:0px;text-transform:capitalize\"><br>Super Sipe: L\u00e2minas Sipe exclusivas para m\u00e1xima flexibilidade<\/h1>\n\n\n\n<p class=\"is-style-default has-default-paragraph-font-size\">A tecnologia patenteada OrthoLite<sup>\u00ae<\/sup> Super Sipe incorpora l\u00e2minas propriet\u00e1rias que ampliam a flexibilidade natural do sapato, melhorando o desempenho e reduzindo a fadiga do p\u00e9.<\/p>\n<\/div>\n\n\n\n<div class=\"wp-block-group is-layout-constrained wp-block-group-is-layout-constrained\">\n<h2 class=\"wp-block-heading has-h-5-font-size\">Resumo do produto<\/h2>\n\n\n\n<div class=\"wp-block-group is-layout-constrained wp-container-core-group-is-layout-19e250f3 wp-block-group-is-layout-constrained\">\n<p class=\"is-style-default\">Levando mais longe a inova\u00e7\u00e3o carater\u00edstica da OrthoLite\u00ae, concebemos a nossa palmilha mais flex\u00edvel para funcionar na perfei\u00e7\u00e3o com as constru\u00e7\u00f5es de cal\u00e7ado mais flex\u00edveis de hoje em dia. As l\u00e2minas \u00fanicas da palmilha apresentam pontos de flex\u00e3o que se dobram sem esfor\u00e7o &#8211; seguindo todos os contornos da sola por baixo e do p\u00e9 do consumidor por cima. A maior flexibilidade proporciona um desempenho \u00f3timo e ajuda a reduzir a fadiga do p\u00e9, ao mesmo tempo que proporciona conforto durante todo o dia.  <\/p>\n<\/div>\n<\/div>\n\n\n\n<div class=\"wp-block-group is-layout-constrained wp-block-group-is-layout-constrained\">\n<h3 class=\"wp-block-heading has-h-5-font-size\">Aplica\u00e7\u00e3o<\/h3>\n\n\n\n<p>O OrthoLite\u00ae Super Sipe \u00e9 perfeito para todas as categorias de cal\u00e7ado &#8211; incluindo desempenho, vestu\u00e1rio, casual e exterior. Quando os produtos requerem maior flexibilidade e articula\u00e7\u00e3o sem sacrificar o conforto, apenas a palmilha sifonada patenteada OrthoLite\u00ae pode proporcionar este n\u00edvel de desempenho. A OrthoLite\u00ae Super Sipe pode ser usada com a maioria das nossas formula\u00e7\u00f5es patenteadas (excluindo as espumas OrthoLite\u00ae Impressions\u2122, OrthoLite\u00ae Imperial\u2122, OrthoLite\u00ae Imperial Plus\u2122 e OrthoLite\u00ae Lazy\u2122), proporcionando um ambiente mais fresco, seco e saud\u00e1vel no interior do sapato &#8211; com amortecimento duradouro.  <\/p>\n<\/div>\n\n\n\n<div class=\"wp-block-group is-content-justification-center is-layout-constrained wp-container-core-group-is-layout-ffce93fd wp-block-group-is-layout-constrained\" style=\"border-style:none;border-width:0px\">\n<div class=\"wp-block-group has-background wp-container-content-e0b89f81 is-layout-constrained wp-container-core-group-is-layout-d385ac8e wp-block-group-is-layout-constrained\" style=\"border-top-color:var(--wp--preset--color--tertiary);border-top-width:1px;border-left-color:var(--wp--preset--color--tertiary);border-left-width:1px;background:linear-gradient(135deg,rgb(240,240,240) 5%,rgb(240,240,240) 100%);min-height:70px;padding-top:var(--wp--preset--spacing--xs);padding-right:var(--wp--preset--spacing--xs);padding-bottom:var(--wp--preset--spacing--xs);padding-left:var(--wp--preset--spacing--xs)\">\n<p class=\"has-text-align-left is-style-small-paragraph\"><strong>Formula\u00e7\u00e3o<br><\/strong>Todos os tipos\/densidades de espuma existentes funcionam (excluindo OrthoLite<sup>\u00ae<\/sup> Lazy\u2122, OrthoLite<sup>\u00ae<\/sup> Impressions\u2122 e OrthoLite<sup>\u00ae<\/sup> Imperial\u2122).<\/p>\n<\/div>\n\n\n\n<div class=\"wp-block-group has-background wp-container-content-e0b89f81 is-layout-constrained wp-container-core-group-is-layout-d385ac8e wp-block-group-is-layout-constrained\" style=\"border-top-color:var(--wp--preset--color--tertiary);border-top-width:1px;border-left-color:var(--wp--preset--color--tertiary);border-left-width:1px;background:linear-gradient(135deg,rgb(240,240,240) 5%,rgb(240,240,240) 100%);min-height:70px;padding-top:var(--wp--preset--spacing--xs);padding-right:var(--wp--preset--spacing--xs);padding-bottom:var(--wp--preset--spacing--xs);padding-left:var(--wp--preset--spacing--xs)\">\n<p class=\"has-text-align-left is-style-small-paragraph\"><strong>MOK<br><\/strong>50K pares para abrir um novo molde de sipe. Aplicam-se os m\u00ednimos padr\u00e3o para a utiliza\u00e7\u00e3o do molde aberto conforme a imagem. <\/p>\n<\/div>\n\n\n\n<div class=\"wp-block-group has-background wp-container-content-e0b89f81 is-content-justification-center is-nowrap is-layout-flex wp-container-core-group-is-layout-b6773fa8 wp-block-group-is-layout-flex\" style=\"border-top-color:var(--wp--preset--color--tertiary);border-top-width:1px;border-bottom-color:var(--wp--preset--color--tertiary);border-bottom-width:1px;border-left-color:var(--wp--preset--color--tertiary);border-left-width:1px;background:linear-gradient(135deg,rgb(71,71,71) 0%,rgb(71,71,71) 100%);min-height:60px;padding-top:var(--wp--preset--spacing--xxs);padding-right:var(--wp--preset--spacing--xxs);padding-bottom:var(--wp--preset--spacing--xxs);padding-left:var(--wp--preset--spacing--xxs)\">\n<p class=\"has-text-align-left is-style-default has-tertiary-color has-text-color has-link-color wp-elements-63f8ae26c5b581843ac66dce2060829e\"><strong>5%<\/strong> de borracha reciclada  <\/p>\n\n\n\n<p class=\"has-text-align-right has-tertiary-color has-text-color has-link-color has-h-4-font-size wp-elements-ed0a748f9429fd31c471dacce1eb2834\" style=\"line-height:1.1\">  = <strong>5%<\/strong> Conte\u00fado ecol\u00f3gico total<\/p>\n<\/div>\n<\/div>\n<\/div>\n<\/div>\n\n\n\n<div class=\"wp-block-column is-layout-flow wp-block-column-is-layout-flow\" style=\"padding-top:var(--wp--preset--spacing--xs)\">\n<figure class=\"wp-block-image aligncenter size-full fade-up\" style=\"margin-top:var(--wp--preset--spacing--xs)\"><img loading=\"lazy\" decoding=\"async\" width=\"560\" height=\"754\" src=\"https:\/\/cirqlinnovations.com\/wp-content\/uploads\/2025\/03\/Super-Sipe.png\" alt=\"\" class=\"wp-image-19082\" style=\"object-fit:cover\" srcset=\"https:\/\/cirqlinnovations.com\/wp-content\/uploads\/2025\/03\/Super-Sipe.png 560w, https:\/\/cirqlinnovations.com\/wp-content\/uploads\/2025\/03\/Super-Sipe-223x300.png 223w\" sizes=\"auto, (max-width: 560px) 100vw, 560px\" \/><\/figure>\n<\/div>\n<\/div>\n<\/div>\n\n\n\n<div class=\"wp-block-group has-background is-layout-flow wp-block-group-is-layout-flow\" style=\"background:linear-gradient(180deg,rgb(205,205,205) 0%,rgb(205,205,205) 100%);padding-top:var(--wp--preset--spacing--xs);padding-bottom:var(--wp--preset--spacing--xs)\">\n\n<div class=\"wp-block-group is-nowrap is-layout-flex wp-container-core-group-is-layout-07e61161 wp-block-group-is-layout-flex\">\n<figure class=\"wp-block-image aligncenter size-full is-resized\"><img loading=\"lazy\" decoding=\"async\" width=\"600\" height=\"600\" src=\"https:\/\/cirqlinnovations.com\/wp-content\/uploads\/2025\/02\/Recycled-icon_circle.png\" alt=\"\" class=\"wp-image-17000\" style=\"width:60px\" srcset=\"https:\/\/cirqlinnovations.com\/wp-content\/uploads\/2025\/02\/Recycled-icon_circle.png 600w, https:\/\/cirqlinnovations.com\/wp-content\/uploads\/2025\/02\/Recycled-icon_circle-300x300.png 300w, https:\/\/cirqlinnovations.com\/wp-content\/uploads\/2025\/02\/Recycled-icon_circle-150x150.png 150w\" sizes=\"auto, (max-width: 600px) 100vw, 600px\" \/><\/figure>\n\n\n\n<p class=\"has-text-align-left is-style-small-paragraph\">Reciclado<br>Conte\u00fado<\/p>\n<\/div>\n\n\n\n<div class=\"wp-block-group is-nowrap is-layout-flex wp-container-core-group-is-layout-07e61161 wp-block-group-is-layout-flex\">\n<figure class=\"wp-block-image aligncenter size-full is-resized\"><img loading=\"lazy\" decoding=\"async\" width=\"601\" height=\"601\" src=\"https:\/\/cirqlinnovations.com\/wp-content\/uploads\/2025\/02\/cushioning.circle.png\" alt=\"\" class=\"wp-image-17056\" style=\"width:60px\" srcset=\"https:\/\/cirqlinnovations.com\/wp-content\/uploads\/2025\/02\/cushioning.circle.png 601w, https:\/\/cirqlinnovations.com\/wp-content\/uploads\/2025\/02\/cushioning.circle-300x300.png 300w, https:\/\/cirqlinnovations.com\/wp-content\/uploads\/2025\/02\/cushioning.circle-150x150.png 150w\" sizes=\"auto, (max-width: 601px) 100vw, 601px\" \/><\/figure>\n\n\n\n<p class=\"has-text-align-left is-style-small-paragraph\">A longo prazo<br>Cushioning<\/p>\n<\/div>\n\n\n\n<div class=\"wp-block-group is-nowrap is-layout-flex wp-container-core-group-is-layout-07e61161 wp-block-group-is-layout-flex\">\n<figure class=\"wp-block-image aligncenter size-full is-resized\"><img loading=\"lazy\" decoding=\"async\" width=\"601\" height=\"601\" src=\"https:\/\/cirqlinnovations.com\/wp-content\/uploads\/2025\/02\/moisture.circle.png\" alt=\"\" class=\"wp-image-17044\" style=\"width:60px\" srcset=\"https:\/\/cirqlinnovations.com\/wp-content\/uploads\/2025\/02\/moisture.circle.png 601w, https:\/\/cirqlinnovations.com\/wp-content\/uploads\/2025\/02\/moisture.circle-300x300.png 300w, https:\/\/cirqlinnovations.com\/wp-content\/uploads\/2025\/02\/moisture.circle-150x150.png 150w\" sizes=\"auto, (max-width: 601px) 100vw, 601px\" \/><\/figure>\n\n\n\n<p class=\"has-text-align-left is-style-small-paragraph\">Humidade<br>Gest\u00e3o<\/p>\n<\/div>\n\n\n\n<div class=\"wp-block-group is-nowrap is-layout-flex wp-container-core-group-is-layout-07e61161 wp-block-group-is-layout-flex\">\n<figure class=\"wp-block-image aligncenter size-full is-resized\"><img loading=\"lazy\" decoding=\"async\" width=\"601\" height=\"601\" src=\"https:\/\/cirqlinnovations.com\/wp-content\/uploads\/2025\/02\/breathability.circle.png\" alt=\"\" class=\"wp-image-17062\" style=\"width:60px\" srcset=\"https:\/\/cirqlinnovations.com\/wp-content\/uploads\/2025\/02\/breathability.circle.png 601w, https:\/\/cirqlinnovations.com\/wp-content\/uploads\/2025\/02\/breathability.circle-300x300.png 300w, https:\/\/cirqlinnovations.com\/wp-content\/uploads\/2025\/02\/breathability.circle-150x150.png 150w\" sizes=\"auto, (max-width: 601px) 100vw, 601px\" \/><\/figure>\n\n\n\n<p class=\"has-text-align-left is-style-small-paragraph\">Alto n\u00edvel<br>Respirabilidade<\/p>\n<\/div>\n\n\n\n<div class=\"wp-block-group is-nowrap is-layout-flex wp-container-core-group-is-layout-07e61161 wp-block-group-is-layout-flex\">\n<figure class=\"wp-block-image aligncenter size-full is-resized\"><img loading=\"lazy\" decoding=\"async\" width=\"601\" height=\"601\" src=\"https:\/\/cirqlinnovations.com\/wp-content\/uploads\/2025\/02\/lightweight.circle.png\" alt=\"\" class=\"wp-image-17050\" style=\"width:60px\" srcset=\"https:\/\/cirqlinnovations.com\/wp-content\/uploads\/2025\/02\/lightweight.circle.png 601w, https:\/\/cirqlinnovations.com\/wp-content\/uploads\/2025\/02\/lightweight.circle-300x300.png 300w, https:\/\/cirqlinnovations.com\/wp-content\/uploads\/2025\/02\/lightweight.circle-150x150.png 150w\" sizes=\"auto, (max-width: 601px) 100vw, 601px\" \/><\/figure>\n\n\n\n<p class=\"has-text-align-left is-style-small-paragraph\">Leve<\/p>\n<\/div>\n\n\n\n<div class=\"wp-block-group is-nowrap is-layout-flex wp-container-core-group-is-layout-07e61161 wp-block-group-is-layout-flex\">\n<figure class=\"wp-block-image aligncenter size-full is-resized\"><img loading=\"lazy\" decoding=\"async\" width=\"601\" height=\"601\" src=\"https:\/\/cirqlinnovations.com\/wp-content\/uploads\/2025\/02\/washable.circle.png\" alt=\"\" class=\"wp-image-17032\" style=\"width:60px\" srcset=\"https:\/\/cirqlinnovations.com\/wp-content\/uploads\/2025\/02\/washable.circle.png 601w, https:\/\/cirqlinnovations.com\/wp-content\/uploads\/2025\/02\/washable.circle-300x300.png 300w, https:\/\/cirqlinnovations.com\/wp-content\/uploads\/2025\/02\/washable.circle-150x150.png 150w\" sizes=\"auto, (max-width: 601px) 100vw, 601px\" \/><\/figure>\n\n\n\n<p class=\"has-text-align-left is-style-small-paragraph\">Lav\u00e1vel<\/p>\n<\/div>\n\n\n\n<div class=\"wp-block-group is-nowrap is-layout-flex wp-container-core-group-is-layout-07e61161 wp-block-group-is-layout-flex\">\n<figure class=\"wp-block-image aligncenter size-full is-resized\"><img loading=\"lazy\" decoding=\"async\" width=\"601\" height=\"601\" src=\"https:\/\/cirqlinnovations.com\/wp-content\/uploads\/2025\/02\/antimicrobial.circle.png\" alt=\"\" class=\"wp-image-16994\" style=\"width:60px\" srcset=\"https:\/\/cirqlinnovations.com\/wp-content\/uploads\/2025\/02\/antimicrobial.circle.png 601w, https:\/\/cirqlinnovations.com\/wp-content\/uploads\/2025\/02\/antimicrobial.circle-300x300.png 300w, https:\/\/cirqlinnovations.com\/wp-content\/uploads\/2025\/02\/antimicrobial.circle-150x150.png 150w\" sizes=\"auto, (max-width: 601px) 100vw, 601px\" \/><\/figure>\n\n\n\n<p class=\"has-text-align-left is-style-small-paragraph\">Antimicrobiano<\/p>\n<\/div>\n\n<\/div>\n\n\n\n\n<div class=\"wp-block-group is-content-justification-center is-layout-constrained wp-container-core-group-is-layout-4df2738f wp-block-group-is-layout-constrained\" style=\"padding-top:var(--wp--preset--spacing--md);padding-right:var(--wp--preset--spacing--xs);padding-bottom:var(--wp--preset--spacing--md);padding-left:var(--wp--preset--spacing--xs)\">\n<h2 class=\"wp-block-heading has-text-align-center has-secondary-color has-text-color has-link-color has-h-3-font-size wp-elements-ea683451e283400b5f4aa55f53f493c8\" style=\"font-style:normal;font-weight:600;text-transform:capitalize\">Conforto e desempenho<\/h2>\n\n\n\n<p class=\"has-text-align-center has-secondary-color has-text-color has-link-color has-h-5-font-size wp-elements-b8117bb1fb66c4e6e7a03994eac1ed08\" style=\"font-style:normal;font-weight:500\">IMPULSIONADO PELA INOVA\u00c7\u00c3O<\/p>\n\n\n\n<p class=\"has-text-align-center is-style-default has-secondary-color has-text-color has-link-color wp-elements-35e8e78f58a5ed1459e6cf1138b9967f\">Somos movidos pela inova\u00e7\u00e3o, por uma compreens\u00e3o profunda das necessidades dos nossos parceiros de marca, por uma verdadeira colabora\u00e7\u00e3o e por uma dedica\u00e7\u00e3o em limitar o nosso impacto no planeta &#8211; e isso nota-se em cada produto que fabricamos. Foi assim que nos torn\u00e1mos o l\u00edder global e \u00e9 por isso que nos orgulhamos de fazer parcerias com as melhores marcas do mundo.<\/p>\n\n\n\n<div class=\"wp-block-buttons is-content-justification-center is-layout-flex wp-container-core-buttons-is-layout-a89b3969 wp-block-buttons-is-layout-flex\">\n<div class=\"wp-block-button is-style-outline is-style-outline--1\"><a class=\"wp-block-button__link has-secondary-color has-text-color has-link-color wp-element-button\" href=\"https:\/\/cirqlinnovations.com\/pt-pt\/contacto\/\">contacta-nos<\/a><\/div>\n<\/div>\n<\/div>\n\n","protected":false},"excerpt":{"rendered":"<p>Super Sipe: L\u00e2minas Sipe exclusivas para m\u00e1xima flexibilidade A tecnologia patenteada OrthoLite\u00ae Super Sipe incorpora l\u00e2minas propriet\u00e1rias que ampliam a flexibilidade natural do sapato, melhorando o desempenho e reduzindo a fadiga do p\u00e9. Resumo do produto Levando mais longe a inova\u00e7\u00e3o carater\u00edstica da OrthoLite\u00ae, concebemos a nossa palmilha mais flex\u00edvel para funcionar na perfei\u00e7\u00e3o com [&hellip;]<\/p>\n","protected":false},"author":2,"featured_media":0,"parent":0,"menu_order":0,"comment_status":"closed","ping_status":"closed","template":"","meta":{"_acf_changed":false,"footnotes":""},"class_list":["post-21337","page","type-page","status-publish","hentry"],"acf":[],"yoast_head":"<!-- This site is optimized with the Yoast SEO plugin v27.5 - https:\/\/yoast.com\/product\/yoast-seo-wordpress\/ -->\n<title>Super Sipe - Cirql<\/title>\n<meta name=\"robots\" content=\"index, follow, max-snippet:-1, max-image-preview:large, max-video-preview:-1\" \/>\n<link rel=\"canonical\" href=\"https:\/\/cirqlinnovations.com\/pt-pt\/super-sipe\/\" \/>\n<meta property=\"og:locale\" content=\"pt_PT\" \/>\n<meta property=\"og:type\" content=\"article\" \/>\n<meta property=\"og:title\" content=\"Super Sipe - Cirql\" \/>\n<meta property=\"og:description\" content=\"Super Sipe: L\u00e2minas Sipe exclusivas para m\u00e1xima flexibilidade A tecnologia patenteada OrthoLite\u00ae Super Sipe incorpora l\u00e2minas propriet\u00e1rias que ampliam a flexibilidade natural do sapato, melhorando o desempenho e reduzindo a fadiga do p\u00e9. Resumo do produto Levando mais longe a inova\u00e7\u00e3o carater\u00edstica da OrthoLite\u00ae, concebemos a nossa palmilha mais flex\u00edvel para funcionar na perfei\u00e7\u00e3o com [&hellip;]\" \/>\n<meta property=\"og:url\" content=\"https:\/\/cirqlinnovations.com\/pt-pt\/super-sipe\/\" \/>\n<meta property=\"og:site_name\" content=\"Cirql\" \/>\n<meta property=\"article:modified_time\" content=\"2025-04-11T10:15:38+00:00\" \/>\n<meta name=\"twitter:card\" content=\"summary_large_image\" \/>\n<meta name=\"twitter:label1\" content=\"Tempo estimado de leitura\" \/>\n\t<meta name=\"twitter:data1\" content=\"4 minutos\" \/>\n<script type=\"application\/ld+json\" class=\"yoast-schema-graph\">{\"@context\":\"https:\\\/\\\/schema.org\",\"@graph\":[{\"@type\":\"WebPage\",\"@id\":\"https:\\\/\\\/cirqlinnovations.com\\\/pt-pt\\\/super-sipe\\\/\",\"url\":\"https:\\\/\\\/cirqlinnovations.com\\\/pt-pt\\\/super-sipe\\\/\",\"name\":\"Super Sipe - Cirql\",\"isPartOf\":{\"@id\":\"https:\\\/\\\/cirqlinnovations.com\\\/pt-pt\\\/#website\"},\"primaryImageOfPage\":{\"@id\":\"https:\\\/\\\/cirqlinnovations.com\\\/pt-pt\\\/super-sipe\\\/#primaryimage\"},\"image\":{\"@id\":\"https:\\\/\\\/cirqlinnovations.com\\\/pt-pt\\\/super-sipe\\\/#primaryimage\"},\"thumbnailUrl\":\"https:\\\/\\\/cirqlinnovations.com\\\/wp-content\\\/uploads\\\/2025\\\/03\\\/super-sipe-logo.svg\",\"datePublished\":\"2025-03-07T17:40:27+00:00\",\"dateModified\":\"2025-04-11T10:15:38+00:00\",\"breadcrumb\":{\"@id\":\"https:\\\/\\\/cirqlinnovations.com\\\/pt-pt\\\/super-sipe\\\/#breadcrumb\"},\"inLanguage\":\"pt-PT\",\"potentialAction\":[{\"@type\":\"ReadAction\",\"target\":[\"https:\\\/\\\/cirqlinnovations.com\\\/pt-pt\\\/super-sipe\\\/\"]}]},{\"@type\":\"ImageObject\",\"inLanguage\":\"pt-PT\",\"@id\":\"https:\\\/\\\/cirqlinnovations.com\\\/pt-pt\\\/super-sipe\\\/#primaryimage\",\"url\":\"https:\\\/\\\/cirqlinnovations.com\\\/wp-content\\\/uploads\\\/2025\\\/03\\\/super-sipe-logo.svg\",\"contentUrl\":\"https:\\\/\\\/cirqlinnovations.com\\\/wp-content\\\/uploads\\\/2025\\\/03\\\/super-sipe-logo.svg\"},{\"@type\":\"BreadcrumbList\",\"@id\":\"https:\\\/\\\/cirqlinnovations.com\\\/pt-pt\\\/super-sipe\\\/#breadcrumb\",\"itemListElement\":[{\"@type\":\"ListItem\",\"position\":1,\"name\":\"Home\",\"item\":\"https:\\\/\\\/cirqlinnovations.com\\\/pt-pt\\\/circulo\\\/\"},{\"@type\":\"ListItem\",\"position\":2,\"name\":\"Super Sipe\"}]},{\"@type\":\"WebSite\",\"@id\":\"https:\\\/\\\/cirqlinnovations.com\\\/pt-pt\\\/#website\",\"url\":\"https:\\\/\\\/cirqlinnovations.com\\\/pt-pt\\\/\",\"name\":\"Cirql\",\"description\":\"\",\"publisher\":{\"@id\":\"https:\\\/\\\/cirqlinnovations.com\\\/pt-pt\\\/#organization\"},\"potentialAction\":[{\"@type\":\"SearchAction\",\"target\":{\"@type\":\"EntryPoint\",\"urlTemplate\":\"https:\\\/\\\/cirqlinnovations.com\\\/pt-pt\\\/?s={search_term_string}\"},\"query-input\":{\"@type\":\"PropertyValueSpecification\",\"valueRequired\":true,\"valueName\":\"search_term_string\"}}],\"inLanguage\":\"pt-PT\"},{\"@type\":\"Organization\",\"@id\":\"https:\\\/\\\/cirqlinnovations.com\\\/pt-pt\\\/#organization\",\"name\":\"Cirql\",\"url\":\"https:\\\/\\\/cirqlinnovations.com\\\/pt-pt\\\/\",\"logo\":{\"@type\":\"ImageObject\",\"inLanguage\":\"pt-PT\",\"@id\":\"https:\\\/\\\/cirqlinnovations.com\\\/pt-pt\\\/#\\\/schema\\\/logo\\\/image\\\/\",\"url\":\"https:\\\/\\\/cirqlinnovations.com\\\/wp-content\\\/uploads\\\/2025\\\/06\\\/orb.cirql_lockup_midnightRGB-1-.svg\",\"contentUrl\":\"https:\\\/\\\/cirqlinnovations.com\\\/wp-content\\\/uploads\\\/2025\\\/06\\\/orb.cirql_lockup_midnightRGB-1-.svg\",\"width\":377,\"height\":113,\"caption\":\"Cirql\"},\"image\":{\"@id\":\"https:\\\/\\\/cirqlinnovations.com\\\/pt-pt\\\/#\\\/schema\\\/logo\\\/image\\\/\"}}]}<\/script>\n<!-- \/ Yoast SEO plugin. -->","yoast_head_json":{"title":"Super Sipe - Cirql","robots":{"index":"index","follow":"follow","max-snippet":"max-snippet:-1","max-image-preview":"max-image-preview:large","max-video-preview":"max-video-preview:-1"},"canonical":"https:\/\/cirqlinnovations.com\/pt-pt\/super-sipe\/","og_locale":"pt_PT","og_type":"article","og_title":"Super Sipe - Cirql","og_description":"Super Sipe: L\u00e2minas Sipe exclusivas para m\u00e1xima flexibilidade A tecnologia patenteada OrthoLite\u00ae Super Sipe incorpora l\u00e2minas propriet\u00e1rias que ampliam a flexibilidade natural do sapato, melhorando o desempenho e reduzindo a fadiga do p\u00e9. Resumo do produto Levando mais longe a inova\u00e7\u00e3o carater\u00edstica da OrthoLite\u00ae, concebemos a nossa palmilha mais flex\u00edvel para funcionar na perfei\u00e7\u00e3o com [&hellip;]","og_url":"https:\/\/cirqlinnovations.com\/pt-pt\/super-sipe\/","og_site_name":"Cirql","article_modified_time":"2025-04-11T10:15:38+00:00","twitter_card":"summary_large_image","twitter_misc":{"Tempo estimado de leitura":"4 minutos"},"schema":{"@context":"https:\/\/schema.org","@graph":[{"@type":"WebPage","@id":"https:\/\/cirqlinnovations.com\/pt-pt\/super-sipe\/","url":"https:\/\/cirqlinnovations.com\/pt-pt\/super-sipe\/","name":"Super Sipe - Cirql","isPartOf":{"@id":"https:\/\/cirqlinnovations.com\/pt-pt\/#website"},"primaryImageOfPage":{"@id":"https:\/\/cirqlinnovations.com\/pt-pt\/super-sipe\/#primaryimage"},"image":{"@id":"https:\/\/cirqlinnovations.com\/pt-pt\/super-sipe\/#primaryimage"},"thumbnailUrl":"https:\/\/cirqlinnovations.com\/wp-content\/uploads\/2025\/03\/super-sipe-logo.svg","datePublished":"2025-03-07T17:40:27+00:00","dateModified":"2025-04-11T10:15:38+00:00","breadcrumb":{"@id":"https:\/\/cirqlinnovations.com\/pt-pt\/super-sipe\/#breadcrumb"},"inLanguage":"pt-PT","potentialAction":[{"@type":"ReadAction","target":["https:\/\/cirqlinnovations.com\/pt-pt\/super-sipe\/"]}]},{"@type":"ImageObject","inLanguage":"pt-PT","@id":"https:\/\/cirqlinnovations.com\/pt-pt\/super-sipe\/#primaryimage","url":"https:\/\/cirqlinnovations.com\/wp-content\/uploads\/2025\/03\/super-sipe-logo.svg","contentUrl":"https:\/\/cirqlinnovations.com\/wp-content\/uploads\/2025\/03\/super-sipe-logo.svg"},{"@type":"BreadcrumbList","@id":"https:\/\/cirqlinnovations.com\/pt-pt\/super-sipe\/#breadcrumb","itemListElement":[{"@type":"ListItem","position":1,"name":"Home","item":"https:\/\/cirqlinnovations.com\/pt-pt\/circulo\/"},{"@type":"ListItem","position":2,"name":"Super Sipe"}]},{"@type":"WebSite","@id":"https:\/\/cirqlinnovations.com\/pt-pt\/#website","url":"https:\/\/cirqlinnovations.com\/pt-pt\/","name":"Cirql","description":"","publisher":{"@id":"https:\/\/cirqlinnovations.com\/pt-pt\/#organization"},"potentialAction":[{"@type":"SearchAction","target":{"@type":"EntryPoint","urlTemplate":"https:\/\/cirqlinnovations.com\/pt-pt\/?s={search_term_string}"},"query-input":{"@type":"PropertyValueSpecification","valueRequired":true,"valueName":"search_term_string"}}],"inLanguage":"pt-PT"},{"@type":"Organization","@id":"https:\/\/cirqlinnovations.com\/pt-pt\/#organization","name":"Cirql","url":"https:\/\/cirqlinnovations.com\/pt-pt\/","logo":{"@type":"ImageObject","inLanguage":"pt-PT","@id":"https:\/\/cirqlinnovations.com\/pt-pt\/#\/schema\/logo\/image\/","url":"https:\/\/cirqlinnovations.com\/wp-content\/uploads\/2025\/06\/orb.cirql_lockup_midnightRGB-1-.svg","contentUrl":"https:\/\/cirqlinnovations.com\/wp-content\/uploads\/2025\/06\/orb.cirql_lockup_midnightRGB-1-.svg","width":377,"height":113,"caption":"Cirql"},"image":{"@id":"https:\/\/cirqlinnovations.com\/pt-pt\/#\/schema\/logo\/image\/"}}]}},"_links":{"self":[{"href":"https:\/\/cirqlinnovations.com\/pt-pt\/wp-json\/wp\/v2\/pages\/21337","targetHints":{"allow":["GET"]}}],"collection":[{"href":"https:\/\/cirqlinnovations.com\/pt-pt\/wp-json\/wp\/v2\/pages"}],"about":[{"href":"https:\/\/cirqlinnovations.com\/pt-pt\/wp-json\/wp\/v2\/types\/page"}],"author":[{"embeddable":true,"href":"https:\/\/cirqlinnovations.com\/pt-pt\/wp-json\/wp\/v2\/users\/2"}],"replies":[{"embeddable":true,"href":"https:\/\/cirqlinnovations.com\/pt-pt\/wp-json\/wp\/v2\/comments?post=21337"}],"version-history":[{"count":2,"href":"https:\/\/cirqlinnovations.com\/pt-pt\/wp-json\/wp\/v2\/pages\/21337\/revisions"}],"predecessor-version":[{"id":21839,"href":"https:\/\/cirqlinnovations.com\/pt-pt\/wp-json\/wp\/v2\/pages\/21337\/revisions\/21839"}],"wp:attachment":[{"href":"https:\/\/cirqlinnovations.com\/pt-pt\/wp-json\/wp\/v2\/media?parent=21337"}],"curies":[{"name":"wp","href":"https:\/\/api.w.org\/{rel}","templated":true}]}}