{"id":21246,"date":"2025-01-23T18:50:17","date_gmt":"2025-01-23T18:50:17","guid":{"rendered":"https:\/\/cirqlinnovations.com\/politica-de-cookies\/"},"modified":"2025-08-08T15:22:16","modified_gmt":"2025-08-08T15:22:16","slug":"politica-de-cookies","status":"publish","type":"page","link":"https:\/\/cirqlinnovations.com\/pt-pt\/politica-de-cookies\/","title":{"rendered":"Pol\u00edtica de cookies"},"content":{"rendered":"\n<div class=\"wp-block-group is-layout-constrained wp-container-core-group-is-layout-de662d45 wp-block-group-is-layout-constrained\" style=\"padding-top:var(--wp--preset--spacing--lg);padding-right:var(--wp--preset--spacing--xs);padding-bottom:var(--wp--preset--spacing--lg);padding-left:var(--wp--preset--spacing--xs)\">\n<div class=\"wp-block-group is-layout-constrained wp-block-group-is-layout-constrained\">\n<h1 class=\"wp-block-heading has-tertiary-color has-text-color has-link-color has-h-2-font-size wp-elements-ed5a164c7bea1141ae51eb1feda4fbe7\">Pol\u00edtica de cookies do Cirql<\/h1>\n\n\n\n<p class=\"has-accent-color has-text-color has-link-color wp-elements-05d49c49ad20088000a577b94742b2d4\">O Cirql utiliza cookies. Os cookies s\u00e3o ficheiros de texto que s\u00e3o colocados no teu computador pelos s\u00edtios Web que visitas. S\u00e3o utilizados para o funcionamento necess\u00e1rio do s\u00edtio Web, bem como para fornecer informa\u00e7\u00f5es comerciais e de marketing aos propriet\u00e1rios do s\u00edtio.<\/p>\n<\/div>\n\n\n\n<div class=\"wp-block-group is-layout-constrained wp-block-group-is-layout-constrained\">\n<h2 class=\"wp-block-heading has-tertiary-color has-text-color has-link-color has-h-4-font-size wp-elements-61270bf687ed8704e770f346539785a6\">Tipo de cookies que utilizamos:<\/h2>\n\n\n\n<p class=\"has-accent-color has-text-color has-link-color wp-elements-d5a08bd37c2c7f8a3ef334570271dbfb\">Os cookies definidos pela Cirql s\u00e3o designados &#8220;cookies de primeira parte&#8221;. Os cookies definidos por entidades externas s\u00e3o designados &#8220;cookies de terceiros&#8221;. Este s\u00edtio utiliza tanto cookies &#8220;persistentes&#8221; como cookies de &#8220;sess\u00e3o&#8221;: um cookie persistente ser\u00e1 armazenado por um navegador Web e permanecer\u00e1 v\u00e1lido at\u00e9 \u00e0 expira\u00e7\u00e3o de 2 anos, a menos que seja apagado pelo utilizador antes da data de expira\u00e7\u00e3o; um cookie de sess\u00e3o expirar\u00e1 no final da sess\u00e3o do utilizador quando o navegador Web for fechado.<\/p>\n<\/div>\n\n\n\n<div class=\"wp-block-group is-layout-constrained wp-block-group-is-layout-constrained\">\n<h2 class=\"wp-block-heading has-tertiary-color has-text-color has-link-color has-h-4-font-size wp-elements-4d43fb53a7a6bb460a380547f0aff93a\">Os dados que rastreiam:<\/h2>\n\n\n\n<p class=\"has-accent-color has-text-color has-link-color wp-elements-2a6f28289ce2150a5798ef46c4484d54\">Os cookies s\u00e3o utilizados para recolher estat\u00edsticas sobre a forma como os visitantes utilizam o nosso s\u00edtio Web. Utilizamos cookies para controlar a utiliza\u00e7\u00e3o do nosso s\u00edtio e para compreender as prefer\u00eancias do utilizador (como o pa\u00eds e o idioma). Isto permite-nos prestar servi\u00e7os aos nossos clientes e melhorar a sua experi\u00eancia online. Tamb\u00e9m utilizamos cookies para obter informa\u00e7\u00f5es gerais sobre o tr\u00e1fego do site, para identificar tend\u00eancias e obter estat\u00edsticas, e para melhorar o nosso site.   <\/p>\n<\/div>\n\n\n\n<div class=\"wp-block-group is-layout-constrained wp-block-group-is-layout-constrained\">\n<h2 class=\"wp-block-heading has-tertiary-color has-text-color has-link-color has-h-4-font-size wp-elements-50adf464ef1e5ee1feac37dc267baa20\">Finalidade dos cookies que utilizamos:<\/h2>\n\n\n\n<p class=\"has-accent-color has-text-color has-link-color wp-elements-011a228a3d648b3b9163a9046c503f5b\">Quando acedes ao nosso site, pode ser-te pedido que partilhes algumas informa\u00e7\u00f5es b\u00e1sicas sobre ti, que podem incluir o teu nome, nome de utilizador, cidade, localiza\u00e7\u00e3o e\/ou perfil. As informa\u00e7\u00f5es que s\u00e3o partilhadas publicamente por ti podem ser utilizadas pela Cirql para fins promocionais.<\/p>\n<\/div>\n\n\n\n<div class=\"wp-block-group is-layout-constrained wp-block-group-is-layout-constrained\">\n<h2 class=\"wp-block-heading has-tertiary-color has-text-color has-link-color has-h-4-font-size wp-elements-31e2e674ad074a1cdcfb79c747b4f2db\">Com quem s\u00e3o partilhados os dados:<\/h2>\n\n\n\n<p class=\"has-accent-color has-text-color has-link-color wp-elements-0e24bba46b203ea7c79a046e30ee7578\">Os dados recolhidos pelos cookies podem ser utilizados por ag\u00eancias de publicidade de terceiros para melhor personalizar a experi\u00eancia de marketing e monitorizar o tr\u00e1fego do s\u00edtio.<\/p>\n\n\n\n<p class=\"has-accent-color has-text-color has-link-color wp-elements-2eea9e85f6e5d1a92084fbeb3d8f399e\">Utilizamos empresas terceiras, incluindo o Google Analytics, para medir e direcionar an\u00fancios em nosso nome para adaptar os nossos produtos e servi\u00e7os. Permitimos que empresas terceiras utilizem cookies para recolher informa\u00e7\u00f5es sobre a tua intera\u00e7\u00e3o no nosso s\u00edtio Web. <\/p>\n<\/div>\n\n\n\n<div class=\"wp-block-group is-layout-constrained wp-block-group-is-layout-constrained\">\n<h2 class=\"wp-block-heading has-tertiary-color has-text-color has-link-color has-h-4-font-size wp-elements-6bca45d842ca4b0188925bc710361f43\">Gerir cookies:<\/h2>\n\n\n\n<p class=\"has-accent-color has-text-color has-link-color wp-elements-996a0eccedd176e9d0ac8abddf9831b5\">Podes gerir os cookies activando a defini\u00e7\u00e3o no teu navegador de Internet que te permite recusar a defini\u00e7\u00e3o de todos ou alguns cookies.<\/p>\n\n\n\n<p class=\"has-accent-color has-text-color has-link-color wp-elements-8785f336b9da98d370c7a5f0811284b2\">Se quiseres partilhar os teus coment\u00e1rios, quest\u00f5es ou preocupa\u00e7\u00f5es, podes contactar-nos atrav\u00e9s do endere\u00e7o <a href=\"mailto:info@ortholite.com\">info@ortholite.com<\/a><\/p>\n<\/div>\n\n\n\n<div class=\"wp-block-group is-layout-constrained wp-block-group-is-layout-constrained\">\n<h2 class=\"wp-block-heading has-tertiary-color has-text-color has-link-color has-h-4-font-size wp-elements-46a13632d0f6638e49dadd6e96bf0da9\">Altera\u00e7\u00f5es a esta pol\u00edtica de cookies:<\/h2>\n\n\n\n<p class=\"has-accent-color has-text-color has-link-color wp-elements-d1e1e7dd55b77d1e81afc8d0dea16b7f\">Reservamo-nos o direito de alterar a forma como utilizamos e colocamos os cookies. Assim, recomendamos que consultes esta p\u00e1gina periodicamente para rever a nossa pol\u00edtica de cookies atual. <\/p>\n<\/div>\n<\/div>\n","protected":false},"excerpt":{"rendered":"<p>Pol\u00edtica de cookies do Cirql O Cirql utiliza cookies. Os cookies s\u00e3o ficheiros de texto que s\u00e3o colocados no teu computador pelos s\u00edtios Web que visitas. S\u00e3o utilizados para o funcionamento necess\u00e1rio do s\u00edtio Web, bem como para fornecer informa\u00e7\u00f5es comerciais e de marketing aos propriet\u00e1rios do s\u00edtio. Tipo de cookies que utilizamos: Os cookies [&hellip;]<\/p>\n","protected":false},"author":1,"featured_media":22484,"parent":0,"menu_order":0,"comment_status":"closed","ping_status":"closed","template":"","meta":{"_acf_changed":false,"footnotes":""},"class_list":["post-21246","page","type-page","status-publish","has-post-thumbnail","hentry"],"acf":[],"yoast_head":"<!-- This site is optimized with the Yoast SEO plugin v27.4 - https:\/\/yoast.com\/product\/yoast-seo-wordpress\/ -->\n<title>Pol\u00edtica de cookies - Cirql<\/title>\n<meta name=\"robots\" content=\"index, follow, max-snippet:-1, max-image-preview:large, max-video-preview:-1\" \/>\n<link rel=\"canonical\" href=\"https:\/\/cirqlinnovations.com\/pt-pt\/politica-de-cookies\/\" \/>\n<meta property=\"og:locale\" content=\"pt_PT\" \/>\n<meta property=\"og:type\" content=\"article\" \/>\n<meta property=\"og:title\" content=\"Pol\u00edtica de cookies - Cirql\" \/>\n<meta property=\"og:description\" content=\"Pol\u00edtica de cookies do Cirql O Cirql utiliza cookies. Os cookies s\u00e3o ficheiros de texto que s\u00e3o colocados no teu computador pelos s\u00edtios Web que visitas. S\u00e3o utilizados para o funcionamento necess\u00e1rio do s\u00edtio Web, bem como para fornecer informa\u00e7\u00f5es comerciais e de marketing aos propriet\u00e1rios do s\u00edtio. Tipo de cookies que utilizamos: Os cookies [&hellip;]\" \/>\n<meta property=\"og:url\" content=\"https:\/\/cirqlinnovations.com\/pt-pt\/politica-de-cookies\/\" \/>\n<meta property=\"og:site_name\" content=\"Cirql\" \/>\n<meta property=\"article:modified_time\" content=\"2025-08-08T15:22:16+00:00\" \/>\n<meta property=\"og:image\" content=\"https:\/\/cirqlinnovations.com\/wp-content\/uploads\/2025\/05\/android-chrome-512x512-2.png\" \/>\n\t<meta property=\"og:image:width\" content=\"512\" \/>\n\t<meta property=\"og:image:height\" content=\"512\" \/>\n\t<meta property=\"og:image:type\" content=\"image\/png\" \/>\n<meta name=\"twitter:card\" content=\"summary_large_image\" \/>\n<meta name=\"twitter:label1\" content=\"Tempo estimado de leitura\" \/>\n\t<meta name=\"twitter:data1\" content=\"2 minutos\" \/>\n<script type=\"application\/ld+json\" class=\"yoast-schema-graph\">{\"@context\":\"https:\\\/\\\/schema.org\",\"@graph\":[{\"@type\":\"WebPage\",\"@id\":\"https:\\\/\\\/cirqlinnovations.com\\\/pt-pt\\\/politica-de-cookies\\\/\",\"url\":\"https:\\\/\\\/cirqlinnovations.com\\\/pt-pt\\\/politica-de-cookies\\\/\",\"name\":\"Pol\u00edtica de cookies - Cirql\",\"isPartOf\":{\"@id\":\"https:\\\/\\\/cirqlinnovations.com\\\/pt-pt\\\/#website\"},\"primaryImageOfPage\":{\"@id\":\"https:\\\/\\\/cirqlinnovations.com\\\/pt-pt\\\/politica-de-cookies\\\/#primaryimage\"},\"image\":{\"@id\":\"https:\\\/\\\/cirqlinnovations.com\\\/pt-pt\\\/politica-de-cookies\\\/#primaryimage\"},\"thumbnailUrl\":\"https:\\\/\\\/cirqlinnovations.com\\\/wp-content\\\/uploads\\\/2025\\\/05\\\/android-chrome-512x512-2.png\",\"datePublished\":\"2025-01-23T18:50:17+00:00\",\"dateModified\":\"2025-08-08T15:22:16+00:00\",\"breadcrumb\":{\"@id\":\"https:\\\/\\\/cirqlinnovations.com\\\/pt-pt\\\/politica-de-cookies\\\/#breadcrumb\"},\"inLanguage\":\"pt-PT\",\"potentialAction\":[{\"@type\":\"ReadAction\",\"target\":[\"https:\\\/\\\/cirqlinnovations.com\\\/pt-pt\\\/politica-de-cookies\\\/\"]}]},{\"@type\":\"ImageObject\",\"inLanguage\":\"pt-PT\",\"@id\":\"https:\\\/\\\/cirqlinnovations.com\\\/pt-pt\\\/politica-de-cookies\\\/#primaryimage\",\"url\":\"https:\\\/\\\/cirqlinnovations.com\\\/wp-content\\\/uploads\\\/2025\\\/05\\\/android-chrome-512x512-2.png\",\"contentUrl\":\"https:\\\/\\\/cirqlinnovations.com\\\/wp-content\\\/uploads\\\/2025\\\/05\\\/android-chrome-512x512-2.png\",\"width\":512,\"height\":512},{\"@type\":\"BreadcrumbList\",\"@id\":\"https:\\\/\\\/cirqlinnovations.com\\\/pt-pt\\\/politica-de-cookies\\\/#breadcrumb\",\"itemListElement\":[{\"@type\":\"ListItem\",\"position\":1,\"name\":\"Home\",\"item\":\"https:\\\/\\\/cirqlinnovations.com\\\/pt-pt\\\/circulo\\\/\"},{\"@type\":\"ListItem\",\"position\":2,\"name\":\"Pol\u00edtica de cookies\"}]},{\"@type\":\"WebSite\",\"@id\":\"https:\\\/\\\/cirqlinnovations.com\\\/pt-pt\\\/#website\",\"url\":\"https:\\\/\\\/cirqlinnovations.com\\\/pt-pt\\\/\",\"name\":\"Cirql\",\"description\":\"\",\"publisher\":{\"@id\":\"https:\\\/\\\/cirqlinnovations.com\\\/pt-pt\\\/#organization\"},\"potentialAction\":[{\"@type\":\"SearchAction\",\"target\":{\"@type\":\"EntryPoint\",\"urlTemplate\":\"https:\\\/\\\/cirqlinnovations.com\\\/pt-pt\\\/?s={search_term_string}\"},\"query-input\":{\"@type\":\"PropertyValueSpecification\",\"valueRequired\":true,\"valueName\":\"search_term_string\"}}],\"inLanguage\":\"pt-PT\"},{\"@type\":\"Organization\",\"@id\":\"https:\\\/\\\/cirqlinnovations.com\\\/pt-pt\\\/#organization\",\"name\":\"Cirql\",\"url\":\"https:\\\/\\\/cirqlinnovations.com\\\/pt-pt\\\/\",\"logo\":{\"@type\":\"ImageObject\",\"inLanguage\":\"pt-PT\",\"@id\":\"https:\\\/\\\/cirqlinnovations.com\\\/pt-pt\\\/#\\\/schema\\\/logo\\\/image\\\/\",\"url\":\"https:\\\/\\\/cirqlinnovations.com\\\/wp-content\\\/uploads\\\/2025\\\/06\\\/orb.cirql_lockup_midnightRGB-1-.svg\",\"contentUrl\":\"https:\\\/\\\/cirqlinnovations.com\\\/wp-content\\\/uploads\\\/2025\\\/06\\\/orb.cirql_lockup_midnightRGB-1-.svg\",\"width\":377,\"height\":113,\"caption\":\"Cirql\"},\"image\":{\"@id\":\"https:\\\/\\\/cirqlinnovations.com\\\/pt-pt\\\/#\\\/schema\\\/logo\\\/image\\\/\"}}]}<\/script>\n<!-- \/ Yoast SEO plugin. -->","yoast_head_json":{"title":"Pol\u00edtica de cookies - Cirql","robots":{"index":"index","follow":"follow","max-snippet":"max-snippet:-1","max-image-preview":"max-image-preview:large","max-video-preview":"max-video-preview:-1"},"canonical":"https:\/\/cirqlinnovations.com\/pt-pt\/politica-de-cookies\/","og_locale":"pt_PT","og_type":"article","og_title":"Pol\u00edtica de cookies - Cirql","og_description":"Pol\u00edtica de cookies do Cirql O Cirql utiliza cookies. Os cookies s\u00e3o ficheiros de texto que s\u00e3o colocados no teu computador pelos s\u00edtios Web que visitas. S\u00e3o utilizados para o funcionamento necess\u00e1rio do s\u00edtio Web, bem como para fornecer informa\u00e7\u00f5es comerciais e de marketing aos propriet\u00e1rios do s\u00edtio. Tipo de cookies que utilizamos: Os cookies [&hellip;]","og_url":"https:\/\/cirqlinnovations.com\/pt-pt\/politica-de-cookies\/","og_site_name":"Cirql","article_modified_time":"2025-08-08T15:22:16+00:00","og_image":[{"width":512,"height":512,"url":"https:\/\/cirqlinnovations.com\/wp-content\/uploads\/2025\/05\/android-chrome-512x512-2.png","type":"image\/png"}],"twitter_card":"summary_large_image","twitter_misc":{"Tempo estimado de leitura":"2 minutos"},"schema":{"@context":"https:\/\/schema.org","@graph":[{"@type":"WebPage","@id":"https:\/\/cirqlinnovations.com\/pt-pt\/politica-de-cookies\/","url":"https:\/\/cirqlinnovations.com\/pt-pt\/politica-de-cookies\/","name":"Pol\u00edtica de cookies - Cirql","isPartOf":{"@id":"https:\/\/cirqlinnovations.com\/pt-pt\/#website"},"primaryImageOfPage":{"@id":"https:\/\/cirqlinnovations.com\/pt-pt\/politica-de-cookies\/#primaryimage"},"image":{"@id":"https:\/\/cirqlinnovations.com\/pt-pt\/politica-de-cookies\/#primaryimage"},"thumbnailUrl":"https:\/\/cirqlinnovations.com\/wp-content\/uploads\/2025\/05\/android-chrome-512x512-2.png","datePublished":"2025-01-23T18:50:17+00:00","dateModified":"2025-08-08T15:22:16+00:00","breadcrumb":{"@id":"https:\/\/cirqlinnovations.com\/pt-pt\/politica-de-cookies\/#breadcrumb"},"inLanguage":"pt-PT","potentialAction":[{"@type":"ReadAction","target":["https:\/\/cirqlinnovations.com\/pt-pt\/politica-de-cookies\/"]}]},{"@type":"ImageObject","inLanguage":"pt-PT","@id":"https:\/\/cirqlinnovations.com\/pt-pt\/politica-de-cookies\/#primaryimage","url":"https:\/\/cirqlinnovations.com\/wp-content\/uploads\/2025\/05\/android-chrome-512x512-2.png","contentUrl":"https:\/\/cirqlinnovations.com\/wp-content\/uploads\/2025\/05\/android-chrome-512x512-2.png","width":512,"height":512},{"@type":"BreadcrumbList","@id":"https:\/\/cirqlinnovations.com\/pt-pt\/politica-de-cookies\/#breadcrumb","itemListElement":[{"@type":"ListItem","position":1,"name":"Home","item":"https:\/\/cirqlinnovations.com\/pt-pt\/circulo\/"},{"@type":"ListItem","position":2,"name":"Pol\u00edtica de cookies"}]},{"@type":"WebSite","@id":"https:\/\/cirqlinnovations.com\/pt-pt\/#website","url":"https:\/\/cirqlinnovations.com\/pt-pt\/","name":"Cirql","description":"","publisher":{"@id":"https:\/\/cirqlinnovations.com\/pt-pt\/#organization"},"potentialAction":[{"@type":"SearchAction","target":{"@type":"EntryPoint","urlTemplate":"https:\/\/cirqlinnovations.com\/pt-pt\/?s={search_term_string}"},"query-input":{"@type":"PropertyValueSpecification","valueRequired":true,"valueName":"search_term_string"}}],"inLanguage":"pt-PT"},{"@type":"Organization","@id":"https:\/\/cirqlinnovations.com\/pt-pt\/#organization","name":"Cirql","url":"https:\/\/cirqlinnovations.com\/pt-pt\/","logo":{"@type":"ImageObject","inLanguage":"pt-PT","@id":"https:\/\/cirqlinnovations.com\/pt-pt\/#\/schema\/logo\/image\/","url":"https:\/\/cirqlinnovations.com\/wp-content\/uploads\/2025\/06\/orb.cirql_lockup_midnightRGB-1-.svg","contentUrl":"https:\/\/cirqlinnovations.com\/wp-content\/uploads\/2025\/06\/orb.cirql_lockup_midnightRGB-1-.svg","width":377,"height":113,"caption":"Cirql"},"image":{"@id":"https:\/\/cirqlinnovations.com\/pt-pt\/#\/schema\/logo\/image\/"}}]}},"_links":{"self":[{"href":"https:\/\/cirqlinnovations.com\/pt-pt\/wp-json\/wp\/v2\/pages\/21246","targetHints":{"allow":["GET"]}}],"collection":[{"href":"https:\/\/cirqlinnovations.com\/pt-pt\/wp-json\/wp\/v2\/pages"}],"about":[{"href":"https:\/\/cirqlinnovations.com\/pt-pt\/wp-json\/wp\/v2\/types\/page"}],"author":[{"embeddable":true,"href":"https:\/\/cirqlinnovations.com\/pt-pt\/wp-json\/wp\/v2\/users\/1"}],"replies":[{"embeddable":true,"href":"https:\/\/cirqlinnovations.com\/pt-pt\/wp-json\/wp\/v2\/comments?post=21246"}],"version-history":[{"count":2,"href":"https:\/\/cirqlinnovations.com\/pt-pt\/wp-json\/wp\/v2\/pages\/21246\/revisions"}],"predecessor-version":[{"id":22524,"href":"https:\/\/cirqlinnovations.com\/pt-pt\/wp-json\/wp\/v2\/pages\/21246\/revisions\/22524"}],"wp:featuredmedia":[{"embeddable":true,"href":"https:\/\/cirqlinnovations.com\/pt-pt\/wp-json\/wp\/v2\/media\/22484"}],"wp:attachment":[{"href":"https:\/\/cirqlinnovations.com\/pt-pt\/wp-json\/wp\/v2\/media?parent=21246"}],"curies":[{"name":"wp","href":"https:\/\/api.w.org\/{rel}","templated":true}]}}