{"id":21244,"date":"2025-01-23T18:50:17","date_gmt":"2025-01-23T18:50:17","guid":{"rendered":"https:\/\/cirqlinnovations.com\/politica-de-cookies\/"},"modified":"2025-08-08T15:22:16","modified_gmt":"2025-08-08T15:22:16","slug":"politica-de-cookies","status":"publish","type":"page","link":"https:\/\/cirqlinnovations.com\/pt-br\/politica-de-cookies\/","title":{"rendered":"Pol\u00edtica de cookies"},"content":{"rendered":"\n<div class=\"wp-block-group is-layout-constrained wp-container-core-group-is-layout-de662d45 wp-block-group-is-layout-constrained\" style=\"padding-top:var(--wp--preset--spacing--lg);padding-right:var(--wp--preset--spacing--xs);padding-bottom:var(--wp--preset--spacing--lg);padding-left:var(--wp--preset--spacing--xs)\">\n<div class=\"wp-block-group is-layout-constrained wp-block-group-is-layout-constrained\">\n<h1 class=\"wp-block-heading has-tertiary-color has-text-color has-link-color has-h-2-font-size wp-elements-ed5a164c7bea1141ae51eb1feda4fbe7\">Pol\u00edtica de cookies do Cirql<\/h1>\n\n\n\n<p class=\"has-accent-color has-text-color has-link-color wp-elements-e6641622edbff3560ef95d6e86bfaeb2\">O Cirql usa cookies. Cookies s\u00e3o arquivos de texto que s\u00e3o colocados em seu computador pelos sites que voc\u00ea visita. Eles s\u00e3o usados para o funcionamento necess\u00e1rio do site, bem como para fornecer informa\u00e7\u00f5es comerciais e de marketing aos propriet\u00e1rios do site.  <\/p>\n<\/div>\n\n\n\n<div class=\"wp-block-group is-layout-constrained wp-block-group-is-layout-constrained\">\n<h2 class=\"wp-block-heading has-tertiary-color has-text-color has-link-color has-h-4-font-size wp-elements-dfa747c7a712e75b0e7a5bdb93a5fe90\">Tipos de cookies que usamos:<\/h2>\n\n\n\n<p class=\"has-accent-color has-text-color has-link-color wp-elements-b8a0ae86746d08690d441620f80aa343\">Os cookies definidos pela Cirql s\u00e3o chamados de &#8220;cookies prim\u00e1rios&#8221;. Os cookies definidos por terceiros s\u00e3o chamados de &#8220;cookies de terceiros&#8221;. Este site usa cookies &#8220;persistentes&#8221; e cookies de &#8220;sess\u00e3o&#8221;: um cookie persistente ser\u00e1 armazenado por um navegador da Web e permanecer\u00e1 v\u00e1lido at\u00e9 a expira\u00e7\u00e3o de 2 anos, a menos que seja exclu\u00eddo pelo usu\u00e1rio antes da data de expira\u00e7\u00e3o; um cookie de sess\u00e3o expirar\u00e1 no final da sess\u00e3o do usu\u00e1rio quando o navegador da Web for fechado.  <\/p>\n<\/div>\n\n\n\n<div class=\"wp-block-group is-layout-constrained wp-block-group-is-layout-constrained\">\n<h2 class=\"wp-block-heading has-tertiary-color has-text-color has-link-color has-h-4-font-size wp-elements-ee4d09a0ec991c3aa93ae2650b62e7df\">Os dados que eles rastreiam:<\/h2>\n\n\n\n<p class=\"has-accent-color has-text-color has-link-color wp-elements-78ce7c6dc986286ce412e20bad8e503f\">Os cookies s\u00e3o usados para coletar estat\u00edsticas sobre como os visitantes usam nosso site. Usamos cookies para rastrear o uso do nosso site e entender as prefer\u00eancias do usu\u00e1rio (como pa\u00eds e idioma). Isso nos permite prestar servi\u00e7os aos nossos clientes e aprimorar sua experi\u00eancia on-line. Tamb\u00e9m usamos cookies para obter informa\u00e7\u00f5es gerais sobre o tr\u00e1fego do site, para identificar tend\u00eancias e obter estat\u00edsticas, e para aprimorar nosso site.   <\/p>\n<\/div>\n\n\n\n<div class=\"wp-block-group is-layout-constrained wp-block-group-is-layout-constrained\">\n<h2 class=\"wp-block-heading has-tertiary-color has-text-color has-link-color has-h-4-font-size wp-elements-bbf1426e71cfd63654ddddaf5ae7d909\">Finalidade dos cookies que usamos:<\/h2>\n\n\n\n<p class=\"has-accent-color has-text-color has-link-color wp-elements-1fb5dd7d5b1406f3ca874823ff8e1f1f\">Ao acessar nosso site, voc\u00ea pode ser solicitado a compartilhar algumas informa\u00e7\u00f5es b\u00e1sicas sobre si mesmo, que podem incluir seu nome, nome de usu\u00e1rio, cidade, local e\/ou perfil. As informa\u00e7\u00f5es que s\u00e3o compartilhadas publicamente por voc\u00ea podem ser usadas pela Cirql para fins promocionais. <\/p>\n<\/div>\n\n\n\n<div class=\"wp-block-group is-layout-constrained wp-block-group-is-layout-constrained\">\n<h2 class=\"wp-block-heading has-tertiary-color has-text-color has-link-color has-h-4-font-size wp-elements-1b87603b578dce34ae1ffa02402da62c\">Com quem os dados s\u00e3o compartilhados:<\/h2>\n\n\n\n<p class=\"has-accent-color has-text-color has-link-color wp-elements-779218a04fff7467fe12328b34c8dd12\">Os dados coletados dos cookies podem ser usados por ag\u00eancias de publicidade terceirizadas para personalizar melhor a experi\u00eancia de marketing e monitorar o tr\u00e1fego do site.<\/p>\n\n\n\n<p class=\"has-accent-color has-text-color has-link-color wp-elements-2d3bcf1db9249ba3134bac30551fd73b\">Usamos empresas terceirizadas, inclusive o Google Analytics, para medir e direcionar an\u00fancios em nosso nome para personalizar nossos produtos e servi\u00e7os. Permitimos que empresas terceirizadas usem cookies para coletar informa\u00e7\u00f5es sobre sua intera\u00e7\u00e3o em nosso site. <\/p>\n<\/div>\n\n\n\n<div class=\"wp-block-group is-layout-constrained wp-block-group-is-layout-constrained\">\n<h2 class=\"wp-block-heading has-tertiary-color has-text-color has-link-color has-h-4-font-size wp-elements-d79d139fdb03cf1c7ed8aa31c4a58f61\">Gerenciar cookies:<\/h2>\n\n\n\n<p class=\"has-accent-color has-text-color has-link-color wp-elements-bed03c4ba3f37a5053b12f5c309f3424\">Voc\u00ea pode gerenciar os cookies ativando a configura\u00e7\u00e3o no seu navegador da Internet que permite recusar a configura\u00e7\u00e3o de todos ou de alguns cookies.<\/p>\n\n\n\n<p class=\"has-accent-color has-text-color has-link-color wp-elements-49342f75ca2eef104cb3123de151ea5f\">Se quiser compartilhar seus coment\u00e1rios, d\u00favidas ou preocupa\u00e7\u00f5es, voc\u00ea pode entrar em contato conosco pelo <a href=\"mailto:info@ortholite.com\">e-mail info@ortholite.com<\/a><\/p>\n<\/div>\n\n\n\n<div class=\"wp-block-group is-layout-constrained wp-block-group-is-layout-constrained\">\n<h2 class=\"wp-block-heading has-tertiary-color has-text-color has-link-color has-h-4-font-size wp-elements-46a13632d0f6638e49dadd6e96bf0da9\">Altera\u00e7\u00f5es a esta pol\u00edtica de cookies:<\/h2>\n\n\n\n<p class=\"has-accent-color has-text-color has-link-color wp-elements-4358a877ece311e9b703a8c2f85f168c\">N\u00f3s nos reservamos o direito de alterar a forma como usamos e colocamos os cookies. Por isso, recomendamos que voc\u00ea consulte esta p\u00e1gina periodicamente para revisar nossa pol\u00edtica de cookies atual. <\/p>\n<\/div>\n<\/div>\n","protected":false},"excerpt":{"rendered":"<p>Pol\u00edtica de cookies do Cirql O Cirql usa cookies. Cookies s\u00e3o arquivos de texto que s\u00e3o colocados em seu computador pelos sites que voc\u00ea visita. Eles s\u00e3o usados para o funcionamento necess\u00e1rio do site, bem como para fornecer informa\u00e7\u00f5es comerciais e de marketing aos propriet\u00e1rios do site. Tipos de cookies que usamos: Os cookies definidos [&hellip;]<\/p>\n","protected":false},"author":1,"featured_media":22483,"parent":0,"menu_order":0,"comment_status":"closed","ping_status":"closed","template":"","meta":{"_acf_changed":false,"footnotes":""},"class_list":["post-21244","page","type-page","status-publish","has-post-thumbnail","hentry"],"acf":[],"yoast_head":"<!-- This site is optimized with the Yoast SEO plugin v27.4 - https:\/\/yoast.com\/product\/yoast-seo-wordpress\/ -->\n<title>Pol\u00edtica de cookies - Cirql<\/title>\n<meta name=\"robots\" content=\"index, follow, max-snippet:-1, max-image-preview:large, max-video-preview:-1\" \/>\n<link rel=\"canonical\" href=\"https:\/\/cirqlinnovations.com\/pt-br\/politica-de-cookies\/\" \/>\n<meta property=\"og:locale\" content=\"pt_BR\" \/>\n<meta property=\"og:type\" content=\"article\" \/>\n<meta property=\"og:title\" content=\"Pol\u00edtica de cookies - Cirql\" \/>\n<meta property=\"og:description\" content=\"Pol\u00edtica de cookies do Cirql O Cirql usa cookies. Cookies s\u00e3o arquivos de texto que s\u00e3o colocados em seu computador pelos sites que voc\u00ea visita. Eles s\u00e3o usados para o funcionamento necess\u00e1rio do site, bem como para fornecer informa\u00e7\u00f5es comerciais e de marketing aos propriet\u00e1rios do site. Tipos de cookies que usamos: Os cookies definidos [&hellip;]\" \/>\n<meta property=\"og:url\" content=\"https:\/\/cirqlinnovations.com\/pt-br\/politica-de-cookies\/\" \/>\n<meta property=\"og:site_name\" content=\"Cirql\" \/>\n<meta property=\"article:modified_time\" content=\"2025-08-08T15:22:16+00:00\" \/>\n<meta property=\"og:image\" content=\"https:\/\/cirqlinnovations.com\/wp-content\/uploads\/2025\/05\/android-chrome-512x512-2.png\" \/>\n\t<meta property=\"og:image:width\" content=\"512\" \/>\n\t<meta property=\"og:image:height\" content=\"512\" \/>\n\t<meta property=\"og:image:type\" content=\"image\/png\" \/>\n<meta name=\"twitter:card\" content=\"summary_large_image\" \/>\n<meta name=\"twitter:label1\" content=\"Est. tempo de leitura\" \/>\n\t<meta name=\"twitter:data1\" content=\"2 minutos\" \/>\n<script type=\"application\/ld+json\" class=\"yoast-schema-graph\">{\"@context\":\"https:\\\/\\\/schema.org\",\"@graph\":[{\"@type\":\"WebPage\",\"@id\":\"https:\\\/\\\/cirqlinnovations.com\\\/pt-br\\\/politica-de-cookies\\\/\",\"url\":\"https:\\\/\\\/cirqlinnovations.com\\\/pt-br\\\/politica-de-cookies\\\/\",\"name\":\"Pol\u00edtica de cookies - Cirql\",\"isPartOf\":{\"@id\":\"https:\\\/\\\/cirqlinnovations.com\\\/pt-br\\\/#website\"},\"primaryImageOfPage\":{\"@id\":\"https:\\\/\\\/cirqlinnovations.com\\\/pt-br\\\/politica-de-cookies\\\/#primaryimage\"},\"image\":{\"@id\":\"https:\\\/\\\/cirqlinnovations.com\\\/pt-br\\\/politica-de-cookies\\\/#primaryimage\"},\"thumbnailUrl\":\"https:\\\/\\\/cirqlinnovations.com\\\/wp-content\\\/uploads\\\/2025\\\/05\\\/android-chrome-512x512-2.png\",\"datePublished\":\"2025-01-23T18:50:17+00:00\",\"dateModified\":\"2025-08-08T15:22:16+00:00\",\"breadcrumb\":{\"@id\":\"https:\\\/\\\/cirqlinnovations.com\\\/pt-br\\\/politica-de-cookies\\\/#breadcrumb\"},\"inLanguage\":\"pt-BR\",\"potentialAction\":[{\"@type\":\"ReadAction\",\"target\":[\"https:\\\/\\\/cirqlinnovations.com\\\/pt-br\\\/politica-de-cookies\\\/\"]}]},{\"@type\":\"ImageObject\",\"inLanguage\":\"pt-BR\",\"@id\":\"https:\\\/\\\/cirqlinnovations.com\\\/pt-br\\\/politica-de-cookies\\\/#primaryimage\",\"url\":\"https:\\\/\\\/cirqlinnovations.com\\\/wp-content\\\/uploads\\\/2025\\\/05\\\/android-chrome-512x512-2.png\",\"contentUrl\":\"https:\\\/\\\/cirqlinnovations.com\\\/wp-content\\\/uploads\\\/2025\\\/05\\\/android-chrome-512x512-2.png\",\"width\":512,\"height\":512},{\"@type\":\"BreadcrumbList\",\"@id\":\"https:\\\/\\\/cirqlinnovations.com\\\/pt-br\\\/politica-de-cookies\\\/#breadcrumb\",\"itemListElement\":[{\"@type\":\"ListItem\",\"position\":1,\"name\":\"Home\",\"item\":\"https:\\\/\\\/cirqlinnovations.com\\\/pt-br\\\/circulo\\\/\"},{\"@type\":\"ListItem\",\"position\":2,\"name\":\"Pol\u00edtica de cookies\"}]},{\"@type\":\"WebSite\",\"@id\":\"https:\\\/\\\/cirqlinnovations.com\\\/pt-br\\\/#website\",\"url\":\"https:\\\/\\\/cirqlinnovations.com\\\/pt-br\\\/\",\"name\":\"Cirql\",\"description\":\"\",\"publisher\":{\"@id\":\"https:\\\/\\\/cirqlinnovations.com\\\/pt-br\\\/#organization\"},\"potentialAction\":[{\"@type\":\"SearchAction\",\"target\":{\"@type\":\"EntryPoint\",\"urlTemplate\":\"https:\\\/\\\/cirqlinnovations.com\\\/pt-br\\\/?s={search_term_string}\"},\"query-input\":{\"@type\":\"PropertyValueSpecification\",\"valueRequired\":true,\"valueName\":\"search_term_string\"}}],\"inLanguage\":\"pt-BR\"},{\"@type\":\"Organization\",\"@id\":\"https:\\\/\\\/cirqlinnovations.com\\\/pt-br\\\/#organization\",\"name\":\"Cirql\",\"url\":\"https:\\\/\\\/cirqlinnovations.com\\\/pt-br\\\/\",\"logo\":{\"@type\":\"ImageObject\",\"inLanguage\":\"pt-BR\",\"@id\":\"https:\\\/\\\/cirqlinnovations.com\\\/pt-br\\\/#\\\/schema\\\/logo\\\/image\\\/\",\"url\":\"https:\\\/\\\/cirqlinnovations.com\\\/wp-content\\\/uploads\\\/2025\\\/06\\\/orb.cirql_lockup_midnightRGB-1-.svg\",\"contentUrl\":\"https:\\\/\\\/cirqlinnovations.com\\\/wp-content\\\/uploads\\\/2025\\\/06\\\/orb.cirql_lockup_midnightRGB-1-.svg\",\"width\":377,\"height\":113,\"caption\":\"Cirql\"},\"image\":{\"@id\":\"https:\\\/\\\/cirqlinnovations.com\\\/pt-br\\\/#\\\/schema\\\/logo\\\/image\\\/\"}}]}<\/script>\n<!-- \/ Yoast SEO plugin. -->","yoast_head_json":{"title":"Pol\u00edtica de cookies - Cirql","robots":{"index":"index","follow":"follow","max-snippet":"max-snippet:-1","max-image-preview":"max-image-preview:large","max-video-preview":"max-video-preview:-1"},"canonical":"https:\/\/cirqlinnovations.com\/pt-br\/politica-de-cookies\/","og_locale":"pt_BR","og_type":"article","og_title":"Pol\u00edtica de cookies - Cirql","og_description":"Pol\u00edtica de cookies do Cirql O Cirql usa cookies. Cookies s\u00e3o arquivos de texto que s\u00e3o colocados em seu computador pelos sites que voc\u00ea visita. Eles s\u00e3o usados para o funcionamento necess\u00e1rio do site, bem como para fornecer informa\u00e7\u00f5es comerciais e de marketing aos propriet\u00e1rios do site. Tipos de cookies que usamos: Os cookies definidos [&hellip;]","og_url":"https:\/\/cirqlinnovations.com\/pt-br\/politica-de-cookies\/","og_site_name":"Cirql","article_modified_time":"2025-08-08T15:22:16+00:00","og_image":[{"width":512,"height":512,"url":"https:\/\/cirqlinnovations.com\/wp-content\/uploads\/2025\/05\/android-chrome-512x512-2.png","type":"image\/png"}],"twitter_card":"summary_large_image","twitter_misc":{"Est. tempo de leitura":"2 minutos"},"schema":{"@context":"https:\/\/schema.org","@graph":[{"@type":"WebPage","@id":"https:\/\/cirqlinnovations.com\/pt-br\/politica-de-cookies\/","url":"https:\/\/cirqlinnovations.com\/pt-br\/politica-de-cookies\/","name":"Pol\u00edtica de cookies - Cirql","isPartOf":{"@id":"https:\/\/cirqlinnovations.com\/pt-br\/#website"},"primaryImageOfPage":{"@id":"https:\/\/cirqlinnovations.com\/pt-br\/politica-de-cookies\/#primaryimage"},"image":{"@id":"https:\/\/cirqlinnovations.com\/pt-br\/politica-de-cookies\/#primaryimage"},"thumbnailUrl":"https:\/\/cirqlinnovations.com\/wp-content\/uploads\/2025\/05\/android-chrome-512x512-2.png","datePublished":"2025-01-23T18:50:17+00:00","dateModified":"2025-08-08T15:22:16+00:00","breadcrumb":{"@id":"https:\/\/cirqlinnovations.com\/pt-br\/politica-de-cookies\/#breadcrumb"},"inLanguage":"pt-BR","potentialAction":[{"@type":"ReadAction","target":["https:\/\/cirqlinnovations.com\/pt-br\/politica-de-cookies\/"]}]},{"@type":"ImageObject","inLanguage":"pt-BR","@id":"https:\/\/cirqlinnovations.com\/pt-br\/politica-de-cookies\/#primaryimage","url":"https:\/\/cirqlinnovations.com\/wp-content\/uploads\/2025\/05\/android-chrome-512x512-2.png","contentUrl":"https:\/\/cirqlinnovations.com\/wp-content\/uploads\/2025\/05\/android-chrome-512x512-2.png","width":512,"height":512},{"@type":"BreadcrumbList","@id":"https:\/\/cirqlinnovations.com\/pt-br\/politica-de-cookies\/#breadcrumb","itemListElement":[{"@type":"ListItem","position":1,"name":"Home","item":"https:\/\/cirqlinnovations.com\/pt-br\/circulo\/"},{"@type":"ListItem","position":2,"name":"Pol\u00edtica de cookies"}]},{"@type":"WebSite","@id":"https:\/\/cirqlinnovations.com\/pt-br\/#website","url":"https:\/\/cirqlinnovations.com\/pt-br\/","name":"Cirql","description":"","publisher":{"@id":"https:\/\/cirqlinnovations.com\/pt-br\/#organization"},"potentialAction":[{"@type":"SearchAction","target":{"@type":"EntryPoint","urlTemplate":"https:\/\/cirqlinnovations.com\/pt-br\/?s={search_term_string}"},"query-input":{"@type":"PropertyValueSpecification","valueRequired":true,"valueName":"search_term_string"}}],"inLanguage":"pt-BR"},{"@type":"Organization","@id":"https:\/\/cirqlinnovations.com\/pt-br\/#organization","name":"Cirql","url":"https:\/\/cirqlinnovations.com\/pt-br\/","logo":{"@type":"ImageObject","inLanguage":"pt-BR","@id":"https:\/\/cirqlinnovations.com\/pt-br\/#\/schema\/logo\/image\/","url":"https:\/\/cirqlinnovations.com\/wp-content\/uploads\/2025\/06\/orb.cirql_lockup_midnightRGB-1-.svg","contentUrl":"https:\/\/cirqlinnovations.com\/wp-content\/uploads\/2025\/06\/orb.cirql_lockup_midnightRGB-1-.svg","width":377,"height":113,"caption":"Cirql"},"image":{"@id":"https:\/\/cirqlinnovations.com\/pt-br\/#\/schema\/logo\/image\/"}}]}},"_links":{"self":[{"href":"https:\/\/cirqlinnovations.com\/pt-br\/wp-json\/wp\/v2\/pages\/21244","targetHints":{"allow":["GET"]}}],"collection":[{"href":"https:\/\/cirqlinnovations.com\/pt-br\/wp-json\/wp\/v2\/pages"}],"about":[{"href":"https:\/\/cirqlinnovations.com\/pt-br\/wp-json\/wp\/v2\/types\/page"}],"author":[{"embeddable":true,"href":"https:\/\/cirqlinnovations.com\/pt-br\/wp-json\/wp\/v2\/users\/1"}],"replies":[{"embeddable":true,"href":"https:\/\/cirqlinnovations.com\/pt-br\/wp-json\/wp\/v2\/comments?post=21244"}],"version-history":[{"count":2,"href":"https:\/\/cirqlinnovations.com\/pt-br\/wp-json\/wp\/v2\/pages\/21244\/revisions"}],"predecessor-version":[{"id":22529,"href":"https:\/\/cirqlinnovations.com\/pt-br\/wp-json\/wp\/v2\/pages\/21244\/revisions\/22529"}],"wp:featuredmedia":[{"embeddable":true,"href":"https:\/\/cirqlinnovations.com\/pt-br\/wp-json\/wp\/v2\/media\/22483"}],"wp:attachment":[{"href":"https:\/\/cirqlinnovations.com\/pt-br\/wp-json\/wp\/v2\/media?parent=21244"}],"curies":[{"name":"wp","href":"https:\/\/api.w.org\/{rel}","templated":true}]}}