{"id":21130,"date":"2025-03-07T16:40:59","date_gmt":"2025-03-07T16:40:59","guid":{"rendered":"https:\/\/cirqlinnovations.com\/esqui-3d\/"},"modified":"2025-04-11T07:24:39","modified_gmt":"2025-04-11T07:24:39","slug":"esqui-3d","status":"publish","type":"page","link":"https:\/\/cirqlinnovations.com\/pt-br\/esqui-3d\/","title":{"rendered":"Esqui 3D"},"content":{"rendered":"\n<div class=\"wp-block-group has-primary-background-color has-background is-layout-constrained wp-container-core-group-is-layout-dc719497 wp-block-group-is-layout-constrained\" style=\"padding-top:var(--wp--preset--spacing--md);padding-right:var(--wp--preset--spacing--xxs);padding-bottom:var(--wp--preset--spacing--md);padding-left:var(--wp--preset--spacing--xxs);background-image:url(&apos;https:\/\/cirqlinnovations.com\/wp-content\/uploads\/2025\/02\/dark-blue-background.png&apos;);background-size:cover;\">\n<div class=\"wp-block-group is-content-justification-left is-layout-flex wp-container-core-group-is-layout-20bfc4c6 wp-block-group-is-layout-flex\" style=\"padding-right:0;padding-left:0\">\n<figure class=\"wp-block-image size-full is-resized\"><img loading=\"lazy\" decoding=\"async\" width=\"73\" height=\"33\" src=\"https:\/\/cirqlinnovations.com\/wp-content\/uploads\/2025\/03\/Ortholite-3DSkive-white.svg\" alt=\"\" class=\"wp-image-18998\" style=\"width:auto;height:120px\"\/><\/figure>\n<\/div>\n<\/div>\n\n\n\n<div class=\"wp-block-group has-background is-layout-constrained wp-container-core-group-is-layout-aa362e2d wp-block-group-is-layout-constrained\" style=\"background:linear-gradient(135deg,rgba(255,255,255,0) 69%,rgb(232,240,250) 100%);margin-top:-200px;padding-top:var(--wp--preset--spacing--md);padding-right:var(--wp--preset--spacing--xs);padding-bottom:var(--wp--preset--spacing--md);padding-left:var(--wp--preset--spacing--xs)\">\n<div class=\"wp-block-columns is-style-sticky-r-columns is-layout-flex wp-container-core-columns-is-layout-4b12e7ec wp-block-columns-is-layout-flex\">\n<div class=\"wp-block-column is-layout-flow wp-block-column-is-layout-flow\" style=\"padding-top:10rem\">\n<div class=\"wp-block-group is-layout-constrained wp-container-core-group-is-layout-3156e74c wp-block-group-is-layout-constrained\">\n<div class=\"wp-block-group is-layout-constrained wp-block-group-is-layout-constrained\">\n<div class=\"wp-block-group is-content-justification-left is-nowrap is-layout-flex wp-container-core-group-is-layout-a5411a34 wp-block-group-is-layout-flex\">\n<figure class=\"wp-block-image size-full is-resized\"><img loading=\"lazy\" decoding=\"async\" width=\"100\" height=\"100\" src=\"https:\/\/cirqlinnovations.com\/wp-content\/uploads\/2025\/02\/OLT_Eco-icon_65k.svg\" alt=\"\" class=\"wp-image-16679\" style=\"width:80px\"\/><\/figure>\n<\/div>\n\n\n\n<h1 class=\"wp-block-heading has-h-3-font-size\" style=\"font-style:normal;font-weight:500;letter-spacing:0px;text-transform:capitalize\"><br>3DSkive\u2122: Tecnologia vis\u00edvel com conforto instant\u00e2neo<\/h1>\n\n\n\n<p class=\"is-style-default has-default-paragraph-font-size\">O OrthoLite<sup>\u00ae<\/sup> 3D Skive\u2122 apresenta uma tecnologia exclusiva de conforto e desempenho para ampliar o amortecimento e a circula\u00e7\u00e3o de ar sob os p\u00e9s.<\/p>\n\n\n\n<div class=\"wp-block-buttons is-layout-flex wp-block-buttons-is-layout-flex\">\n<div class=\"wp-block-button\"><a class=\"wp-block-button__link wp-element-button\" href=\"https:\/\/cirqlinnovations.com\/wp-content\/uploads\/2025\/03\/3D-Skive-Tech-Sheet.pdf\" target=\"_blank\" rel=\"noreferrer noopener\">download da ficha t\u00e9cnica<\/a><\/div>\n<\/div>\n<\/div>\n\n\n\n<div class=\"wp-block-group is-layout-constrained wp-block-group-is-layout-constrained\">\n<h2 class=\"wp-block-heading has-h-5-font-size\">Resumo do produto<\/h2>\n\n\n\n<div class=\"wp-block-group is-layout-constrained wp-container-core-group-is-layout-19e250f3 wp-block-group-is-layout-constrained\">\n<p class=\"is-style-default\">A aplica\u00e7\u00e3o do OrthoLite<sup>\u00ae<\/sup> 3D Skive\u2122 \u00e9 uma tecnologia de corte 3D exclusiva que utiliza um padr\u00e3o geom\u00e9trico em forma de onda ou de crista de ovo, proporcionando maior conforto na pisada e melhor circula\u00e7\u00e3o de ar sob os p\u00e9s.<\/p>\n\n\n\n<p>O amortecimento texturizado proporciona excelente conforto de massagem e cria a sensa\u00e7\u00e3o de voc\u00ea estar andando no ar. Os picos e vales de 3 mm mant\u00eam sua forma ao longo do tempo, maximizando o amortecimento OrthoLite<sup>\u00ae<\/sup> e os atributos de conforto. <\/p>\n<\/div>\n<\/div>\n\n\n\n<div class=\"wp-block-group is-layout-constrained wp-block-group-is-layout-constrained\">\n<figure class=\"wp-block-image size-full is-resized\"><img loading=\"lazy\" decoding=\"async\" width=\"306\" height=\"52\" src=\"https:\/\/cirqlinnovations.com\/wp-content\/uploads\/2025\/03\/mesh1_primary.png\" alt=\"\" class=\"wp-image-19008\" style=\"width:160px\" srcset=\"https:\/\/cirqlinnovations.com\/wp-content\/uploads\/2025\/03\/mesh1_primary.png 306w, https:\/\/cirqlinnovations.com\/wp-content\/uploads\/2025\/03\/mesh1_primary-300x51.png 300w\" sizes=\"auto, (max-width: 306px) 100vw, 306px\" \/><\/figure>\n\n\n\n<p>Teste <sup>MESH1\u00ae<\/sup> conclu\u00eddo e aprovado.<\/p>\n<\/div>\n\n\n\n<div class=\"wp-block-group is-content-justification-center is-layout-constrained wp-container-core-group-is-layout-ffce93fd wp-block-group-is-layout-constrained\" style=\"border-style:none;border-width:0px\">\n<div class=\"wp-block-group has-background wp-container-content-e0b89f81 is-layout-constrained wp-container-core-group-is-layout-d385ac8e wp-block-group-is-layout-constrained\" style=\"border-top-color:var(--wp--preset--color--tertiary);border-top-width:1px;border-left-color:var(--wp--preset--color--tertiary);border-left-width:1px;background:linear-gradient(135deg,rgb(232,240,250) 5%,rgb(232,240,250) 100%);min-height:70px;padding-top:var(--wp--preset--spacing--xs);padding-right:var(--wp--preset--spacing--xs);padding-bottom:var(--wp--preset--spacing--xs);padding-left:var(--wp--preset--spacing--xs)\">\n<p class=\"has-text-align-left is-style-small-paragraph\"><strong>Formula\u00e7\u00e3o<br>OrthoLite<\/strong><sup>\u00ae<\/sup> 3D Skive\u2122 pode ser usado com a maioria de nossas formula\u00e7\u00f5es propriet\u00e1rias (excluindo as espumas OrthoLite<sup>\u00ae<\/sup> Impressions\u2122, OrthoLite<sup>\u00ae<\/sup> Imperial\u2122 e OrthoLite<sup>\u00ae<\/sup> Lazy\u2122).<\/p>\n<\/div>\n\n\n\n<div class=\"wp-block-group has-secondary-background-color has-background wp-container-content-e0b89f81 is-content-justification-center is-nowrap is-layout-flex wp-container-core-group-is-layout-b6773fa8 wp-block-group-is-layout-flex\" style=\"border-top-color:var(--wp--preset--color--tertiary);border-top-width:1px;border-bottom-color:var(--wp--preset--color--tertiary);border-bottom-width:1px;border-left-color:var(--wp--preset--color--tertiary);border-left-width:1px;min-height:60px;padding-top:var(--wp--preset--spacing--xxs);padding-right:var(--wp--preset--spacing--xxs);padding-bottom:var(--wp--preset--spacing--xxs);padding-left:var(--wp--preset--spacing--xxs)\">\n<p class=\"has-text-align-left is-style-default has-tertiary-color has-text-color has-link-color wp-elements-63f8ae26c5b581843ac66dce2060829e\"><strong>5%<\/strong> de borracha reciclada  <\/p>\n\n\n\n<p class=\"has-text-align-right has-tertiary-color has-text-color has-link-color has-h-4-font-size wp-elements-ed0a748f9429fd31c471dacce1eb2834\" style=\"line-height:1.1\">  = <strong>5%<\/strong> Conte\u00fado ecol\u00f3gico total<\/p>\n<\/div>\n<\/div>\n<\/div>\n<\/div>\n\n\n\n<div class=\"wp-block-column is-layout-flow wp-block-column-is-layout-flow\" style=\"padding-top:var(--wp--preset--spacing--xs)\">\n<figure class=\"wp-block-image aligncenter size-full fade-up\" style=\"margin-top:var(--wp--preset--spacing--xs)\"><img loading=\"lazy\" decoding=\"async\" width=\"640\" height=\"754\" src=\"https:\/\/cirqlinnovations.com\/wp-content\/uploads\/2025\/03\/3D-Skive.png\" alt=\"\" class=\"wp-image-18986\" style=\"object-fit:cover\" srcset=\"https:\/\/cirqlinnovations.com\/wp-content\/uploads\/2025\/03\/3D-Skive.png 640w, https:\/\/cirqlinnovations.com\/wp-content\/uploads\/2025\/03\/3D-Skive-255x300.png 255w\" sizes=\"auto, (max-width: 640px) 100vw, 640px\" \/><\/figure>\n<\/div>\n<\/div>\n<\/div>\n\n\n\n<div class=\"wp-block-group has-background is-layout-flow wp-block-group-is-layout-flow\" style=\"background:linear-gradient(180deg,rgb(205,205,205) 0%,rgb(205,205,205) 100%);padding-top:var(--wp--preset--spacing--xs);padding-bottom:var(--wp--preset--spacing--xs)\">\n\n<div class=\"wp-block-group is-nowrap is-layout-flex wp-container-core-group-is-layout-07e61161 wp-block-group-is-layout-flex\">\n<figure class=\"wp-block-image aligncenter size-full is-resized\"><img loading=\"lazy\" decoding=\"async\" width=\"600\" height=\"600\" src=\"https:\/\/cirqlinnovations.com\/wp-content\/uploads\/2025\/02\/Recycled-icon_circle.png\" alt=\"\" class=\"wp-image-17000\" style=\"width:60px\" srcset=\"https:\/\/cirqlinnovations.com\/wp-content\/uploads\/2025\/02\/Recycled-icon_circle.png 600w, https:\/\/cirqlinnovations.com\/wp-content\/uploads\/2025\/02\/Recycled-icon_circle-300x300.png 300w, https:\/\/cirqlinnovations.com\/wp-content\/uploads\/2025\/02\/Recycled-icon_circle-150x150.png 150w\" sizes=\"auto, (max-width: 600px) 100vw, 600px\" \/><\/figure>\n\n\n\n<p class=\"has-text-align-left is-style-small-paragraph\">Reciclado<br>Conte\u00fado<\/p>\n<\/div>\n\n\n\n<div class=\"wp-block-group is-nowrap is-layout-flex wp-container-core-group-is-layout-07e61161 wp-block-group-is-layout-flex\">\n<figure class=\"wp-block-image aligncenter size-full is-resized\"><img loading=\"lazy\" decoding=\"async\" width=\"601\" height=\"601\" src=\"https:\/\/cirqlinnovations.com\/wp-content\/uploads\/2025\/02\/cushioning.circle.png\" alt=\"\" class=\"wp-image-17056\" style=\"width:60px\" srcset=\"https:\/\/cirqlinnovations.com\/wp-content\/uploads\/2025\/02\/cushioning.circle.png 601w, https:\/\/cirqlinnovations.com\/wp-content\/uploads\/2025\/02\/cushioning.circle-300x300.png 300w, https:\/\/cirqlinnovations.com\/wp-content\/uploads\/2025\/02\/cushioning.circle-150x150.png 150w\" sizes=\"auto, (max-width: 601px) 100vw, 601px\" \/><\/figure>\n\n\n\n<p class=\"has-text-align-left is-style-small-paragraph\">Amortecimento de longo prazo<br><\/p>\n<\/div>\n\n\n\n<div class=\"wp-block-group is-nowrap is-layout-flex wp-container-core-group-is-layout-07e61161 wp-block-group-is-layout-flex\">\n<figure class=\"wp-block-image aligncenter size-full is-resized\"><img loading=\"lazy\" decoding=\"async\" width=\"601\" height=\"601\" src=\"https:\/\/cirqlinnovations.com\/wp-content\/uploads\/2025\/02\/moisture.circle.png\" alt=\"\" class=\"wp-image-17044\" style=\"width:60px\" srcset=\"https:\/\/cirqlinnovations.com\/wp-content\/uploads\/2025\/02\/moisture.circle.png 601w, https:\/\/cirqlinnovations.com\/wp-content\/uploads\/2025\/02\/moisture.circle-300x300.png 300w, https:\/\/cirqlinnovations.com\/wp-content\/uploads\/2025\/02\/moisture.circle-150x150.png 150w\" sizes=\"auto, (max-width: 601px) 100vw, 601px\" \/><\/figure>\n\n\n\n<p class=\"has-text-align-left is-style-small-paragraph\">Umidade<br>Gerenciamento<\/p>\n<\/div>\n\n\n\n<div class=\"wp-block-group is-nowrap is-layout-flex wp-container-core-group-is-layout-07e61161 wp-block-group-is-layout-flex\">\n<figure class=\"wp-block-image aligncenter size-full is-resized\"><img loading=\"lazy\" decoding=\"async\" width=\"601\" height=\"601\" src=\"https:\/\/cirqlinnovations.com\/wp-content\/uploads\/2025\/02\/breathability.circle.png\" alt=\"\" class=\"wp-image-17062\" style=\"width:60px\" srcset=\"https:\/\/cirqlinnovations.com\/wp-content\/uploads\/2025\/02\/breathability.circle.png 601w, https:\/\/cirqlinnovations.com\/wp-content\/uploads\/2025\/02\/breathability.circle-300x300.png 300w, https:\/\/cirqlinnovations.com\/wp-content\/uploads\/2025\/02\/breathability.circle-150x150.png 150w\" sizes=\"auto, (max-width: 601px) 100vw, 601px\" \/><\/figure>\n\n\n\n<p class=\"has-text-align-left is-style-small-paragraph\">Alto n\u00edvel de respirabilidade<br><\/p>\n<\/div>\n\n\n\n<div class=\"wp-block-group is-nowrap is-layout-flex wp-container-core-group-is-layout-07e61161 wp-block-group-is-layout-flex\">\n<figure class=\"wp-block-image aligncenter size-full is-resized\"><img loading=\"lazy\" decoding=\"async\" width=\"601\" height=\"601\" src=\"https:\/\/cirqlinnovations.com\/wp-content\/uploads\/2025\/02\/lightweight.circle.png\" alt=\"\" class=\"wp-image-17050\" style=\"width:60px\" srcset=\"https:\/\/cirqlinnovations.com\/wp-content\/uploads\/2025\/02\/lightweight.circle.png 601w, https:\/\/cirqlinnovations.com\/wp-content\/uploads\/2025\/02\/lightweight.circle-300x300.png 300w, https:\/\/cirqlinnovations.com\/wp-content\/uploads\/2025\/02\/lightweight.circle-150x150.png 150w\" sizes=\"auto, (max-width: 601px) 100vw, 601px\" \/><\/figure>\n\n\n\n<p class=\"has-text-align-left is-style-small-paragraph\">Leve<\/p>\n<\/div>\n\n\n\n<div class=\"wp-block-group is-nowrap is-layout-flex wp-container-core-group-is-layout-07e61161 wp-block-group-is-layout-flex\">\n<figure class=\"wp-block-image aligncenter size-full is-resized\"><img loading=\"lazy\" decoding=\"async\" width=\"601\" height=\"601\" src=\"https:\/\/cirqlinnovations.com\/wp-content\/uploads\/2025\/02\/washable.circle.png\" alt=\"\" class=\"wp-image-17032\" style=\"width:60px\" srcset=\"https:\/\/cirqlinnovations.com\/wp-content\/uploads\/2025\/02\/washable.circle.png 601w, https:\/\/cirqlinnovations.com\/wp-content\/uploads\/2025\/02\/washable.circle-300x300.png 300w, https:\/\/cirqlinnovations.com\/wp-content\/uploads\/2025\/02\/washable.circle-150x150.png 150w\" sizes=\"auto, (max-width: 601px) 100vw, 601px\" \/><\/figure>\n\n\n\n<p class=\"has-text-align-left is-style-small-paragraph\">Lav\u00e1vel<\/p>\n<\/div>\n\n\n\n<div class=\"wp-block-group is-nowrap is-layout-flex wp-container-core-group-is-layout-07e61161 wp-block-group-is-layout-flex\">\n<figure class=\"wp-block-image aligncenter size-full is-resized\"><img loading=\"lazy\" decoding=\"async\" width=\"601\" height=\"601\" src=\"https:\/\/cirqlinnovations.com\/wp-content\/uploads\/2025\/02\/antimicrobial.circle.png\" alt=\"\" class=\"wp-image-16994\" style=\"width:60px\" srcset=\"https:\/\/cirqlinnovations.com\/wp-content\/uploads\/2025\/02\/antimicrobial.circle.png 601w, https:\/\/cirqlinnovations.com\/wp-content\/uploads\/2025\/02\/antimicrobial.circle-300x300.png 300w, https:\/\/cirqlinnovations.com\/wp-content\/uploads\/2025\/02\/antimicrobial.circle-150x150.png 150w\" sizes=\"auto, (max-width: 601px) 100vw, 601px\" \/><\/figure>\n\n\n\n<p class=\"has-text-align-left is-style-small-paragraph\">Antimicrobiano<\/p>\n<\/div>\n\n<\/div>\n\n\n\n\n<div class=\"wp-block-group is-content-justification-center is-layout-constrained wp-container-core-group-is-layout-4df2738f wp-block-group-is-layout-constrained\" style=\"padding-top:var(--wp--preset--spacing--md);padding-right:var(--wp--preset--spacing--xs);padding-bottom:var(--wp--preset--spacing--md);padding-left:var(--wp--preset--spacing--xs)\">\n<h2 class=\"wp-block-heading has-text-align-center has-secondary-color has-text-color has-link-color has-h-3-font-size wp-elements-ea683451e283400b5f4aa55f53f493c8\" style=\"font-style:normal;font-weight:600;text-transform:capitalize\">Conforto e desempenho<\/h2>\n\n\n\n<p class=\"has-text-align-center has-h-5-font-size\">IMPULSIONADO PELA INOVA\u00c7\u00c3O<\/p>\n\n\n\n<p class=\"has-text-align-center is-style-default has-secondary-color has-text-color has-link-color wp-elements-f576d29c992a5214523923f182f2ef42\">Somos movidos pela inova\u00e7\u00e3o, por um profundo entendimento das necessidades de nossos parceiros de marca, por uma verdadeira colabora\u00e7\u00e3o e pela dedica\u00e7\u00e3o em limitar nosso impacto no planeta &#8211; e isso fica evidente em cada produto que fabricamos. Foi assim que nos tornamos o l\u00edder global e \u00e9 por isso que temos orgulho de fazer parcerias com as melhores marcas do mundo.<\/p>\n\n\n\n<div class=\"wp-block-buttons is-content-justification-center is-layout-flex wp-container-core-buttons-is-layout-a89b3969 wp-block-buttons-is-layout-flex\">\n<div class=\"wp-block-button is-style-outline is-style-outline--1\"><a class=\"wp-block-button__link has-secondary-color has-text-color has-link-color wp-element-button\" href=\"https:\/\/cirqlinnovations.com\/contact\/\">Entre em contato conosco<\/a><\/div>\n<\/div>\n<\/div>\n\n","protected":false},"excerpt":{"rendered":"<p>3DSkive\u2122: Tecnologia vis\u00edvel com conforto instant\u00e2neo O OrthoLite\u00ae 3D Skive\u2122 apresenta uma tecnologia exclusiva de conforto e desempenho para ampliar o amortecimento e a circula\u00e7\u00e3o de ar sob os p\u00e9s. Resumo do produto A aplica\u00e7\u00e3o do OrthoLite\u00ae 3D Skive\u2122 \u00e9 uma tecnologia de corte 3D exclusiva que utiliza um padr\u00e3o geom\u00e9trico em forma de onda [&hellip;]<\/p>\n","protected":false},"author":2,"featured_media":0,"parent":0,"menu_order":0,"comment_status":"closed","ping_status":"closed","template":"","meta":{"_acf_changed":false,"footnotes":""},"class_list":["post-21130","page","type-page","status-publish","hentry"],"acf":[],"yoast_head":"<!-- This site is optimized with the Yoast SEO plugin v27.5 - https:\/\/yoast.com\/product\/yoast-seo-wordpress\/ -->\n<title>Esqui 3D - Cirql<\/title>\n<meta name=\"robots\" content=\"index, follow, max-snippet:-1, max-image-preview:large, max-video-preview:-1\" \/>\n<link rel=\"canonical\" href=\"https:\/\/cirqlinnovations.com\/pt-br\/esqui-3d\/\" \/>\n<meta property=\"og:locale\" content=\"pt_BR\" \/>\n<meta property=\"og:type\" content=\"article\" \/>\n<meta property=\"og:title\" content=\"Esqui 3D - Cirql\" \/>\n<meta property=\"og:description\" content=\"3DSkive\u2122: Tecnologia vis\u00edvel com conforto instant\u00e2neo O OrthoLite\u00ae 3D Skive\u2122 apresenta uma tecnologia exclusiva de conforto e desempenho para ampliar o amortecimento e a circula\u00e7\u00e3o de ar sob os p\u00e9s. Resumo do produto A aplica\u00e7\u00e3o do OrthoLite\u00ae 3D Skive\u2122 \u00e9 uma tecnologia de corte 3D exclusiva que utiliza um padr\u00e3o geom\u00e9trico em forma de onda [&hellip;]\" \/>\n<meta property=\"og:url\" content=\"https:\/\/cirqlinnovations.com\/pt-br\/esqui-3d\/\" \/>\n<meta property=\"og:site_name\" content=\"Cirql\" \/>\n<meta property=\"article:modified_time\" content=\"2025-04-11T07:24:39+00:00\" \/>\n<meta name=\"twitter:card\" content=\"summary_large_image\" \/>\n<meta name=\"twitter:label1\" content=\"Est. tempo de leitura\" \/>\n\t<meta name=\"twitter:data1\" content=\"4 minutos\" \/>\n<script type=\"application\/ld+json\" class=\"yoast-schema-graph\">{\"@context\":\"https:\\\/\\\/schema.org\",\"@graph\":[{\"@type\":\"WebPage\",\"@id\":\"https:\\\/\\\/cirqlinnovations.com\\\/pt-br\\\/esqui-3d\\\/\",\"url\":\"https:\\\/\\\/cirqlinnovations.com\\\/pt-br\\\/esqui-3d\\\/\",\"name\":\"Esqui 3D - Cirql\",\"isPartOf\":{\"@id\":\"https:\\\/\\\/cirqlinnovations.com\\\/pt-br\\\/#website\"},\"primaryImageOfPage\":{\"@id\":\"https:\\\/\\\/cirqlinnovations.com\\\/pt-br\\\/esqui-3d\\\/#primaryimage\"},\"image\":{\"@id\":\"https:\\\/\\\/cirqlinnovations.com\\\/pt-br\\\/esqui-3d\\\/#primaryimage\"},\"thumbnailUrl\":\"https:\\\/\\\/cirqlinnovations.com\\\/wp-content\\\/uploads\\\/2025\\\/03\\\/Ortholite-3DSkive-white.svg\",\"datePublished\":\"2025-03-07T16:40:59+00:00\",\"dateModified\":\"2025-04-11T07:24:39+00:00\",\"breadcrumb\":{\"@id\":\"https:\\\/\\\/cirqlinnovations.com\\\/pt-br\\\/esqui-3d\\\/#breadcrumb\"},\"inLanguage\":\"pt-BR\",\"potentialAction\":[{\"@type\":\"ReadAction\",\"target\":[\"https:\\\/\\\/cirqlinnovations.com\\\/pt-br\\\/esqui-3d\\\/\"]}]},{\"@type\":\"ImageObject\",\"inLanguage\":\"pt-BR\",\"@id\":\"https:\\\/\\\/cirqlinnovations.com\\\/pt-br\\\/esqui-3d\\\/#primaryimage\",\"url\":\"https:\\\/\\\/cirqlinnovations.com\\\/wp-content\\\/uploads\\\/2025\\\/03\\\/Ortholite-3DSkive-white.svg\",\"contentUrl\":\"https:\\\/\\\/cirqlinnovations.com\\\/wp-content\\\/uploads\\\/2025\\\/03\\\/Ortholite-3DSkive-white.svg\"},{\"@type\":\"BreadcrumbList\",\"@id\":\"https:\\\/\\\/cirqlinnovations.com\\\/pt-br\\\/esqui-3d\\\/#breadcrumb\",\"itemListElement\":[{\"@type\":\"ListItem\",\"position\":1,\"name\":\"Home\",\"item\":\"https:\\\/\\\/cirqlinnovations.com\\\/pt-br\\\/circulo\\\/\"},{\"@type\":\"ListItem\",\"position\":2,\"name\":\"Esqui 3D\"}]},{\"@type\":\"WebSite\",\"@id\":\"https:\\\/\\\/cirqlinnovations.com\\\/pt-br\\\/#website\",\"url\":\"https:\\\/\\\/cirqlinnovations.com\\\/pt-br\\\/\",\"name\":\"Cirql\",\"description\":\"\",\"publisher\":{\"@id\":\"https:\\\/\\\/cirqlinnovations.com\\\/pt-br\\\/#organization\"},\"potentialAction\":[{\"@type\":\"SearchAction\",\"target\":{\"@type\":\"EntryPoint\",\"urlTemplate\":\"https:\\\/\\\/cirqlinnovations.com\\\/pt-br\\\/?s={search_term_string}\"},\"query-input\":{\"@type\":\"PropertyValueSpecification\",\"valueRequired\":true,\"valueName\":\"search_term_string\"}}],\"inLanguage\":\"pt-BR\"},{\"@type\":\"Organization\",\"@id\":\"https:\\\/\\\/cirqlinnovations.com\\\/pt-br\\\/#organization\",\"name\":\"Cirql\",\"url\":\"https:\\\/\\\/cirqlinnovations.com\\\/pt-br\\\/\",\"logo\":{\"@type\":\"ImageObject\",\"inLanguage\":\"pt-BR\",\"@id\":\"https:\\\/\\\/cirqlinnovations.com\\\/pt-br\\\/#\\\/schema\\\/logo\\\/image\\\/\",\"url\":\"https:\\\/\\\/cirqlinnovations.com\\\/wp-content\\\/uploads\\\/2025\\\/06\\\/orb.cirql_lockup_midnightRGB-1-.svg\",\"contentUrl\":\"https:\\\/\\\/cirqlinnovations.com\\\/wp-content\\\/uploads\\\/2025\\\/06\\\/orb.cirql_lockup_midnightRGB-1-.svg\",\"width\":377,\"height\":113,\"caption\":\"Cirql\"},\"image\":{\"@id\":\"https:\\\/\\\/cirqlinnovations.com\\\/pt-br\\\/#\\\/schema\\\/logo\\\/image\\\/\"}}]}<\/script>\n<!-- \/ Yoast SEO plugin. -->","yoast_head_json":{"title":"Esqui 3D - Cirql","robots":{"index":"index","follow":"follow","max-snippet":"max-snippet:-1","max-image-preview":"max-image-preview:large","max-video-preview":"max-video-preview:-1"},"canonical":"https:\/\/cirqlinnovations.com\/pt-br\/esqui-3d\/","og_locale":"pt_BR","og_type":"article","og_title":"Esqui 3D - Cirql","og_description":"3DSkive\u2122: Tecnologia vis\u00edvel com conforto instant\u00e2neo O OrthoLite\u00ae 3D Skive\u2122 apresenta uma tecnologia exclusiva de conforto e desempenho para ampliar o amortecimento e a circula\u00e7\u00e3o de ar sob os p\u00e9s. Resumo do produto A aplica\u00e7\u00e3o do OrthoLite\u00ae 3D Skive\u2122 \u00e9 uma tecnologia de corte 3D exclusiva que utiliza um padr\u00e3o geom\u00e9trico em forma de onda [&hellip;]","og_url":"https:\/\/cirqlinnovations.com\/pt-br\/esqui-3d\/","og_site_name":"Cirql","article_modified_time":"2025-04-11T07:24:39+00:00","twitter_card":"summary_large_image","twitter_misc":{"Est. tempo de leitura":"4 minutos"},"schema":{"@context":"https:\/\/schema.org","@graph":[{"@type":"WebPage","@id":"https:\/\/cirqlinnovations.com\/pt-br\/esqui-3d\/","url":"https:\/\/cirqlinnovations.com\/pt-br\/esqui-3d\/","name":"Esqui 3D - Cirql","isPartOf":{"@id":"https:\/\/cirqlinnovations.com\/pt-br\/#website"},"primaryImageOfPage":{"@id":"https:\/\/cirqlinnovations.com\/pt-br\/esqui-3d\/#primaryimage"},"image":{"@id":"https:\/\/cirqlinnovations.com\/pt-br\/esqui-3d\/#primaryimage"},"thumbnailUrl":"https:\/\/cirqlinnovations.com\/wp-content\/uploads\/2025\/03\/Ortholite-3DSkive-white.svg","datePublished":"2025-03-07T16:40:59+00:00","dateModified":"2025-04-11T07:24:39+00:00","breadcrumb":{"@id":"https:\/\/cirqlinnovations.com\/pt-br\/esqui-3d\/#breadcrumb"},"inLanguage":"pt-BR","potentialAction":[{"@type":"ReadAction","target":["https:\/\/cirqlinnovations.com\/pt-br\/esqui-3d\/"]}]},{"@type":"ImageObject","inLanguage":"pt-BR","@id":"https:\/\/cirqlinnovations.com\/pt-br\/esqui-3d\/#primaryimage","url":"https:\/\/cirqlinnovations.com\/wp-content\/uploads\/2025\/03\/Ortholite-3DSkive-white.svg","contentUrl":"https:\/\/cirqlinnovations.com\/wp-content\/uploads\/2025\/03\/Ortholite-3DSkive-white.svg"},{"@type":"BreadcrumbList","@id":"https:\/\/cirqlinnovations.com\/pt-br\/esqui-3d\/#breadcrumb","itemListElement":[{"@type":"ListItem","position":1,"name":"Home","item":"https:\/\/cirqlinnovations.com\/pt-br\/circulo\/"},{"@type":"ListItem","position":2,"name":"Esqui 3D"}]},{"@type":"WebSite","@id":"https:\/\/cirqlinnovations.com\/pt-br\/#website","url":"https:\/\/cirqlinnovations.com\/pt-br\/","name":"Cirql","description":"","publisher":{"@id":"https:\/\/cirqlinnovations.com\/pt-br\/#organization"},"potentialAction":[{"@type":"SearchAction","target":{"@type":"EntryPoint","urlTemplate":"https:\/\/cirqlinnovations.com\/pt-br\/?s={search_term_string}"},"query-input":{"@type":"PropertyValueSpecification","valueRequired":true,"valueName":"search_term_string"}}],"inLanguage":"pt-BR"},{"@type":"Organization","@id":"https:\/\/cirqlinnovations.com\/pt-br\/#organization","name":"Cirql","url":"https:\/\/cirqlinnovations.com\/pt-br\/","logo":{"@type":"ImageObject","inLanguage":"pt-BR","@id":"https:\/\/cirqlinnovations.com\/pt-br\/#\/schema\/logo\/image\/","url":"https:\/\/cirqlinnovations.com\/wp-content\/uploads\/2025\/06\/orb.cirql_lockup_midnightRGB-1-.svg","contentUrl":"https:\/\/cirqlinnovations.com\/wp-content\/uploads\/2025\/06\/orb.cirql_lockup_midnightRGB-1-.svg","width":377,"height":113,"caption":"Cirql"},"image":{"@id":"https:\/\/cirqlinnovations.com\/pt-br\/#\/schema\/logo\/image\/"}}]}},"_links":{"self":[{"href":"https:\/\/cirqlinnovations.com\/pt-br\/wp-json\/wp\/v2\/pages\/21130","targetHints":{"allow":["GET"]}}],"collection":[{"href":"https:\/\/cirqlinnovations.com\/pt-br\/wp-json\/wp\/v2\/pages"}],"about":[{"href":"https:\/\/cirqlinnovations.com\/pt-br\/wp-json\/wp\/v2\/types\/page"}],"author":[{"embeddable":true,"href":"https:\/\/cirqlinnovations.com\/pt-br\/wp-json\/wp\/v2\/users\/2"}],"replies":[{"embeddable":true,"href":"https:\/\/cirqlinnovations.com\/pt-br\/wp-json\/wp\/v2\/comments?post=21130"}],"version-history":[{"count":3,"href":"https:\/\/cirqlinnovations.com\/pt-br\/wp-json\/wp\/v2\/pages\/21130\/revisions"}],"predecessor-version":[{"id":21717,"href":"https:\/\/cirqlinnovations.com\/pt-br\/wp-json\/wp\/v2\/pages\/21130\/revisions\/21717"}],"wp:attachment":[{"href":"https:\/\/cirqlinnovations.com\/pt-br\/wp-json\/wp\/v2\/media?parent=21130"}],"curies":[{"name":"wp","href":"https:\/\/api.w.org\/{rel}","templated":true}]}}