{"id":21341,"date":"2025-01-16T18:11:23","date_gmt":"2025-01-16T18:11:23","guid":{"rendered":"https:\/\/cirqlinnovations.com\/durabilite\/"},"modified":"2025-08-08T15:19:59","modified_gmt":"2025-08-08T15:19:59","slug":"durabilite","status":"publish","type":"page","link":"https:\/\/cirqlinnovations.com\/fr\/durabilite\/","title":{"rendered":"Durabilit\u00e9"},"content":{"rendered":"\n<div class=\"wp-block-cover animated-cover is-style-animated-cover\" style=\"margin-top:0;margin-bottom:0;padding-top:0;padding-bottom:0;min-height:540px;aspect-ratio:unset;\"><video class=\"wp-block-cover__video-background intrinsic-ignore\" autoplay muted loop playsinline src=\"https:\/\/cirqlinnovations.com\/wp-content\/uploads\/2025\/04\/mountain-trees.mp4\" data-object-fit=\"cover\"><\/video><span aria-hidden=\"true\" class=\"wp-block-cover__background has-background-dim-100 has-background-dim wp-block-cover__gradient-background has-background-gradient\" style=\"background:linear-gradient(180deg,rgba(222,219,211,0.24) 0%,rgb(222,219,211) 85%)\"><\/span><div class=\"wp-block-cover__inner-container is-layout-flow wp-block-cover-is-layout-flow\">\n<figure class=\"wp-block-image size-large back-image\"><img loading=\"lazy\" decoding=\"async\" width=\"924\" height=\"1024\" src=\"https:\/\/cirqlinnovations.com\/wp-content\/uploads\/2025\/01\/ortholite-green-orb-924x1024.png\" alt=\"\" class=\"wp-image-623\" srcset=\"https:\/\/cirqlinnovations.com\/wp-content\/uploads\/2025\/01\/ortholite-green-orb-924x1024.png 924w, https:\/\/cirqlinnovations.com\/wp-content\/uploads\/2025\/01\/ortholite-green-orb-271x300.png 271w, https:\/\/cirqlinnovations.com\/wp-content\/uploads\/2025\/01\/ortholite-green-orb-768x852.png 768w, https:\/\/cirqlinnovations.com\/wp-content\/uploads\/2025\/01\/ortholite-green-orb-1385x1536.png 1385w, https:\/\/cirqlinnovations.com\/wp-content\/uploads\/2025\/01\/ortholite-green-orb.png 1609w\" sizes=\"auto, (max-width: 924px) 100vw, 924px\" \/><\/figure>\n\n\n\n<figure class=\"wp-block-image size-full is-resized back-image\"><img loading=\"lazy\" decoding=\"async\" width=\"958\" height=\"452\" src=\"https:\/\/cirqlinnovations.com\/wp-content\/uploads\/2025\/01\/zer-shoe.png\" alt=\"\" class=\"wp-image-670\" style=\"width:700px\" srcset=\"https:\/\/cirqlinnovations.com\/wp-content\/uploads\/2025\/01\/zer-shoe.png 958w, https:\/\/cirqlinnovations.com\/wp-content\/uploads\/2025\/01\/zer-shoe-300x142.png 300w, https:\/\/cirqlinnovations.com\/wp-content\/uploads\/2025\/01\/zer-shoe-768x362.png 768w\" sizes=\"auto, (max-width: 958px) 100vw, 958px\" \/><\/figure>\n<\/div><\/div>\n\n<div class=\"wp-block-group front-image has-primary-background-color has-background is-vertical is-content-justification-center is-layout-flex wp-container-core-group-is-layout-62341777 wp-block-group-is-layout-flex\" style=\"padding-top:0;padding-right:var(--wp--preset--spacing--xs);padding-bottom:var(--wp--preset--spacing--md);padding-left:var(--wp--preset--spacing--xs)\">\n<h1 class=\"wp-block-heading has-text-align-center has-tertiary-color has-text-color has-link-color has-big-h-1-font-size wp-elements-30d74dd4213020f96b5b94e89dd34278\" style=\"text-transform:uppercase\">Durable<\/h1>\n\n\n\n<p class=\"has-text-align-center has-tertiary-color has-text-color has-link-color has-h-2-font-size wp-elements-d7750abf3ef352be787b7a100ac675fc\" style=\"font-style:normal;font-weight:800;letter-spacing:4px;text-transform:uppercase\">circularit\u00e9<\/p>\n<\/div>\n\n<div class=\"wp-block-group has-accent-2-background-color has-background is-layout-flow wp-block-group-is-layout-flow\" style=\"padding-top:var(--wp--preset--spacing--xs);padding-right:var(--wp--preset--spacing--xs);padding-bottom:var(--wp--preset--spacing--xs);padding-left:var(--wp--preset--spacing--xs)\">\n<div class=\"wp-block-columns is-style-animated-columns is-layout-flex wp-container-core-columns-is-layout-5b7b896b wp-block-columns-is-layout-flex\" style=\"padding-top:var(--wp--preset--spacing--md);padding-right:var(--wp--preset--spacing--xs);padding-bottom:var(--wp--preset--spacing--md);padding-left:var(--wp--preset--spacing--xs)\">\n<div class=\"wp-block-column is-vertically-aligned-center is-layout-constrained wp-container-core-column-is-layout-d26424e0 wp-block-column-is-layout-constrained\">\n<div class=\"wp-block-group is-layout-constrained wp-container-core-group-is-layout-dcf901cd wp-block-group-is-layout-constrained\" style=\"padding-right:0\">\n<h2 class=\"wp-block-heading has-text-align-left has-tertiary-color has-text-color has-link-color has-h-3-font-size wp-elements-9daa965f5e9248ff0d46ac5b32de13fc\">\u00c9tablir la norme en mati\u00e8re de d\u00e9veloppement durable<\/h2>\n\n\n\n<p class=\"has-text-align-left is-style-default has-accent-color has-text-color has-link-color wp-elements-166a2b859c39b6e0061881746b4fd5a2\">En se concentrant sur le cycle de vie complet des chaussures, les solutions Cirql se classent dans l&rsquo;une des deux cat\u00e9gories de fin de vie : compostable\/biod\u00e9gradable ou enti\u00e8rement recyclable. En tant que solution essentielle pour parvenir \u00e0 une v\u00e9ritable circularit\u00e9 dans l&rsquo;industrie de la chaussure, Cirql offre une alternative en mousse pure aux plastiques conventionnels, tels que l&rsquo;EVA. <\/p>\n<\/div>\n\n\n\n<div class=\"wp-block-group is-layout-constrained wp-container-core-group-is-layout-7db9d80f wp-block-group-is-layout-constrained\" style=\"padding-right:0;padding-left:0\">\n<div class=\"wp-block-group is-content-justification-center is-layout-flex wp-container-core-group-is-layout-b02886af wp-block-group-is-layout-flex\">\n<figure class=\"wp-block-image size-full is-resized\"><img loading=\"lazy\" decoding=\"async\" width=\"600\" height=\"600\" src=\"https:\/\/cirqlinnovations.com\/wp-content\/uploads\/2024\/12\/100-recyclable.png\" alt=\"\" class=\"wp-image-66\" style=\"width:160px\" srcset=\"https:\/\/cirqlinnovations.com\/wp-content\/uploads\/2024\/12\/100-recyclable.png 600w, https:\/\/cirqlinnovations.com\/wp-content\/uploads\/2024\/12\/100-recyclable-300x300.png 300w, https:\/\/cirqlinnovations.com\/wp-content\/uploads\/2024\/12\/100-recyclable-150x150.png 150w\" sizes=\"auto, (max-width: 600px) 100vw, 600px\" \/><\/figure>\n\n\n\n<figure class=\"wp-block-image size-full is-resized\"><img loading=\"lazy\" decoding=\"async\" width=\"600\" height=\"600\" src=\"https:\/\/cirqlinnovations.com\/wp-content\/uploads\/2024\/12\/30-pcr-content.png\" alt=\"\" class=\"wp-image-71\" style=\"width:160px\" srcset=\"https:\/\/cirqlinnovations.com\/wp-content\/uploads\/2024\/12\/30-pcr-content.png 600w, https:\/\/cirqlinnovations.com\/wp-content\/uploads\/2024\/12\/30-pcr-content-300x300.png 300w, https:\/\/cirqlinnovations.com\/wp-content\/uploads\/2024\/12\/30-pcr-content-150x150.png 150w\" sizes=\"auto, (max-width: 600px) 100vw, 600px\" \/><\/figure>\n\n\n\n<figure class=\"wp-block-image size-full is-resized\"><img loading=\"lazy\" decoding=\"async\" width=\"600\" height=\"600\" src=\"https:\/\/cirqlinnovations.com\/wp-content\/uploads\/2024\/12\/grs-certified.png\" alt=\"\" class=\"wp-image-70\" style=\"width:160px\" srcset=\"https:\/\/cirqlinnovations.com\/wp-content\/uploads\/2024\/12\/grs-certified.png 600w, https:\/\/cirqlinnovations.com\/wp-content\/uploads\/2024\/12\/grs-certified-300x300.png 300w, https:\/\/cirqlinnovations.com\/wp-content\/uploads\/2024\/12\/grs-certified-150x150.png 150w\" sizes=\"auto, (max-width: 600px) 100vw, 600px\" \/><\/figure>\n\n\n\n<figure class=\"wp-block-image size-full is-resized\"><img loading=\"lazy\" decoding=\"async\" width=\"600\" height=\"600\" src=\"https:\/\/cirqlinnovations.com\/wp-content\/uploads\/2024\/12\/free-chemical-foaming.png\" alt=\"\" class=\"wp-image-69\" style=\"width:160px\" srcset=\"https:\/\/cirqlinnovations.com\/wp-content\/uploads\/2024\/12\/free-chemical-foaming.png 600w, https:\/\/cirqlinnovations.com\/wp-content\/uploads\/2024\/12\/free-chemical-foaming-300x300.png 300w, https:\/\/cirqlinnovations.com\/wp-content\/uploads\/2024\/12\/free-chemical-foaming-150x150.png 150w\" sizes=\"auto, (max-width: 600px) 100vw, 600px\" \/><\/figure>\n\n\n\n<figure class=\"wp-block-image size-full is-resized\"><img loading=\"lazy\" decoding=\"async\" width=\"600\" height=\"600\" src=\"https:\/\/cirqlinnovations.com\/wp-content\/uploads\/2024\/12\/patented-technology.png\" alt=\"\" class=\"wp-image-68\" style=\"width:160px\" srcset=\"https:\/\/cirqlinnovations.com\/wp-content\/uploads\/2024\/12\/patented-technology.png 600w, https:\/\/cirqlinnovations.com\/wp-content\/uploads\/2024\/12\/patented-technology-300x300.png 300w, https:\/\/cirqlinnovations.com\/wp-content\/uploads\/2024\/12\/patented-technology-150x150.png 150w\" sizes=\"auto, (max-width: 600px) 100vw, 600px\" \/><\/figure>\n\n\n\n<figure class=\"wp-block-image size-full is-resized\"><img loading=\"lazy\" decoding=\"async\" width=\"600\" height=\"600\" src=\"https:\/\/cirqlinnovations.com\/wp-content\/uploads\/2024\/12\/manufactured-text.png\" alt=\"\" class=\"wp-image-67\" style=\"width:160px\" srcset=\"https:\/\/cirqlinnovations.com\/wp-content\/uploads\/2024\/12\/manufactured-text.png 600w, https:\/\/cirqlinnovations.com\/wp-content\/uploads\/2024\/12\/manufactured-text-300x300.png 300w, https:\/\/cirqlinnovations.com\/wp-content\/uploads\/2024\/12\/manufactured-text-150x150.png 150w\" sizes=\"auto, (max-width: 600px) 100vw, 600px\" \/><\/figure>\n<\/div>\n<\/div>\n<\/div>\n\n\n\n<div class=\"wp-block-column is-vertically-aligned-center is-layout-flow wp-block-column-is-layout-flow\">\n<figure class=\"wp-block-image size-full is-resized\"><img loading=\"lazy\" decoding=\"async\" width=\"1622\" height=\"2940\" src=\"https:\/\/cirqlinnovations.com\/wp-content\/uploads\/2025\/01\/Cirql-shoe-vertical-e1738334933952.png\" alt=\"\" class=\"wp-image-394\" style=\"width:520px\" srcset=\"https:\/\/cirqlinnovations.com\/wp-content\/uploads\/2025\/01\/Cirql-shoe-vertical-e1738334933952.png 1622w, https:\/\/cirqlinnovations.com\/wp-content\/uploads\/2025\/01\/Cirql-shoe-vertical-e1738334933952-166x300.png 166w, https:\/\/cirqlinnovations.com\/wp-content\/uploads\/2025\/01\/Cirql-shoe-vertical-e1738334933952-565x1024.png 565w, https:\/\/cirqlinnovations.com\/wp-content\/uploads\/2025\/01\/Cirql-shoe-vertical-e1738334933952-768x1392.png 768w, https:\/\/cirqlinnovations.com\/wp-content\/uploads\/2025\/01\/Cirql-shoe-vertical-e1738334933952-847x1536.png 847w, https:\/\/cirqlinnovations.com\/wp-content\/uploads\/2025\/01\/Cirql-shoe-vertical-e1738334933952-1130x2048.png 1130w\" sizes=\"auto, (max-width: 1622px) 100vw, 1622px\" \/><\/figure>\n<\/div>\n<\/div>\n<\/div>\n\n<div class=\"wp-block-group has-secondary-background-color has-background is-layout-flow wp-block-group-is-layout-flow\" style=\"padding-top:var(--wp--preset--spacing--sm);padding-bottom:0\">\n<div class=\"wp-block-columns is-style-animated-columns is-layout-flex wp-container-core-columns-is-layout-7e5eacc6 wp-block-columns-is-layout-flex\" style=\"padding-right:0;padding-left:0\">\n<div class=\"wp-block-column is-vertically-aligned-center is-layout-flow wp-block-column-is-layout-flow\" style=\"padding-right:0;padding-left:0;flex-basis:40%\">\n<figure class=\"wp-block-image aligncenter size-full\"><img loading=\"lazy\" decoding=\"async\" width=\"2560\" height=\"2509\" src=\"https:\/\/cirqlinnovations.com\/wp-content\/uploads\/2025\/02\/woman-track-runner-1.png\" alt=\"\" class=\"wp-image-17467\" style=\"object-fit:cover\" srcset=\"https:\/\/cirqlinnovations.com\/wp-content\/uploads\/2025\/02\/woman-track-runner-1.png 2560w, https:\/\/cirqlinnovations.com\/wp-content\/uploads\/2025\/02\/woman-track-runner-1-300x294.png 300w, https:\/\/cirqlinnovations.com\/wp-content\/uploads\/2025\/02\/woman-track-runner-1-1024x1004.png 1024w, https:\/\/cirqlinnovations.com\/wp-content\/uploads\/2025\/02\/woman-track-runner-1-768x753.png 768w, https:\/\/cirqlinnovations.com\/wp-content\/uploads\/2025\/02\/woman-track-runner-1-1536x1505.png 1536w, https:\/\/cirqlinnovations.com\/wp-content\/uploads\/2025\/02\/woman-track-runner-1-2048x2007.png 2048w\" sizes=\"auto, (max-width: 2560px) 100vw, 2560px\" \/><\/figure>\n<\/div>\n\n\n\n<div class=\"wp-block-column is-vertically-aligned-center is-layout-flow wp-block-column-is-layout-flow\" style=\"padding-right:var(--wp--preset--spacing--xs);padding-left:var(--wp--preset--spacing--xs);flex-basis:50%\">\n<div class=\"wp-block-group is-layout-constrained wp-container-core-group-is-layout-0de311d3 wp-block-group-is-layout-constrained\" style=\"padding-right:0;padding-left:0\">\n<h2 class=\"wp-block-heading has-tertiary-color has-text-color has-link-color has-h-4-font-size wp-elements-f6e16d72f01bdc8d279a34fa865c3865\">\u00cates-vous pr\u00eat \u00e0 engager votre marque dans une v\u00e9ritable solution durable de fin de vie ?<\/h2>\n\n\n\n<p class=\"is-style-large-paragraph has-tertiary-color has-text-color has-link-color has-h-5-font-size wp-elements-cc75a4ab054e3c202c7d6d62add8c46c\">En savoir plus sur la fa\u00e7on d&rsquo;int\u00e9grer Cirql \u00e0 votre marque ou usine de chaussures.<\/p>\n\n\n\n<div class=\"wp-block-buttons is-layout-flex wp-block-buttons-is-layout-flex\">\n<div class=\"wp-block-button is-style-cirql-tertiary-btn is-style-secondary-btn\"><a class=\"wp-block-button__link wp-element-button\" href=\"https:\/\/cirqlinnovations.com\/fr\/contact\/\">contactez-nous<\/a><\/div>\n<\/div>\n<\/div>\n<\/div>\n<\/div>\n<\/div>\n","protected":false},"excerpt":{"rendered":"<p>Durable circularit\u00e9 \u00c9tablir la norme en mati\u00e8re de d\u00e9veloppement durable En se concentrant sur le cycle de vie complet des chaussures, les solutions Cirql se classent dans l&rsquo;une des deux cat\u00e9gories de fin de vie : compostable\/biod\u00e9gradable ou enti\u00e8rement recyclable. En tant que solution essentielle pour parvenir \u00e0 une v\u00e9ritable circularit\u00e9 dans l&rsquo;industrie de la [&hellip;]<\/p>\n","protected":false},"author":2,"featured_media":1373,"parent":0,"menu_order":0,"comment_status":"closed","ping_status":"closed","template":"","meta":{"_acf_changed":false,"footnotes":""},"class_list":["post-21341","page","type-page","status-publish","has-post-thumbnail","hentry"],"acf":[],"yoast_head":"<!-- This site is optimized with the Yoast SEO plugin v27.4 - https:\/\/yoast.com\/product\/yoast-seo-wordpress\/ -->\n<title>Le d\u00e9veloppement durable au Cirql : Notre engagement | Cirql<\/title>\n<meta name=\"description\" content=\"D\u00e9couvrez l&#039;engagement de Cirql en faveur du d\u00e9veloppement durable dans le secteur de la chaussure. Apprenez comment nous avons un impact positif sur l&#039;environnement.\" \/>\n<meta name=\"robots\" content=\"index, follow, max-snippet:-1, max-image-preview:large, max-video-preview:-1\" \/>\n<link rel=\"canonical\" href=\"https:\/\/cirqlinnovations.com\/fr\/durabilite\/\" \/>\n<meta property=\"og:locale\" content=\"fr_FR\" \/>\n<meta property=\"og:type\" content=\"article\" \/>\n<meta property=\"og:title\" content=\"Le d\u00e9veloppement durable au Cirql : Notre engagement | Cirql\" \/>\n<meta property=\"og:description\" content=\"D\u00e9couvrez l&#039;engagement de Cirql en faveur du d\u00e9veloppement durable dans le secteur de la chaussure. Apprenez comment nous avons un impact positif sur l&#039;environnement.\" \/>\n<meta property=\"og:url\" content=\"https:\/\/cirqlinnovations.com\/fr\/durabilite\/\" \/>\n<meta property=\"og:site_name\" content=\"Cirql\" \/>\n<meta property=\"article:modified_time\" content=\"2025-08-08T15:19:59+00:00\" \/>\n<meta property=\"og:image\" content=\"https:\/\/cirqlinnovations.com\/wp-content\/uploads\/2025\/01\/zer-shoe.png\" \/>\n\t<meta property=\"og:image:width\" content=\"958\" \/>\n\t<meta property=\"og:image:height\" content=\"452\" \/>\n\t<meta property=\"og:image:type\" content=\"image\/png\" \/>\n<meta name=\"twitter:card\" content=\"summary_large_image\" \/>\n<meta name=\"twitter:label1\" content=\"Dur\u00e9e de lecture estim\u00e9e\" \/>\n\t<meta name=\"twitter:data1\" content=\"7 minutes\" \/>\n<script type=\"application\/ld+json\" class=\"yoast-schema-graph\">{\"@context\":\"https:\\\/\\\/schema.org\",\"@graph\":[{\"@type\":\"WebPage\",\"@id\":\"https:\\\/\\\/cirqlinnovations.com\\\/fr\\\/durabilite\\\/\",\"url\":\"https:\\\/\\\/cirqlinnovations.com\\\/fr\\\/durabilite\\\/\",\"name\":\"Le d\u00e9veloppement durable au Cirql : Notre engagement | Cirql\",\"isPartOf\":{\"@id\":\"https:\\\/\\\/cirqlinnovations.com\\\/fr\\\/#website\"},\"primaryImageOfPage\":{\"@id\":\"https:\\\/\\\/cirqlinnovations.com\\\/fr\\\/durabilite\\\/#primaryimage\"},\"image\":{\"@id\":\"https:\\\/\\\/cirqlinnovations.com\\\/fr\\\/durabilite\\\/#primaryimage\"},\"thumbnailUrl\":\"https:\\\/\\\/cirqlinnovations.com\\\/wp-content\\\/uploads\\\/2025\\\/01\\\/zer-shoe.png\",\"datePublished\":\"2025-01-16T18:11:23+00:00\",\"dateModified\":\"2025-08-08T15:19:59+00:00\",\"description\":\"D\u00e9couvrez l'engagement de Cirql en faveur du d\u00e9veloppement durable dans le secteur de la chaussure. Apprenez comment nous avons un impact positif sur l'environnement.\",\"breadcrumb\":{\"@id\":\"https:\\\/\\\/cirqlinnovations.com\\\/fr\\\/durabilite\\\/#breadcrumb\"},\"inLanguage\":\"fr-FR\",\"potentialAction\":[{\"@type\":\"ReadAction\",\"target\":[\"https:\\\/\\\/cirqlinnovations.com\\\/fr\\\/durabilite\\\/\"]}]},{\"@type\":\"ImageObject\",\"inLanguage\":\"fr-FR\",\"@id\":\"https:\\\/\\\/cirqlinnovations.com\\\/fr\\\/durabilite\\\/#primaryimage\",\"url\":\"https:\\\/\\\/cirqlinnovations.com\\\/wp-content\\\/uploads\\\/2025\\\/01\\\/zer-shoe.png\",\"contentUrl\":\"https:\\\/\\\/cirqlinnovations.com\\\/wp-content\\\/uploads\\\/2025\\\/01\\\/zer-shoe.png\",\"width\":958,\"height\":452},{\"@type\":\"BreadcrumbList\",\"@id\":\"https:\\\/\\\/cirqlinnovations.com\\\/fr\\\/durabilite\\\/#breadcrumb\",\"itemListElement\":[{\"@type\":\"ListItem\",\"position\":1,\"name\":\"Home\",\"item\":\"https:\\\/\\\/cirqlinnovations.com\\\/fr\\\/cirql\\\/\"},{\"@type\":\"ListItem\",\"position\":2,\"name\":\"Durabilit\u00e9\"}]},{\"@type\":\"WebSite\",\"@id\":\"https:\\\/\\\/cirqlinnovations.com\\\/fr\\\/#website\",\"url\":\"https:\\\/\\\/cirqlinnovations.com\\\/fr\\\/\",\"name\":\"Cirql\",\"description\":\"\",\"publisher\":{\"@id\":\"https:\\\/\\\/cirqlinnovations.com\\\/fr\\\/#organization\"},\"potentialAction\":[{\"@type\":\"SearchAction\",\"target\":{\"@type\":\"EntryPoint\",\"urlTemplate\":\"https:\\\/\\\/cirqlinnovations.com\\\/fr\\\/?s={search_term_string}\"},\"query-input\":{\"@type\":\"PropertyValueSpecification\",\"valueRequired\":true,\"valueName\":\"search_term_string\"}}],\"inLanguage\":\"fr-FR\"},{\"@type\":\"Organization\",\"@id\":\"https:\\\/\\\/cirqlinnovations.com\\\/fr\\\/#organization\",\"name\":\"Cirql\",\"url\":\"https:\\\/\\\/cirqlinnovations.com\\\/fr\\\/\",\"logo\":{\"@type\":\"ImageObject\",\"inLanguage\":\"fr-FR\",\"@id\":\"https:\\\/\\\/cirqlinnovations.com\\\/fr\\\/#\\\/schema\\\/logo\\\/image\\\/\",\"url\":\"https:\\\/\\\/cirqlinnovations.com\\\/wp-content\\\/uploads\\\/2025\\\/06\\\/orb.cirql_lockup_midnightRGB-1-.svg\",\"contentUrl\":\"https:\\\/\\\/cirqlinnovations.com\\\/wp-content\\\/uploads\\\/2025\\\/06\\\/orb.cirql_lockup_midnightRGB-1-.svg\",\"width\":377,\"height\":113,\"caption\":\"Cirql\"},\"image\":{\"@id\":\"https:\\\/\\\/cirqlinnovations.com\\\/fr\\\/#\\\/schema\\\/logo\\\/image\\\/\"}}]}<\/script>\n<!-- \/ Yoast SEO plugin. -->","yoast_head_json":{"title":"Le d\u00e9veloppement durable au Cirql : Notre engagement | Cirql","description":"D\u00e9couvrez l'engagement de Cirql en faveur du d\u00e9veloppement durable dans le secteur de la chaussure. Apprenez comment nous avons un impact positif sur l'environnement.","robots":{"index":"index","follow":"follow","max-snippet":"max-snippet:-1","max-image-preview":"max-image-preview:large","max-video-preview":"max-video-preview:-1"},"canonical":"https:\/\/cirqlinnovations.com\/fr\/durabilite\/","og_locale":"fr_FR","og_type":"article","og_title":"Le d\u00e9veloppement durable au Cirql : Notre engagement | Cirql","og_description":"D\u00e9couvrez l'engagement de Cirql en faveur du d\u00e9veloppement durable dans le secteur de la chaussure. Apprenez comment nous avons un impact positif sur l'environnement.","og_url":"https:\/\/cirqlinnovations.com\/fr\/durabilite\/","og_site_name":"Cirql","article_modified_time":"2025-08-08T15:19:59+00:00","og_image":[{"width":958,"height":452,"url":"https:\/\/cirqlinnovations.com\/wp-content\/uploads\/2025\/01\/zer-shoe.png","type":"image\/png"}],"twitter_card":"summary_large_image","twitter_misc":{"Dur\u00e9e de lecture estim\u00e9e":"7 minutes"},"schema":{"@context":"https:\/\/schema.org","@graph":[{"@type":"WebPage","@id":"https:\/\/cirqlinnovations.com\/fr\/durabilite\/","url":"https:\/\/cirqlinnovations.com\/fr\/durabilite\/","name":"Le d\u00e9veloppement durable au Cirql : Notre engagement | Cirql","isPartOf":{"@id":"https:\/\/cirqlinnovations.com\/fr\/#website"},"primaryImageOfPage":{"@id":"https:\/\/cirqlinnovations.com\/fr\/durabilite\/#primaryimage"},"image":{"@id":"https:\/\/cirqlinnovations.com\/fr\/durabilite\/#primaryimage"},"thumbnailUrl":"https:\/\/cirqlinnovations.com\/wp-content\/uploads\/2025\/01\/zer-shoe.png","datePublished":"2025-01-16T18:11:23+00:00","dateModified":"2025-08-08T15:19:59+00:00","description":"D\u00e9couvrez l'engagement de Cirql en faveur du d\u00e9veloppement durable dans le secteur de la chaussure. Apprenez comment nous avons un impact positif sur l'environnement.","breadcrumb":{"@id":"https:\/\/cirqlinnovations.com\/fr\/durabilite\/#breadcrumb"},"inLanguage":"fr-FR","potentialAction":[{"@type":"ReadAction","target":["https:\/\/cirqlinnovations.com\/fr\/durabilite\/"]}]},{"@type":"ImageObject","inLanguage":"fr-FR","@id":"https:\/\/cirqlinnovations.com\/fr\/durabilite\/#primaryimage","url":"https:\/\/cirqlinnovations.com\/wp-content\/uploads\/2025\/01\/zer-shoe.png","contentUrl":"https:\/\/cirqlinnovations.com\/wp-content\/uploads\/2025\/01\/zer-shoe.png","width":958,"height":452},{"@type":"BreadcrumbList","@id":"https:\/\/cirqlinnovations.com\/fr\/durabilite\/#breadcrumb","itemListElement":[{"@type":"ListItem","position":1,"name":"Home","item":"https:\/\/cirqlinnovations.com\/fr\/cirql\/"},{"@type":"ListItem","position":2,"name":"Durabilit\u00e9"}]},{"@type":"WebSite","@id":"https:\/\/cirqlinnovations.com\/fr\/#website","url":"https:\/\/cirqlinnovations.com\/fr\/","name":"Cirql","description":"","publisher":{"@id":"https:\/\/cirqlinnovations.com\/fr\/#organization"},"potentialAction":[{"@type":"SearchAction","target":{"@type":"EntryPoint","urlTemplate":"https:\/\/cirqlinnovations.com\/fr\/?s={search_term_string}"},"query-input":{"@type":"PropertyValueSpecification","valueRequired":true,"valueName":"search_term_string"}}],"inLanguage":"fr-FR"},{"@type":"Organization","@id":"https:\/\/cirqlinnovations.com\/fr\/#organization","name":"Cirql","url":"https:\/\/cirqlinnovations.com\/fr\/","logo":{"@type":"ImageObject","inLanguage":"fr-FR","@id":"https:\/\/cirqlinnovations.com\/fr\/#\/schema\/logo\/image\/","url":"https:\/\/cirqlinnovations.com\/wp-content\/uploads\/2025\/06\/orb.cirql_lockup_midnightRGB-1-.svg","contentUrl":"https:\/\/cirqlinnovations.com\/wp-content\/uploads\/2025\/06\/orb.cirql_lockup_midnightRGB-1-.svg","width":377,"height":113,"caption":"Cirql"},"image":{"@id":"https:\/\/cirqlinnovations.com\/fr\/#\/schema\/logo\/image\/"}}]}},"_links":{"self":[{"href":"https:\/\/cirqlinnovations.com\/fr\/wp-json\/wp\/v2\/pages\/21341","targetHints":{"allow":["GET"]}}],"collection":[{"href":"https:\/\/cirqlinnovations.com\/fr\/wp-json\/wp\/v2\/pages"}],"about":[{"href":"https:\/\/cirqlinnovations.com\/fr\/wp-json\/wp\/v2\/types\/page"}],"author":[{"embeddable":true,"href":"https:\/\/cirqlinnovations.com\/fr\/wp-json\/wp\/v2\/users\/2"}],"replies":[{"embeddable":true,"href":"https:\/\/cirqlinnovations.com\/fr\/wp-json\/wp\/v2\/comments?post=21341"}],"version-history":[{"count":7,"href":"https:\/\/cirqlinnovations.com\/fr\/wp-json\/wp\/v2\/pages\/21341\/revisions"}],"predecessor-version":[{"id":22962,"href":"https:\/\/cirqlinnovations.com\/fr\/wp-json\/wp\/v2\/pages\/21341\/revisions\/22962"}],"wp:featuredmedia":[{"embeddable":true,"href":"https:\/\/cirqlinnovations.com\/fr\/wp-json\/wp\/v2\/media\/1373"}],"wp:attachment":[{"href":"https:\/\/cirqlinnovations.com\/fr\/wp-json\/wp\/v2\/media?parent=21341"}],"curies":[{"name":"wp","href":"https:\/\/api.w.org\/{rel}","templated":true}]}}