{"id":21242,"date":"2025-01-23T18:50:17","date_gmt":"2025-01-23T18:50:17","guid":{"rendered":"https:\/\/cirqlinnovations.com\/politique-en-matiere-de-cookies\/"},"modified":"2025-08-08T15:22:16","modified_gmt":"2025-08-08T15:22:16","slug":"politique-en-matiere-de-cookies","status":"publish","type":"page","link":"https:\/\/cirqlinnovations.com\/fr\/politique-en-matiere-de-cookies\/","title":{"rendered":"Politique en mati\u00e8re de cookies"},"content":{"rendered":"\n<div class=\"wp-block-group is-layout-constrained wp-container-core-group-is-layout-de662d45 wp-block-group-is-layout-constrained\" style=\"padding-top:var(--wp--preset--spacing--lg);padding-right:var(--wp--preset--spacing--xs);padding-bottom:var(--wp--preset--spacing--lg);padding-left:var(--wp--preset--spacing--xs)\">\n<div class=\"wp-block-group is-layout-constrained wp-block-group-is-layout-constrained\">\n<h1 class=\"wp-block-heading has-tertiary-color has-text-color has-link-color has-h-2-font-size wp-elements-6ba9049b07a39799617f39fc7cc1decd\">Cirql POLITIQUE EN MATI\u00c8RE DE COOKIE<\/h1>\n\n\n\n<p class=\"has-accent-color has-text-color has-link-color wp-elements-fdfcc21465434a682203ad30db7a0c69\">Cirql utilise des cookies. Les cookies sont des fichiers texte plac\u00e9s sur votre ordinateur par les sites web que vous visitez. Ils sont utilis\u00e9s pour assurer le bon fonctionnement du site web, ainsi que pour fournir des informations commerciales et marketing aux propri\u00e9taires du site.  <\/p>\n<\/div>\n\n\n\n<div class=\"wp-block-group is-layout-constrained wp-block-group-is-layout-constrained\">\n<h2 class=\"wp-block-heading has-tertiary-color has-text-color has-link-color has-h-4-font-size wp-elements-1a89c53c5ec96e1caf0284e59bac065c\">Type de cookies que nous utilisons :<\/h2>\n\n\n\n<p class=\"has-accent-color has-text-color has-link-color wp-elements-3fc7d5d3305f5d2c65e2a7b336e9632f\">Les cookies mis en place par Cirql sont appel\u00e9s \u00ab\u00a0cookies de premi\u00e8re partie\u00a0\u00bb. Les cookies mis en place par des tiers sont appel\u00e9s \u00ab\u00a0cookies de tierce partie\u00a0\u00bb. Ce site utilise \u00e0 la fois des cookies \u00ab\u00a0persistants\u00a0\u00bb et des cookies \u00ab\u00a0de session\u00a0\u00bb : un cookie persistant sera stock\u00e9 par un navigateur web et restera valide jusqu&rsquo;\u00e0 l&rsquo;expiration de 2 ans, \u00e0 moins d&rsquo;\u00eatre supprim\u00e9 par l&rsquo;utilisateur avant la date d&rsquo;expiration ; un cookie de session expirera \u00e0 la fin de la session de l&rsquo;utilisateur lorsque le navigateur web sera ferm\u00e9.  <\/p>\n<\/div>\n\n\n\n<div class=\"wp-block-group is-layout-constrained wp-block-group-is-layout-constrained\">\n<h2 class=\"wp-block-heading has-tertiary-color has-text-color has-link-color has-h-4-font-size wp-elements-9df70ce9aae6cfcba016a36ae754589a\">Les donn\u00e9es qu&rsquo;ils suivent :<\/h2>\n\n\n\n<p class=\"has-accent-color has-text-color has-link-color wp-elements-34d8bdcd4ac55f81ad4dac83490752be\">Les cookies sont utilis\u00e9s pour recueillir des statistiques sur la fa\u00e7on dont les visiteurs utilisent notre site web. Nous utilisons des cookies pour suivre l&rsquo;utilisation de notre site et pour comprendre les pr\u00e9f\u00e9rences des utilisateurs (comme le pays et la langue). Cela nous permet de fournir des services \u00e0 nos clients et d&rsquo;am\u00e9liorer leur exp\u00e9rience en ligne. Nous utilisons \u00e9galement des cookies pour obtenir des informations g\u00e9n\u00e9rales sur le trafic du site afin d&rsquo;identifier les tendances, d&rsquo;obtenir des statistiques et d&rsquo;am\u00e9liorer notre site.   <\/p>\n<\/div>\n\n\n\n<div class=\"wp-block-group is-layout-constrained wp-block-group-is-layout-constrained\">\n<h2 class=\"wp-block-heading has-tertiary-color has-text-color has-link-color has-h-4-font-size wp-elements-8da66d7cf75bee35ef19d34b956523ad\">Objectif des cookies que nous utilisons :<\/h2>\n\n\n\n<p class=\"has-accent-color has-text-color has-link-color wp-elements-7334cf526b8e6878c39fa73cb82be5ea\">Lorsque vous acc\u00e9dez \u00e0 notre site web, il peut vous \u00eatre demand\u00e9 de partager certaines informations de base vous concernant, notamment votre nom, votre nom d&rsquo;utilisateur, votre ville, votre localisation et\/ou votre profil. Les informations que vous partagez publiquement peuvent \u00eatre utilis\u00e9es par Cirql \u00e0 des fins promotionnelles. <\/p>\n<\/div>\n\n\n\n<div class=\"wp-block-group is-layout-constrained wp-block-group-is-layout-constrained\">\n<h2 class=\"wp-block-heading has-tertiary-color has-text-color has-link-color has-h-4-font-size wp-elements-75af0e2ce94cb802029a8f7e9eb5a5fc\">Avec qui les donn\u00e9es sont partag\u00e9es :<\/h2>\n\n\n\n<p class=\"has-accent-color has-text-color has-link-color wp-elements-ab05a923e8f9892927f40ccec1c992ff\">Les donn\u00e9es recueillies par les cookies peuvent \u00eatre utilis\u00e9es par des agences de publicit\u00e9 tierces pour mieux personnaliser l&rsquo;exp\u00e9rience marketing et surveiller le trafic sur le site.<\/p>\n\n\n\n<p class=\"has-accent-color has-text-color has-link-color wp-elements-400aa599de3f64b3fc0134b8b001ee5a\">Nous faisons appel \u00e0 des soci\u00e9t\u00e9s tierces, dont Google Analytics, pour mesurer et cibler les annonces en notre nom afin d&rsquo;adapter nos produits et services. Nous autorisons des soci\u00e9t\u00e9s tierces \u00e0 utiliser des cookies pour collecter des informations sur votre interaction avec notre site web. <\/p>\n<\/div>\n\n\n\n<div class=\"wp-block-group is-layout-constrained wp-block-group-is-layout-constrained\">\n<h2 class=\"wp-block-heading has-tertiary-color has-text-color has-link-color has-h-4-font-size wp-elements-b06e9e7bcb4d6f19bceea4e9f2f1de14\">Gestion des cookies :<\/h2>\n\n\n\n<p class=\"has-accent-color has-text-color has-link-color wp-elements-6022f0aef8b8d325dd60bd0b273b6c48\">Vous pouvez g\u00e9rer les cookies en activant le param\u00e8tre de votre navigateur Internet qui vous permet de refuser l&rsquo;installation de tous les cookies ou de certains d&rsquo;entre eux.<\/p>\n\n\n\n<p class=\"has-accent-color has-text-color has-link-color wp-elements-5e560bb07155e9a3d76d50560329a1b6\">Si vous souhaitez nous faire part de vos commentaires, questions ou pr\u00e9occupations, vous pouvez nous contacter \u00e0 l&rsquo;adresse suivante <a href=\"mailto:info@ortholite.com\">: info@ortholite.com<\/a><\/p>\n<\/div>\n\n\n\n<div class=\"wp-block-group is-layout-constrained wp-block-group-is-layout-constrained\">\n<h2 class=\"wp-block-heading has-tertiary-color has-text-color has-link-color has-h-4-font-size wp-elements-c4c4da8c54aeda0e61b884c8309d8798\">Modifications de la pr\u00e9sente politique en mati\u00e8re de cookies :<\/h2>\n\n\n\n<p class=\"has-accent-color has-text-color has-link-color wp-elements-8cb61850b2c275b93cb9de830b2456f7\">Nous nous r\u00e9servons le droit de modifier la mani\u00e8re dont nous utilisons et pla\u00e7ons les cookies. Par cons\u00e9quent, nous vous recommandons de consulter r\u00e9guli\u00e8rement cette page pour prendre connaissance de notre politique actuelle en mati\u00e8re de cookies. <\/p>\n<\/div>\n<\/div>\n","protected":false},"excerpt":{"rendered":"<p>Cirql POLITIQUE EN MATI\u00c8RE DE COOKIE Cirql utilise des cookies. Les cookies sont des fichiers texte plac\u00e9s sur votre ordinateur par les sites web que vous visitez. Ils sont utilis\u00e9s pour assurer le bon fonctionnement du site web, ainsi que pour fournir des informations commerciales et marketing aux propri\u00e9taires du site. Type de cookies que [&hellip;]<\/p>\n","protected":false},"author":1,"featured_media":22482,"parent":0,"menu_order":0,"comment_status":"closed","ping_status":"closed","template":"","meta":{"_acf_changed":false,"footnotes":""},"class_list":["post-21242","page","type-page","status-publish","has-post-thumbnail","hentry"],"acf":[],"yoast_head":"<!-- This site is optimized with the Yoast SEO plugin v27.4 - https:\/\/yoast.com\/product\/yoast-seo-wordpress\/ -->\n<title>Politique en mati\u00e8re de cookies - Cirql<\/title>\n<meta name=\"robots\" content=\"index, follow, max-snippet:-1, max-image-preview:large, max-video-preview:-1\" \/>\n<link rel=\"canonical\" href=\"https:\/\/cirqlinnovations.com\/fr\/politique-en-matiere-de-cookies\/\" \/>\n<meta property=\"og:locale\" content=\"fr_FR\" \/>\n<meta property=\"og:type\" content=\"article\" \/>\n<meta property=\"og:title\" content=\"Politique en mati\u00e8re de cookies - Cirql\" \/>\n<meta property=\"og:description\" content=\"Cirql POLITIQUE EN MATI\u00c8RE DE COOKIE Cirql utilise des cookies. Les cookies sont des fichiers texte plac\u00e9s sur votre ordinateur par les sites web que vous visitez. Ils sont utilis\u00e9s pour assurer le bon fonctionnement du site web, ainsi que pour fournir des informations commerciales et marketing aux propri\u00e9taires du site. Type de cookies que [&hellip;]\" \/>\n<meta property=\"og:url\" content=\"https:\/\/cirqlinnovations.com\/fr\/politique-en-matiere-de-cookies\/\" \/>\n<meta property=\"og:site_name\" content=\"Cirql\" \/>\n<meta property=\"article:modified_time\" content=\"2025-08-08T15:22:16+00:00\" \/>\n<meta property=\"og:image\" content=\"https:\/\/cirqlinnovations.com\/wp-content\/uploads\/2025\/05\/android-chrome-512x512-2.png\" \/>\n\t<meta property=\"og:image:width\" content=\"512\" \/>\n\t<meta property=\"og:image:height\" content=\"512\" \/>\n\t<meta property=\"og:image:type\" content=\"image\/png\" \/>\n<meta name=\"twitter:card\" content=\"summary_large_image\" \/>\n<meta name=\"twitter:label1\" content=\"Dur\u00e9e de lecture estim\u00e9e\" \/>\n\t<meta name=\"twitter:data1\" content=\"2 minutes\" \/>\n<script type=\"application\/ld+json\" class=\"yoast-schema-graph\">{\"@context\":\"https:\\\/\\\/schema.org\",\"@graph\":[{\"@type\":\"WebPage\",\"@id\":\"https:\\\/\\\/cirqlinnovations.com\\\/fr\\\/politique-en-matiere-de-cookies\\\/\",\"url\":\"https:\\\/\\\/cirqlinnovations.com\\\/fr\\\/politique-en-matiere-de-cookies\\\/\",\"name\":\"Politique en mati\u00e8re de cookies - Cirql\",\"isPartOf\":{\"@id\":\"https:\\\/\\\/cirqlinnovations.com\\\/fr\\\/#website\"},\"primaryImageOfPage\":{\"@id\":\"https:\\\/\\\/cirqlinnovations.com\\\/fr\\\/politique-en-matiere-de-cookies\\\/#primaryimage\"},\"image\":{\"@id\":\"https:\\\/\\\/cirqlinnovations.com\\\/fr\\\/politique-en-matiere-de-cookies\\\/#primaryimage\"},\"thumbnailUrl\":\"https:\\\/\\\/cirqlinnovations.com\\\/wp-content\\\/uploads\\\/2025\\\/05\\\/android-chrome-512x512-2.png\",\"datePublished\":\"2025-01-23T18:50:17+00:00\",\"dateModified\":\"2025-08-08T15:22:16+00:00\",\"breadcrumb\":{\"@id\":\"https:\\\/\\\/cirqlinnovations.com\\\/fr\\\/politique-en-matiere-de-cookies\\\/#breadcrumb\"},\"inLanguage\":\"fr-FR\",\"potentialAction\":[{\"@type\":\"ReadAction\",\"target\":[\"https:\\\/\\\/cirqlinnovations.com\\\/fr\\\/politique-en-matiere-de-cookies\\\/\"]}]},{\"@type\":\"ImageObject\",\"inLanguage\":\"fr-FR\",\"@id\":\"https:\\\/\\\/cirqlinnovations.com\\\/fr\\\/politique-en-matiere-de-cookies\\\/#primaryimage\",\"url\":\"https:\\\/\\\/cirqlinnovations.com\\\/wp-content\\\/uploads\\\/2025\\\/05\\\/android-chrome-512x512-2.png\",\"contentUrl\":\"https:\\\/\\\/cirqlinnovations.com\\\/wp-content\\\/uploads\\\/2025\\\/05\\\/android-chrome-512x512-2.png\",\"width\":512,\"height\":512},{\"@type\":\"BreadcrumbList\",\"@id\":\"https:\\\/\\\/cirqlinnovations.com\\\/fr\\\/politique-en-matiere-de-cookies\\\/#breadcrumb\",\"itemListElement\":[{\"@type\":\"ListItem\",\"position\":1,\"name\":\"Home\",\"item\":\"https:\\\/\\\/cirqlinnovations.com\\\/fr\\\/cirql\\\/\"},{\"@type\":\"ListItem\",\"position\":2,\"name\":\"Politique en mati\u00e8re de cookies\"}]},{\"@type\":\"WebSite\",\"@id\":\"https:\\\/\\\/cirqlinnovations.com\\\/fr\\\/#website\",\"url\":\"https:\\\/\\\/cirqlinnovations.com\\\/fr\\\/\",\"name\":\"Cirql\",\"description\":\"\",\"publisher\":{\"@id\":\"https:\\\/\\\/cirqlinnovations.com\\\/fr\\\/#organization\"},\"potentialAction\":[{\"@type\":\"SearchAction\",\"target\":{\"@type\":\"EntryPoint\",\"urlTemplate\":\"https:\\\/\\\/cirqlinnovations.com\\\/fr\\\/?s={search_term_string}\"},\"query-input\":{\"@type\":\"PropertyValueSpecification\",\"valueRequired\":true,\"valueName\":\"search_term_string\"}}],\"inLanguage\":\"fr-FR\"},{\"@type\":\"Organization\",\"@id\":\"https:\\\/\\\/cirqlinnovations.com\\\/fr\\\/#organization\",\"name\":\"Cirql\",\"url\":\"https:\\\/\\\/cirqlinnovations.com\\\/fr\\\/\",\"logo\":{\"@type\":\"ImageObject\",\"inLanguage\":\"fr-FR\",\"@id\":\"https:\\\/\\\/cirqlinnovations.com\\\/fr\\\/#\\\/schema\\\/logo\\\/image\\\/\",\"url\":\"https:\\\/\\\/cirqlinnovations.com\\\/wp-content\\\/uploads\\\/2025\\\/06\\\/orb.cirql_lockup_midnightRGB-1-.svg\",\"contentUrl\":\"https:\\\/\\\/cirqlinnovations.com\\\/wp-content\\\/uploads\\\/2025\\\/06\\\/orb.cirql_lockup_midnightRGB-1-.svg\",\"width\":377,\"height\":113,\"caption\":\"Cirql\"},\"image\":{\"@id\":\"https:\\\/\\\/cirqlinnovations.com\\\/fr\\\/#\\\/schema\\\/logo\\\/image\\\/\"}}]}<\/script>\n<!-- \/ Yoast SEO plugin. -->","yoast_head_json":{"title":"Politique en mati\u00e8re de cookies - Cirql","robots":{"index":"index","follow":"follow","max-snippet":"max-snippet:-1","max-image-preview":"max-image-preview:large","max-video-preview":"max-video-preview:-1"},"canonical":"https:\/\/cirqlinnovations.com\/fr\/politique-en-matiere-de-cookies\/","og_locale":"fr_FR","og_type":"article","og_title":"Politique en mati\u00e8re de cookies - Cirql","og_description":"Cirql POLITIQUE EN MATI\u00c8RE DE COOKIE Cirql utilise des cookies. Les cookies sont des fichiers texte plac\u00e9s sur votre ordinateur par les sites web que vous visitez. Ils sont utilis\u00e9s pour assurer le bon fonctionnement du site web, ainsi que pour fournir des informations commerciales et marketing aux propri\u00e9taires du site. Type de cookies que [&hellip;]","og_url":"https:\/\/cirqlinnovations.com\/fr\/politique-en-matiere-de-cookies\/","og_site_name":"Cirql","article_modified_time":"2025-08-08T15:22:16+00:00","og_image":[{"width":512,"height":512,"url":"https:\/\/cirqlinnovations.com\/wp-content\/uploads\/2025\/05\/android-chrome-512x512-2.png","type":"image\/png"}],"twitter_card":"summary_large_image","twitter_misc":{"Dur\u00e9e de lecture estim\u00e9e":"2 minutes"},"schema":{"@context":"https:\/\/schema.org","@graph":[{"@type":"WebPage","@id":"https:\/\/cirqlinnovations.com\/fr\/politique-en-matiere-de-cookies\/","url":"https:\/\/cirqlinnovations.com\/fr\/politique-en-matiere-de-cookies\/","name":"Politique en mati\u00e8re de cookies - Cirql","isPartOf":{"@id":"https:\/\/cirqlinnovations.com\/fr\/#website"},"primaryImageOfPage":{"@id":"https:\/\/cirqlinnovations.com\/fr\/politique-en-matiere-de-cookies\/#primaryimage"},"image":{"@id":"https:\/\/cirqlinnovations.com\/fr\/politique-en-matiere-de-cookies\/#primaryimage"},"thumbnailUrl":"https:\/\/cirqlinnovations.com\/wp-content\/uploads\/2025\/05\/android-chrome-512x512-2.png","datePublished":"2025-01-23T18:50:17+00:00","dateModified":"2025-08-08T15:22:16+00:00","breadcrumb":{"@id":"https:\/\/cirqlinnovations.com\/fr\/politique-en-matiere-de-cookies\/#breadcrumb"},"inLanguage":"fr-FR","potentialAction":[{"@type":"ReadAction","target":["https:\/\/cirqlinnovations.com\/fr\/politique-en-matiere-de-cookies\/"]}]},{"@type":"ImageObject","inLanguage":"fr-FR","@id":"https:\/\/cirqlinnovations.com\/fr\/politique-en-matiere-de-cookies\/#primaryimage","url":"https:\/\/cirqlinnovations.com\/wp-content\/uploads\/2025\/05\/android-chrome-512x512-2.png","contentUrl":"https:\/\/cirqlinnovations.com\/wp-content\/uploads\/2025\/05\/android-chrome-512x512-2.png","width":512,"height":512},{"@type":"BreadcrumbList","@id":"https:\/\/cirqlinnovations.com\/fr\/politique-en-matiere-de-cookies\/#breadcrumb","itemListElement":[{"@type":"ListItem","position":1,"name":"Home","item":"https:\/\/cirqlinnovations.com\/fr\/cirql\/"},{"@type":"ListItem","position":2,"name":"Politique en mati\u00e8re de cookies"}]},{"@type":"WebSite","@id":"https:\/\/cirqlinnovations.com\/fr\/#website","url":"https:\/\/cirqlinnovations.com\/fr\/","name":"Cirql","description":"","publisher":{"@id":"https:\/\/cirqlinnovations.com\/fr\/#organization"},"potentialAction":[{"@type":"SearchAction","target":{"@type":"EntryPoint","urlTemplate":"https:\/\/cirqlinnovations.com\/fr\/?s={search_term_string}"},"query-input":{"@type":"PropertyValueSpecification","valueRequired":true,"valueName":"search_term_string"}}],"inLanguage":"fr-FR"},{"@type":"Organization","@id":"https:\/\/cirqlinnovations.com\/fr\/#organization","name":"Cirql","url":"https:\/\/cirqlinnovations.com\/fr\/","logo":{"@type":"ImageObject","inLanguage":"fr-FR","@id":"https:\/\/cirqlinnovations.com\/fr\/#\/schema\/logo\/image\/","url":"https:\/\/cirqlinnovations.com\/wp-content\/uploads\/2025\/06\/orb.cirql_lockup_midnightRGB-1-.svg","contentUrl":"https:\/\/cirqlinnovations.com\/wp-content\/uploads\/2025\/06\/orb.cirql_lockup_midnightRGB-1-.svg","width":377,"height":113,"caption":"Cirql"},"image":{"@id":"https:\/\/cirqlinnovations.com\/fr\/#\/schema\/logo\/image\/"}}]}},"_links":{"self":[{"href":"https:\/\/cirqlinnovations.com\/fr\/wp-json\/wp\/v2\/pages\/21242","targetHints":{"allow":["GET"]}}],"collection":[{"href":"https:\/\/cirqlinnovations.com\/fr\/wp-json\/wp\/v2\/pages"}],"about":[{"href":"https:\/\/cirqlinnovations.com\/fr\/wp-json\/wp\/v2\/types\/page"}],"author":[{"embeddable":true,"href":"https:\/\/cirqlinnovations.com\/fr\/wp-json\/wp\/v2\/users\/1"}],"replies":[{"embeddable":true,"href":"https:\/\/cirqlinnovations.com\/fr\/wp-json\/wp\/v2\/comments?post=21242"}],"version-history":[{"count":2,"href":"https:\/\/cirqlinnovations.com\/fr\/wp-json\/wp\/v2\/pages\/21242\/revisions"}],"predecessor-version":[{"id":22526,"href":"https:\/\/cirqlinnovations.com\/fr\/wp-json\/wp\/v2\/pages\/21242\/revisions\/22526"}],"wp:featuredmedia":[{"embeddable":true,"href":"https:\/\/cirqlinnovations.com\/fr\/wp-json\/wp\/v2\/media\/22482"}],"wp:attachment":[{"href":"https:\/\/cirqlinnovations.com\/fr\/wp-json\/wp\/v2\/media?parent=21242"}],"curies":[{"name":"wp","href":"https:\/\/api.w.org\/{rel}","templated":true}]}}