{"id":21347,"date":"2025-01-16T18:11:23","date_gmt":"2025-01-16T18:11:23","guid":{"rendered":"https:\/\/cirqlinnovations.com\/sostenibilidad\/"},"modified":"2025-08-08T15:19:59","modified_gmt":"2025-08-08T15:19:59","slug":"sostenibilidad","status":"publish","type":"page","link":"https:\/\/cirqlinnovations.com\/es\/sostenibilidad\/","title":{"rendered":"Sostenibilidad"},"content":{"rendered":"\n<div class=\"wp-block-cover animated-cover is-style-animated-cover\" style=\"margin-top:0;margin-bottom:0;padding-top:0;padding-bottom:0;min-height:540px;aspect-ratio:unset;\"><video class=\"wp-block-cover__video-background intrinsic-ignore\" autoplay muted loop playsinline src=\"https:\/\/cirqlinnovations.com\/wp-content\/uploads\/2025\/04\/mountain-trees.mp4\" data-object-fit=\"cover\"><\/video><span aria-hidden=\"true\" class=\"wp-block-cover__background has-background-dim-100 has-background-dim wp-block-cover__gradient-background has-background-gradient\" style=\"background:linear-gradient(180deg,rgba(222,219,211,0.24) 0%,rgb(222,219,211) 85%)\"><\/span><div class=\"wp-block-cover__inner-container is-layout-flow wp-block-cover-is-layout-flow\">\n<figure class=\"wp-block-image size-large back-image\"><img loading=\"lazy\" decoding=\"async\" width=\"924\" height=\"1024\" src=\"https:\/\/cirqlinnovations.com\/wp-content\/uploads\/2025\/01\/ortholite-green-orb-924x1024.png\" alt=\"\" class=\"wp-image-623\" srcset=\"https:\/\/cirqlinnovations.com\/wp-content\/uploads\/2025\/01\/ortholite-green-orb-924x1024.png 924w, https:\/\/cirqlinnovations.com\/wp-content\/uploads\/2025\/01\/ortholite-green-orb-271x300.png 271w, https:\/\/cirqlinnovations.com\/wp-content\/uploads\/2025\/01\/ortholite-green-orb-768x852.png 768w, https:\/\/cirqlinnovations.com\/wp-content\/uploads\/2025\/01\/ortholite-green-orb-1385x1536.png 1385w, https:\/\/cirqlinnovations.com\/wp-content\/uploads\/2025\/01\/ortholite-green-orb.png 1609w\" sizes=\"auto, (max-width: 924px) 100vw, 924px\" \/><\/figure>\n\n\n\n<figure class=\"wp-block-image size-full is-resized back-image\"><img loading=\"lazy\" decoding=\"async\" width=\"958\" height=\"452\" src=\"https:\/\/cirqlinnovations.com\/wp-content\/uploads\/2025\/01\/zer-shoe.png\" alt=\"\" class=\"wp-image-670\" style=\"width:700px\" srcset=\"https:\/\/cirqlinnovations.com\/wp-content\/uploads\/2025\/01\/zer-shoe.png 958w, https:\/\/cirqlinnovations.com\/wp-content\/uploads\/2025\/01\/zer-shoe-300x142.png 300w, https:\/\/cirqlinnovations.com\/wp-content\/uploads\/2025\/01\/zer-shoe-768x362.png 768w\" sizes=\"auto, (max-width: 958px) 100vw, 958px\" \/><\/figure>\n<\/div><\/div>\n\n<div class=\"wp-block-group front-image has-primary-background-color has-background is-vertical is-content-justification-center is-layout-flex wp-container-core-group-is-layout-62341777 wp-block-group-is-layout-flex\" style=\"padding-top:0;padding-right:var(--wp--preset--spacing--xs);padding-bottom:var(--wp--preset--spacing--md);padding-left:var(--wp--preset--spacing--xs)\">\n<h1 class=\"wp-block-heading has-text-align-center has-tertiary-color has-text-color has-link-color has-big-h-1-font-size wp-elements-8d2164e7c1aa6e2a35cb1e708f52b637\" style=\"text-transform:uppercase\">Sostenible<\/h1>\n\n\n\n<p class=\"has-text-align-center has-tertiary-color has-text-color has-link-color has-h-2-font-size wp-elements-1a3f3a2d7a2c546a12e36d933743de7c\" style=\"font-style:normal;font-weight:800;letter-spacing:4px;text-transform:uppercase\">circularidad<\/p>\n<\/div>\n\n<div class=\"wp-block-group has-accent-2-background-color has-background is-layout-flow wp-block-group-is-layout-flow\" style=\"padding-top:var(--wp--preset--spacing--xs);padding-right:var(--wp--preset--spacing--xs);padding-bottom:var(--wp--preset--spacing--xs);padding-left:var(--wp--preset--spacing--xs)\">\n<div class=\"wp-block-columns is-style-animated-columns is-layout-flex wp-container-core-columns-is-layout-5b7b896b wp-block-columns-is-layout-flex\" style=\"padding-top:var(--wp--preset--spacing--md);padding-right:var(--wp--preset--spacing--xs);padding-bottom:var(--wp--preset--spacing--md);padding-left:var(--wp--preset--spacing--xs)\">\n<div class=\"wp-block-column is-vertically-aligned-center is-layout-constrained wp-container-core-column-is-layout-d26424e0 wp-block-column-is-layout-constrained\">\n<div class=\"wp-block-group is-layout-constrained wp-container-core-group-is-layout-dcf901cd wp-block-group-is-layout-constrained\" style=\"padding-right:0\">\n<h2 class=\"wp-block-heading has-text-align-left has-tertiary-color has-text-color has-link-color has-h-3-font-size wp-elements-51539fedd5b3a561da90a742d726316d\">Marcando la pauta en sostenibilidad<\/h2>\n\n\n\n<p class=\"has-text-align-left is-style-default has-accent-color has-text-color has-link-color wp-elements-4776be2f9cfec93c0d53cb6e0bd7a692\">Centr\u00e1ndose en el ciclo de vida completo del calzado, las soluciones Cirql entran en una de las dos categor\u00edas de final de vida: compostables\/biodegradables o totalmente reciclables. Como soluci\u00f3n cr\u00edtica necesaria para lograr una verdadera circularidad en la industria del calzado, Cirql ofrece una alternativa de espuma pura a los pl\u00e1sticos convencionales, como el EVA. <\/p>\n<\/div>\n\n\n\n<div class=\"wp-block-group is-layout-constrained wp-container-core-group-is-layout-7db9d80f wp-block-group-is-layout-constrained\" style=\"padding-right:0;padding-left:0\">\n<div class=\"wp-block-group is-content-justification-center is-layout-flex wp-container-core-group-is-layout-b02886af wp-block-group-is-layout-flex\">\n<figure class=\"wp-block-image size-full is-resized\"><img loading=\"lazy\" decoding=\"async\" width=\"600\" height=\"600\" src=\"https:\/\/cirqlinnovations.com\/wp-content\/uploads\/2024\/12\/100-recyclable.png\" alt=\"\" class=\"wp-image-66\" style=\"width:160px\" srcset=\"https:\/\/cirqlinnovations.com\/wp-content\/uploads\/2024\/12\/100-recyclable.png 600w, https:\/\/cirqlinnovations.com\/wp-content\/uploads\/2024\/12\/100-recyclable-300x300.png 300w, https:\/\/cirqlinnovations.com\/wp-content\/uploads\/2024\/12\/100-recyclable-150x150.png 150w\" sizes=\"auto, (max-width: 600px) 100vw, 600px\" \/><\/figure>\n\n\n\n<figure class=\"wp-block-image size-full is-resized\"><img loading=\"lazy\" decoding=\"async\" width=\"600\" height=\"600\" src=\"https:\/\/cirqlinnovations.com\/wp-content\/uploads\/2024\/12\/30-pcr-content.png\" alt=\"\" class=\"wp-image-71\" style=\"width:160px\" srcset=\"https:\/\/cirqlinnovations.com\/wp-content\/uploads\/2024\/12\/30-pcr-content.png 600w, https:\/\/cirqlinnovations.com\/wp-content\/uploads\/2024\/12\/30-pcr-content-300x300.png 300w, https:\/\/cirqlinnovations.com\/wp-content\/uploads\/2024\/12\/30-pcr-content-150x150.png 150w\" sizes=\"auto, (max-width: 600px) 100vw, 600px\" \/><\/figure>\n\n\n\n<figure class=\"wp-block-image size-full is-resized\"><img loading=\"lazy\" decoding=\"async\" width=\"600\" height=\"600\" src=\"https:\/\/cirqlinnovations.com\/wp-content\/uploads\/2024\/12\/grs-certified.png\" alt=\"\" class=\"wp-image-70\" style=\"width:160px\" srcset=\"https:\/\/cirqlinnovations.com\/wp-content\/uploads\/2024\/12\/grs-certified.png 600w, https:\/\/cirqlinnovations.com\/wp-content\/uploads\/2024\/12\/grs-certified-300x300.png 300w, https:\/\/cirqlinnovations.com\/wp-content\/uploads\/2024\/12\/grs-certified-150x150.png 150w\" sizes=\"auto, (max-width: 600px) 100vw, 600px\" \/><\/figure>\n\n\n\n<figure class=\"wp-block-image size-full is-resized\"><img loading=\"lazy\" decoding=\"async\" width=\"600\" height=\"600\" src=\"https:\/\/cirqlinnovations.com\/wp-content\/uploads\/2024\/12\/free-chemical-foaming.png\" alt=\"\" class=\"wp-image-69\" style=\"width:160px\" srcset=\"https:\/\/cirqlinnovations.com\/wp-content\/uploads\/2024\/12\/free-chemical-foaming.png 600w, https:\/\/cirqlinnovations.com\/wp-content\/uploads\/2024\/12\/free-chemical-foaming-300x300.png 300w, https:\/\/cirqlinnovations.com\/wp-content\/uploads\/2024\/12\/free-chemical-foaming-150x150.png 150w\" sizes=\"auto, (max-width: 600px) 100vw, 600px\" \/><\/figure>\n\n\n\n<figure class=\"wp-block-image size-full is-resized\"><img loading=\"lazy\" decoding=\"async\" width=\"600\" height=\"600\" src=\"https:\/\/cirqlinnovations.com\/wp-content\/uploads\/2024\/12\/patented-technology.png\" alt=\"\" class=\"wp-image-68\" style=\"width:160px\" srcset=\"https:\/\/cirqlinnovations.com\/wp-content\/uploads\/2024\/12\/patented-technology.png 600w, https:\/\/cirqlinnovations.com\/wp-content\/uploads\/2024\/12\/patented-technology-300x300.png 300w, https:\/\/cirqlinnovations.com\/wp-content\/uploads\/2024\/12\/patented-technology-150x150.png 150w\" sizes=\"auto, (max-width: 600px) 100vw, 600px\" \/><\/figure>\n\n\n\n<figure class=\"wp-block-image size-full is-resized\"><img loading=\"lazy\" decoding=\"async\" width=\"600\" height=\"600\" src=\"https:\/\/cirqlinnovations.com\/wp-content\/uploads\/2024\/12\/manufactured-text.png\" alt=\"\" class=\"wp-image-67\" style=\"width:160px\" srcset=\"https:\/\/cirqlinnovations.com\/wp-content\/uploads\/2024\/12\/manufactured-text.png 600w, https:\/\/cirqlinnovations.com\/wp-content\/uploads\/2024\/12\/manufactured-text-300x300.png 300w, https:\/\/cirqlinnovations.com\/wp-content\/uploads\/2024\/12\/manufactured-text-150x150.png 150w\" sizes=\"auto, (max-width: 600px) 100vw, 600px\" \/><\/figure>\n<\/div>\n<\/div>\n<\/div>\n\n\n\n<div class=\"wp-block-column is-vertically-aligned-center is-layout-flow wp-block-column-is-layout-flow\">\n<figure class=\"wp-block-image size-full is-resized\"><img loading=\"lazy\" decoding=\"async\" width=\"1622\" height=\"2940\" src=\"https:\/\/cirqlinnovations.com\/wp-content\/uploads\/2025\/01\/Cirql-shoe-vertical-e1738334933952.png\" alt=\"\" class=\"wp-image-394\" style=\"width:520px\" srcset=\"https:\/\/cirqlinnovations.com\/wp-content\/uploads\/2025\/01\/Cirql-shoe-vertical-e1738334933952.png 1622w, https:\/\/cirqlinnovations.com\/wp-content\/uploads\/2025\/01\/Cirql-shoe-vertical-e1738334933952-166x300.png 166w, https:\/\/cirqlinnovations.com\/wp-content\/uploads\/2025\/01\/Cirql-shoe-vertical-e1738334933952-565x1024.png 565w, https:\/\/cirqlinnovations.com\/wp-content\/uploads\/2025\/01\/Cirql-shoe-vertical-e1738334933952-768x1392.png 768w, https:\/\/cirqlinnovations.com\/wp-content\/uploads\/2025\/01\/Cirql-shoe-vertical-e1738334933952-847x1536.png 847w, https:\/\/cirqlinnovations.com\/wp-content\/uploads\/2025\/01\/Cirql-shoe-vertical-e1738334933952-1130x2048.png 1130w\" sizes=\"auto, (max-width: 1622px) 100vw, 1622px\" \/><\/figure>\n<\/div>\n<\/div>\n<\/div>\n\n<div class=\"wp-block-group has-secondary-background-color has-background is-layout-flow wp-block-group-is-layout-flow\" style=\"padding-top:var(--wp--preset--spacing--sm);padding-bottom:0\">\n<div class=\"wp-block-columns is-style-animated-columns is-layout-flex wp-container-core-columns-is-layout-7e5eacc6 wp-block-columns-is-layout-flex\" style=\"padding-right:0;padding-left:0\">\n<div class=\"wp-block-column is-vertically-aligned-center is-layout-flow wp-block-column-is-layout-flow\" style=\"padding-right:0;padding-left:0;flex-basis:40%\">\n<figure class=\"wp-block-image aligncenter size-full\"><img loading=\"lazy\" decoding=\"async\" width=\"2560\" height=\"2509\" src=\"https:\/\/cirqlinnovations.com\/wp-content\/uploads\/2025\/02\/woman-track-runner-1.png\" alt=\"\" class=\"wp-image-17467\" style=\"object-fit:cover\" srcset=\"https:\/\/cirqlinnovations.com\/wp-content\/uploads\/2025\/02\/woman-track-runner-1.png 2560w, https:\/\/cirqlinnovations.com\/wp-content\/uploads\/2025\/02\/woman-track-runner-1-300x294.png 300w, https:\/\/cirqlinnovations.com\/wp-content\/uploads\/2025\/02\/woman-track-runner-1-1024x1004.png 1024w, https:\/\/cirqlinnovations.com\/wp-content\/uploads\/2025\/02\/woman-track-runner-1-768x753.png 768w, https:\/\/cirqlinnovations.com\/wp-content\/uploads\/2025\/02\/woman-track-runner-1-1536x1505.png 1536w, https:\/\/cirqlinnovations.com\/wp-content\/uploads\/2025\/02\/woman-track-runner-1-2048x2007.png 2048w\" sizes=\"auto, (max-width: 2560px) 100vw, 2560px\" \/><\/figure>\n<\/div>\n\n\n\n<div class=\"wp-block-column is-vertically-aligned-center is-layout-flow wp-block-column-is-layout-flow\" style=\"padding-right:var(--wp--preset--spacing--xs);padding-left:var(--wp--preset--spacing--xs);flex-basis:50%\">\n<div class=\"wp-block-group is-layout-constrained wp-container-core-group-is-layout-0de311d3 wp-block-group-is-layout-constrained\" style=\"padding-right:0;padding-left:0\">\n<h2 class=\"wp-block-heading has-tertiary-color has-text-color has-link-color has-h-4-font-size wp-elements-da2d489008549c895e91320a952c852a\">\u00bfEst\u00e1s preparado para comprometer a tu marca con una verdadera soluci\u00f3n sostenible al final de su vida \u00fatil?<\/h2>\n\n\n\n<p class=\"is-style-large-paragraph has-tertiary-color has-text-color has-link-color has-h-5-font-size wp-elements-6af37c632129d790a0f73c2a6c9fdb2d\">M\u00e1s informaci\u00f3n sobre c\u00f3mo llevar Cirql a tu marca o f\u00e1brica de calzado.<\/p>\n\n\n\n<div class=\"wp-block-buttons is-layout-flex wp-block-buttons-is-layout-flex\">\n<div class=\"wp-block-button is-style-cirql-tertiary-btn is-style-secondary-btn\"><a class=\"wp-block-button__link wp-element-button\" href=\"https:\/\/cirqlinnovations.com\/es\/ponte-en-contacto-con\/\">contacta con nosotros<\/a><\/div>\n<\/div>\n<\/div>\n<\/div>\n<\/div>\n<\/div>\n","protected":false},"excerpt":{"rendered":"<p>Sostenible circularidad Marcando la pauta en sostenibilidad Centr\u00e1ndose en el ciclo de vida completo del calzado, las soluciones Cirql entran en una de las dos categor\u00edas de final de vida: compostables\/biodegradables o totalmente reciclables. Como soluci\u00f3n cr\u00edtica necesaria para lograr una verdadera circularidad en la industria del calzado, Cirql ofrece una alternativa de espuma pura [&hellip;]<\/p>\n","protected":false},"author":2,"featured_media":1376,"parent":0,"menu_order":0,"comment_status":"closed","ping_status":"closed","template":"","meta":{"_acf_changed":false,"footnotes":""},"class_list":["post-21347","page","type-page","status-publish","has-post-thumbnail","hentry"],"acf":[],"yoast_head":"<!-- This site is optimized with the Yoast SEO plugin v27.4 - https:\/\/yoast.com\/product\/yoast-seo-wordpress\/ -->\n<title>Sostenibilidad en Cirql: Nuestro compromiso | Cirql<\/title>\n<meta name=\"description\" content=\"Descubre el compromiso de Cirql con la sostenibilidad en el calzado. Aprende c\u00f3mo estamos teniendo un impacto positivo en el medio ambiente.\" \/>\n<meta name=\"robots\" content=\"index, follow, max-snippet:-1, max-image-preview:large, max-video-preview:-1\" \/>\n<link rel=\"canonical\" href=\"https:\/\/cirqlinnovations.com\/es\/sostenibilidad\/\" \/>\n<meta property=\"og:locale\" content=\"es_ES\" \/>\n<meta property=\"og:type\" content=\"article\" \/>\n<meta property=\"og:title\" content=\"Sostenibilidad en Cirql: Nuestro compromiso | Cirql\" \/>\n<meta property=\"og:description\" content=\"Descubre el compromiso de Cirql con la sostenibilidad en el calzado. Aprende c\u00f3mo estamos teniendo un impacto positivo en el medio ambiente.\" \/>\n<meta property=\"og:url\" content=\"https:\/\/cirqlinnovations.com\/es\/sostenibilidad\/\" \/>\n<meta property=\"og:site_name\" content=\"Cirql\" \/>\n<meta property=\"article:modified_time\" content=\"2025-08-08T15:19:59+00:00\" \/>\n<meta property=\"og:image\" content=\"https:\/\/cirqlinnovations.com\/wp-content\/uploads\/2025\/01\/zer-shoe.png\" \/>\n\t<meta property=\"og:image:width\" content=\"958\" \/>\n\t<meta property=\"og:image:height\" content=\"452\" \/>\n\t<meta property=\"og:image:type\" content=\"image\/png\" \/>\n<meta name=\"twitter:card\" content=\"summary_large_image\" \/>\n<meta name=\"twitter:label1\" content=\"Est. reading time\" \/>\n\t<meta name=\"twitter:data1\" content=\"7 minutes\" \/>\n<script type=\"application\/ld+json\" class=\"yoast-schema-graph\">{\"@context\":\"https:\\\/\\\/schema.org\",\"@graph\":[{\"@type\":\"WebPage\",\"@id\":\"https:\\\/\\\/cirqlinnovations.com\\\/es\\\/sostenibilidad\\\/\",\"url\":\"https:\\\/\\\/cirqlinnovations.com\\\/es\\\/sostenibilidad\\\/\",\"name\":\"Sostenibilidad en Cirql: Nuestro compromiso | Cirql\",\"isPartOf\":{\"@id\":\"https:\\\/\\\/cirqlinnovations.com\\\/es\\\/#website\"},\"primaryImageOfPage\":{\"@id\":\"https:\\\/\\\/cirqlinnovations.com\\\/es\\\/sostenibilidad\\\/#primaryimage\"},\"image\":{\"@id\":\"https:\\\/\\\/cirqlinnovations.com\\\/es\\\/sostenibilidad\\\/#primaryimage\"},\"thumbnailUrl\":\"https:\\\/\\\/cirqlinnovations.com\\\/wp-content\\\/uploads\\\/2025\\\/01\\\/zer-shoe.png\",\"datePublished\":\"2025-01-16T18:11:23+00:00\",\"dateModified\":\"2025-08-08T15:19:59+00:00\",\"description\":\"Descubre el compromiso de Cirql con la sostenibilidad en el calzado. Aprende c\u00f3mo estamos teniendo un impacto positivo en el medio ambiente.\",\"breadcrumb\":{\"@id\":\"https:\\\/\\\/cirqlinnovations.com\\\/es\\\/sostenibilidad\\\/#breadcrumb\"},\"inLanguage\":\"es-ES\",\"potentialAction\":[{\"@type\":\"ReadAction\",\"target\":[\"https:\\\/\\\/cirqlinnovations.com\\\/es\\\/sostenibilidad\\\/\"]}]},{\"@type\":\"ImageObject\",\"inLanguage\":\"es-ES\",\"@id\":\"https:\\\/\\\/cirqlinnovations.com\\\/es\\\/sostenibilidad\\\/#primaryimage\",\"url\":\"https:\\\/\\\/cirqlinnovations.com\\\/wp-content\\\/uploads\\\/2025\\\/01\\\/zer-shoe.png\",\"contentUrl\":\"https:\\\/\\\/cirqlinnovations.com\\\/wp-content\\\/uploads\\\/2025\\\/01\\\/zer-shoe.png\",\"width\":958,\"height\":452},{\"@type\":\"BreadcrumbList\",\"@id\":\"https:\\\/\\\/cirqlinnovations.com\\\/es\\\/sostenibilidad\\\/#breadcrumb\",\"itemListElement\":[{\"@type\":\"ListItem\",\"position\":1,\"name\":\"Home\",\"item\":\"https:\\\/\\\/cirqlinnovations.com\\\/es\\\/cirql\\\/\"},{\"@type\":\"ListItem\",\"position\":2,\"name\":\"Sostenibilidad\"}]},{\"@type\":\"WebSite\",\"@id\":\"https:\\\/\\\/cirqlinnovations.com\\\/es\\\/#website\",\"url\":\"https:\\\/\\\/cirqlinnovations.com\\\/es\\\/\",\"name\":\"Cirql\",\"description\":\"\",\"publisher\":{\"@id\":\"https:\\\/\\\/cirqlinnovations.com\\\/es\\\/#organization\"},\"potentialAction\":[{\"@type\":\"SearchAction\",\"target\":{\"@type\":\"EntryPoint\",\"urlTemplate\":\"https:\\\/\\\/cirqlinnovations.com\\\/es\\\/?s={search_term_string}\"},\"query-input\":{\"@type\":\"PropertyValueSpecification\",\"valueRequired\":true,\"valueName\":\"search_term_string\"}}],\"inLanguage\":\"es-ES\"},{\"@type\":\"Organization\",\"@id\":\"https:\\\/\\\/cirqlinnovations.com\\\/es\\\/#organization\",\"name\":\"Cirql\",\"url\":\"https:\\\/\\\/cirqlinnovations.com\\\/es\\\/\",\"logo\":{\"@type\":\"ImageObject\",\"inLanguage\":\"es-ES\",\"@id\":\"https:\\\/\\\/cirqlinnovations.com\\\/es\\\/#\\\/schema\\\/logo\\\/image\\\/\",\"url\":\"https:\\\/\\\/cirqlinnovations.com\\\/wp-content\\\/uploads\\\/2025\\\/06\\\/orb.cirql_lockup_midnightRGB-1-.svg\",\"contentUrl\":\"https:\\\/\\\/cirqlinnovations.com\\\/wp-content\\\/uploads\\\/2025\\\/06\\\/orb.cirql_lockup_midnightRGB-1-.svg\",\"width\":377,\"height\":113,\"caption\":\"Cirql\"},\"image\":{\"@id\":\"https:\\\/\\\/cirqlinnovations.com\\\/es\\\/#\\\/schema\\\/logo\\\/image\\\/\"}}]}<\/script>\n<!-- \/ Yoast SEO plugin. -->","yoast_head_json":{"title":"Sostenibilidad en Cirql: Nuestro compromiso | Cirql","description":"Descubre el compromiso de Cirql con la sostenibilidad en el calzado. Aprende c\u00f3mo estamos teniendo un impacto positivo en el medio ambiente.","robots":{"index":"index","follow":"follow","max-snippet":"max-snippet:-1","max-image-preview":"max-image-preview:large","max-video-preview":"max-video-preview:-1"},"canonical":"https:\/\/cirqlinnovations.com\/es\/sostenibilidad\/","og_locale":"es_ES","og_type":"article","og_title":"Sostenibilidad en Cirql: Nuestro compromiso | Cirql","og_description":"Descubre el compromiso de Cirql con la sostenibilidad en el calzado. Aprende c\u00f3mo estamos teniendo un impacto positivo en el medio ambiente.","og_url":"https:\/\/cirqlinnovations.com\/es\/sostenibilidad\/","og_site_name":"Cirql","article_modified_time":"2025-08-08T15:19:59+00:00","og_image":[{"width":958,"height":452,"url":"https:\/\/cirqlinnovations.com\/wp-content\/uploads\/2025\/01\/zer-shoe.png","type":"image\/png"}],"twitter_card":"summary_large_image","twitter_misc":{"Est. reading time":"7 minutes"},"schema":{"@context":"https:\/\/schema.org","@graph":[{"@type":"WebPage","@id":"https:\/\/cirqlinnovations.com\/es\/sostenibilidad\/","url":"https:\/\/cirqlinnovations.com\/es\/sostenibilidad\/","name":"Sostenibilidad en Cirql: Nuestro compromiso | Cirql","isPartOf":{"@id":"https:\/\/cirqlinnovations.com\/es\/#website"},"primaryImageOfPage":{"@id":"https:\/\/cirqlinnovations.com\/es\/sostenibilidad\/#primaryimage"},"image":{"@id":"https:\/\/cirqlinnovations.com\/es\/sostenibilidad\/#primaryimage"},"thumbnailUrl":"https:\/\/cirqlinnovations.com\/wp-content\/uploads\/2025\/01\/zer-shoe.png","datePublished":"2025-01-16T18:11:23+00:00","dateModified":"2025-08-08T15:19:59+00:00","description":"Descubre el compromiso de Cirql con la sostenibilidad en el calzado. Aprende c\u00f3mo estamos teniendo un impacto positivo en el medio ambiente.","breadcrumb":{"@id":"https:\/\/cirqlinnovations.com\/es\/sostenibilidad\/#breadcrumb"},"inLanguage":"es-ES","potentialAction":[{"@type":"ReadAction","target":["https:\/\/cirqlinnovations.com\/es\/sostenibilidad\/"]}]},{"@type":"ImageObject","inLanguage":"es-ES","@id":"https:\/\/cirqlinnovations.com\/es\/sostenibilidad\/#primaryimage","url":"https:\/\/cirqlinnovations.com\/wp-content\/uploads\/2025\/01\/zer-shoe.png","contentUrl":"https:\/\/cirqlinnovations.com\/wp-content\/uploads\/2025\/01\/zer-shoe.png","width":958,"height":452},{"@type":"BreadcrumbList","@id":"https:\/\/cirqlinnovations.com\/es\/sostenibilidad\/#breadcrumb","itemListElement":[{"@type":"ListItem","position":1,"name":"Home","item":"https:\/\/cirqlinnovations.com\/es\/cirql\/"},{"@type":"ListItem","position":2,"name":"Sostenibilidad"}]},{"@type":"WebSite","@id":"https:\/\/cirqlinnovations.com\/es\/#website","url":"https:\/\/cirqlinnovations.com\/es\/","name":"Cirql","description":"","publisher":{"@id":"https:\/\/cirqlinnovations.com\/es\/#organization"},"potentialAction":[{"@type":"SearchAction","target":{"@type":"EntryPoint","urlTemplate":"https:\/\/cirqlinnovations.com\/es\/?s={search_term_string}"},"query-input":{"@type":"PropertyValueSpecification","valueRequired":true,"valueName":"search_term_string"}}],"inLanguage":"es-ES"},{"@type":"Organization","@id":"https:\/\/cirqlinnovations.com\/es\/#organization","name":"Cirql","url":"https:\/\/cirqlinnovations.com\/es\/","logo":{"@type":"ImageObject","inLanguage":"es-ES","@id":"https:\/\/cirqlinnovations.com\/es\/#\/schema\/logo\/image\/","url":"https:\/\/cirqlinnovations.com\/wp-content\/uploads\/2025\/06\/orb.cirql_lockup_midnightRGB-1-.svg","contentUrl":"https:\/\/cirqlinnovations.com\/wp-content\/uploads\/2025\/06\/orb.cirql_lockup_midnightRGB-1-.svg","width":377,"height":113,"caption":"Cirql"},"image":{"@id":"https:\/\/cirqlinnovations.com\/es\/#\/schema\/logo\/image\/"}}]}},"_links":{"self":[{"href":"https:\/\/cirqlinnovations.com\/es\/wp-json\/wp\/v2\/pages\/21347","targetHints":{"allow":["GET"]}}],"collection":[{"href":"https:\/\/cirqlinnovations.com\/es\/wp-json\/wp\/v2\/pages"}],"about":[{"href":"https:\/\/cirqlinnovations.com\/es\/wp-json\/wp\/v2\/types\/page"}],"author":[{"embeddable":true,"href":"https:\/\/cirqlinnovations.com\/es\/wp-json\/wp\/v2\/users\/2"}],"replies":[{"embeddable":true,"href":"https:\/\/cirqlinnovations.com\/es\/wp-json\/wp\/v2\/comments?post=21347"}],"version-history":[{"count":7,"href":"https:\/\/cirqlinnovations.com\/es\/wp-json\/wp\/v2\/pages\/21347\/revisions"}],"predecessor-version":[{"id":22965,"href":"https:\/\/cirqlinnovations.com\/es\/wp-json\/wp\/v2\/pages\/21347\/revisions\/22965"}],"wp:featuredmedia":[{"embeddable":true,"href":"https:\/\/cirqlinnovations.com\/es\/wp-json\/wp\/v2\/media\/1376"}],"wp:attachment":[{"href":"https:\/\/cirqlinnovations.com\/es\/wp-json\/wp\/v2\/media?parent=21347"}],"curies":[{"name":"wp","href":"https:\/\/api.w.org\/{rel}","templated":true}]}}