{"id":21248,"date":"2025-01-23T18:50:17","date_gmt":"2025-01-23T18:50:17","guid":{"rendered":"https:\/\/cirqlinnovations.com\/politica-de-cookies\/"},"modified":"2025-08-08T15:22:16","modified_gmt":"2025-08-08T15:22:16","slug":"politica-de-cookies","status":"publish","type":"page","link":"https:\/\/cirqlinnovations.com\/es\/politica-de-cookies\/","title":{"rendered":"Pol\u00edtica de cookies"},"content":{"rendered":"\n<div class=\"wp-block-group is-layout-constrained wp-container-core-group-is-layout-de662d45 wp-block-group-is-layout-constrained\" style=\"padding-top:var(--wp--preset--spacing--lg);padding-right:var(--wp--preset--spacing--xs);padding-bottom:var(--wp--preset--spacing--lg);padding-left:var(--wp--preset--spacing--xs)\">\n<div class=\"wp-block-group is-layout-constrained wp-block-group-is-layout-constrained\">\n<h1 class=\"wp-block-heading has-tertiary-color has-text-color has-link-color has-h-2-font-size wp-elements-2784dcf96d24dd135fba82ecf49f9d13\">Cirql POL\u00cdTICA DE COOKIES<\/h1>\n\n\n\n<p class=\"has-accent-color has-text-color has-link-color wp-elements-a568fa440152853b903ccf5b7c490c19\">Cirql utiliza cookies. Las cookies son archivos de texto que los sitios web que visitas colocan en tu ordenador. Se utilizan para el funcionamiento necesario del sitio web, as\u00ed como para proporcionar informaci\u00f3n comercial y de marketing a los propietarios del sitio.<\/p>\n<\/div>\n\n\n\n<div class=\"wp-block-group is-layout-constrained wp-block-group-is-layout-constrained\">\n<h2 class=\"wp-block-heading has-tertiary-color has-text-color has-link-color has-h-4-font-size wp-elements-61270bf687ed8704e770f346539785a6\">Tipo de cookies que utilizamos:<\/h2>\n\n\n\n<p class=\"has-accent-color has-text-color has-link-color wp-elements-39c3d868c1a83858e2d3256bf775bad2\">Las cookies establecidas por Cirql se denominan &#8220;cookies de origen&#8221;. Las cookies establecidas por terceros se denominan &#8220;cookies de terceros&#8221;. Este sitio utiliza tanto cookies &#8220;persistentes&#8221; como cookies &#8220;de sesi\u00f3n&#8221;: una cookie persistente ser\u00e1 almacenada por un navegador web y seguir\u00e1 siendo v\u00e1lida hasta la expiraci\u00f3n de 2 a\u00f1os, a menos que sea eliminada por el usuario antes de la fecha de expiraci\u00f3n; una cookie de sesi\u00f3n expirar\u00e1 al final de la sesi\u00f3n del usuario cuando se cierre el navegador web.<\/p>\n<\/div>\n\n\n\n<div class=\"wp-block-group is-layout-constrained wp-block-group-is-layout-constrained\">\n<h2 class=\"wp-block-heading has-tertiary-color has-text-color has-link-color has-h-4-font-size wp-elements-50f2bccd1adaf1c82616d5df90d2e323\">Los datos que rastrean:<\/h2>\n\n\n\n<p class=\"has-accent-color has-text-color has-link-color wp-elements-6d5c27dbab7d8564b57ff0ae03cb9553\">Las cookies se utilizan para recopilar estad\u00edsticas sobre c\u00f3mo utilizan los visitantes nuestro sitio web. Utilizamos cookies para hacer un seguimiento del uso de nuestro sitio y para conocer las preferencias del usuario (como el pa\u00eds y el idioma). Esto nos permite prestar servicios a nuestros clientes y mejorar su experiencia en l\u00ednea. Tambi\u00e9n utilizamos cookies para obtener informaci\u00f3n general sobre el tr\u00e1fico del sitio para identificar tendencias y obtener estad\u00edsticas, y para mejorar nuestro sitio.   <\/p>\n<\/div>\n\n\n\n<div class=\"wp-block-group is-layout-constrained wp-block-group-is-layout-constrained\">\n<h2 class=\"wp-block-heading has-tertiary-color has-text-color has-link-color has-h-4-font-size wp-elements-ddd47eab25fcb3c0b07d7128ac53b705\">Finalidad de las cookies que utilizamos:<\/h2>\n\n\n\n<p class=\"has-accent-color has-text-color has-link-color wp-elements-c115e8c290d296a5118e2a208ade29db\">Cuando accedes a nuestro sitio web, se te puede pedir que compartas alguna informaci\u00f3n b\u00e1sica sobre ti, que puede incluir tu nombre, nombre de usuario, ciudad, ubicaci\u00f3n y\/o perfil. La informaci\u00f3n que compartas p\u00fablicamente podr\u00e1 ser utilizada por Cirql con fines promocionales.<\/p>\n<\/div>\n\n\n\n<div class=\"wp-block-group is-layout-constrained wp-block-group-is-layout-constrained\">\n<h2 class=\"wp-block-heading has-tertiary-color has-text-color has-link-color has-h-4-font-size wp-elements-a6b43d8664240f1d0bd7d323fa91d8f1\">Con qui\u00e9n se comparten los datos:<\/h2>\n\n\n\n<p class=\"has-accent-color has-text-color has-link-color wp-elements-2121cdf7b96b4d3474d0d9e4d74205a5\">Los datos recogidos de las cookies pueden ser utilizados por agencias de publicidad de terceros para personalizar mejor la experiencia de marketing y controlar el tr\u00e1fico del sitio.<\/p>\n\n\n\n<p class=\"has-accent-color has-text-color has-link-color wp-elements-820fc6ed04bbb950bb203b261697f6b0\">Utilizamos empresas de terceros, como Google Analytics, para medir y dirigir anuncios en nuestro nombre con el fin de adaptar nuestros productos y servicios. Permitimos que terceras empresas utilicen cookies para recopilar informaci\u00f3n sobre tu interacci\u00f3n en nuestro sitio web. <\/p>\n<\/div>\n\n\n\n<div class=\"wp-block-group is-layout-constrained wp-block-group-is-layout-constrained\">\n<h2 class=\"wp-block-heading has-tertiary-color has-text-color has-link-color has-h-4-font-size wp-elements-9c5996e024c8571c54706d7916b5db55\">Gesti\u00f3n de cookies:<\/h2>\n\n\n\n<p class=\"has-accent-color has-text-color has-link-color wp-elements-0105033a66efa21311a8099e45b0be9b\">Puedes gestionar las cookies activando la configuraci\u00f3n de tu navegador de Internet que te permite rechazar la instalaci\u00f3n de todas o algunas cookies.<\/p>\n\n\n\n<p class=\"has-accent-color has-text-color has-link-color wp-elements-c3f611c61c5d8d2dcb1bbfa88b90031c\">Si deseas compartir tus comentarios, preguntas o preocupaciones, puedes ponerte en contacto con nosotros en <a href=\"mailto:info@ortholite.com\">info@ortholite.com<\/a>.<\/p>\n<\/div>\n\n\n\n<div class=\"wp-block-group is-layout-constrained wp-block-group-is-layout-constrained\">\n<h2 class=\"wp-block-heading has-tertiary-color has-text-color has-link-color has-h-4-font-size wp-elements-61e4da5622fbb91d64f4a9822839ca25\">Cambios en esta pol\u00edtica de cookies:<\/h2>\n\n\n\n<p class=\"has-accent-color has-text-color has-link-color wp-elements-3641703601b2b1dd96905860d67432a5\">Nos reservamos el derecho a modificar la forma en que utilizamos y colocamos las cookies. En consecuencia, te recomendamos que consultes esta p\u00e1gina peri\u00f3dicamente para revisar nuestra pol\u00edtica de cookies vigente. <\/p>\n<\/div>\n<\/div>\n","protected":false},"excerpt":{"rendered":"<p>Cirql POL\u00cdTICA DE COOKIES Cirql utiliza cookies. Las cookies son archivos de texto que los sitios web que visitas colocan en tu ordenador. Se utilizan para el funcionamiento necesario del sitio web, as\u00ed como para proporcionar informaci\u00f3n comercial y de marketing a los propietarios del sitio. Tipo de cookies que utilizamos: Las cookies establecidas por [&hellip;]<\/p>\n","protected":false},"author":1,"featured_media":22485,"parent":0,"menu_order":0,"comment_status":"closed","ping_status":"closed","template":"","meta":{"_acf_changed":false,"footnotes":""},"class_list":["post-21248","page","type-page","status-publish","has-post-thumbnail","hentry"],"acf":[],"yoast_head":"<!-- This site is optimized with the Yoast SEO plugin v27.4 - https:\/\/yoast.com\/product\/yoast-seo-wordpress\/ -->\n<title>Pol\u00edtica de cookies - Cirql<\/title>\n<meta name=\"robots\" content=\"index, follow, max-snippet:-1, max-image-preview:large, max-video-preview:-1\" \/>\n<link rel=\"canonical\" href=\"https:\/\/cirqlinnovations.com\/es\/politica-de-cookies\/\" \/>\n<meta property=\"og:locale\" content=\"es_ES\" \/>\n<meta property=\"og:type\" content=\"article\" \/>\n<meta property=\"og:title\" content=\"Pol\u00edtica de cookies - Cirql\" \/>\n<meta property=\"og:description\" content=\"Cirql POL\u00cdTICA DE COOKIES Cirql utiliza cookies. Las cookies son archivos de texto que los sitios web que visitas colocan en tu ordenador. Se utilizan para el funcionamiento necesario del sitio web, as\u00ed como para proporcionar informaci\u00f3n comercial y de marketing a los propietarios del sitio. Tipo de cookies que utilizamos: Las cookies establecidas por [&hellip;]\" \/>\n<meta property=\"og:url\" content=\"https:\/\/cirqlinnovations.com\/es\/politica-de-cookies\/\" \/>\n<meta property=\"og:site_name\" content=\"Cirql\" \/>\n<meta property=\"article:modified_time\" content=\"2025-08-08T15:22:16+00:00\" \/>\n<meta property=\"og:image\" content=\"https:\/\/cirqlinnovations.com\/wp-content\/uploads\/2025\/05\/android-chrome-512x512-2.png\" \/>\n\t<meta property=\"og:image:width\" content=\"512\" \/>\n\t<meta property=\"og:image:height\" content=\"512\" \/>\n\t<meta property=\"og:image:type\" content=\"image\/png\" \/>\n<meta name=\"twitter:card\" content=\"summary_large_image\" \/>\n<meta name=\"twitter:label1\" content=\"Est. reading time\" \/>\n\t<meta name=\"twitter:data1\" content=\"2 minutes\" \/>\n<script type=\"application\/ld+json\" class=\"yoast-schema-graph\">{\"@context\":\"https:\\\/\\\/schema.org\",\"@graph\":[{\"@type\":\"WebPage\",\"@id\":\"https:\\\/\\\/cirqlinnovations.com\\\/es\\\/politica-de-cookies\\\/\",\"url\":\"https:\\\/\\\/cirqlinnovations.com\\\/es\\\/politica-de-cookies\\\/\",\"name\":\"Pol\u00edtica de cookies - Cirql\",\"isPartOf\":{\"@id\":\"https:\\\/\\\/cirqlinnovations.com\\\/es\\\/#website\"},\"primaryImageOfPage\":{\"@id\":\"https:\\\/\\\/cirqlinnovations.com\\\/es\\\/politica-de-cookies\\\/#primaryimage\"},\"image\":{\"@id\":\"https:\\\/\\\/cirqlinnovations.com\\\/es\\\/politica-de-cookies\\\/#primaryimage\"},\"thumbnailUrl\":\"https:\\\/\\\/cirqlinnovations.com\\\/wp-content\\\/uploads\\\/2025\\\/05\\\/android-chrome-512x512-2.png\",\"datePublished\":\"2025-01-23T18:50:17+00:00\",\"dateModified\":\"2025-08-08T15:22:16+00:00\",\"breadcrumb\":{\"@id\":\"https:\\\/\\\/cirqlinnovations.com\\\/es\\\/politica-de-cookies\\\/#breadcrumb\"},\"inLanguage\":\"es-ES\",\"potentialAction\":[{\"@type\":\"ReadAction\",\"target\":[\"https:\\\/\\\/cirqlinnovations.com\\\/es\\\/politica-de-cookies\\\/\"]}]},{\"@type\":\"ImageObject\",\"inLanguage\":\"es-ES\",\"@id\":\"https:\\\/\\\/cirqlinnovations.com\\\/es\\\/politica-de-cookies\\\/#primaryimage\",\"url\":\"https:\\\/\\\/cirqlinnovations.com\\\/wp-content\\\/uploads\\\/2025\\\/05\\\/android-chrome-512x512-2.png\",\"contentUrl\":\"https:\\\/\\\/cirqlinnovations.com\\\/wp-content\\\/uploads\\\/2025\\\/05\\\/android-chrome-512x512-2.png\",\"width\":512,\"height\":512},{\"@type\":\"BreadcrumbList\",\"@id\":\"https:\\\/\\\/cirqlinnovations.com\\\/es\\\/politica-de-cookies\\\/#breadcrumb\",\"itemListElement\":[{\"@type\":\"ListItem\",\"position\":1,\"name\":\"Home\",\"item\":\"https:\\\/\\\/cirqlinnovations.com\\\/es\\\/cirql\\\/\"},{\"@type\":\"ListItem\",\"position\":2,\"name\":\"Pol\u00edtica de cookies\"}]},{\"@type\":\"WebSite\",\"@id\":\"https:\\\/\\\/cirqlinnovations.com\\\/es\\\/#website\",\"url\":\"https:\\\/\\\/cirqlinnovations.com\\\/es\\\/\",\"name\":\"Cirql\",\"description\":\"\",\"publisher\":{\"@id\":\"https:\\\/\\\/cirqlinnovations.com\\\/es\\\/#organization\"},\"potentialAction\":[{\"@type\":\"SearchAction\",\"target\":{\"@type\":\"EntryPoint\",\"urlTemplate\":\"https:\\\/\\\/cirqlinnovations.com\\\/es\\\/?s={search_term_string}\"},\"query-input\":{\"@type\":\"PropertyValueSpecification\",\"valueRequired\":true,\"valueName\":\"search_term_string\"}}],\"inLanguage\":\"es-ES\"},{\"@type\":\"Organization\",\"@id\":\"https:\\\/\\\/cirqlinnovations.com\\\/es\\\/#organization\",\"name\":\"Cirql\",\"url\":\"https:\\\/\\\/cirqlinnovations.com\\\/es\\\/\",\"logo\":{\"@type\":\"ImageObject\",\"inLanguage\":\"es-ES\",\"@id\":\"https:\\\/\\\/cirqlinnovations.com\\\/es\\\/#\\\/schema\\\/logo\\\/image\\\/\",\"url\":\"https:\\\/\\\/cirqlinnovations.com\\\/wp-content\\\/uploads\\\/2025\\\/06\\\/orb.cirql_lockup_midnightRGB-1-.svg\",\"contentUrl\":\"https:\\\/\\\/cirqlinnovations.com\\\/wp-content\\\/uploads\\\/2025\\\/06\\\/orb.cirql_lockup_midnightRGB-1-.svg\",\"width\":377,\"height\":113,\"caption\":\"Cirql\"},\"image\":{\"@id\":\"https:\\\/\\\/cirqlinnovations.com\\\/es\\\/#\\\/schema\\\/logo\\\/image\\\/\"}}]}<\/script>\n<!-- \/ Yoast SEO plugin. -->","yoast_head_json":{"title":"Pol\u00edtica de cookies - Cirql","robots":{"index":"index","follow":"follow","max-snippet":"max-snippet:-1","max-image-preview":"max-image-preview:large","max-video-preview":"max-video-preview:-1"},"canonical":"https:\/\/cirqlinnovations.com\/es\/politica-de-cookies\/","og_locale":"es_ES","og_type":"article","og_title":"Pol\u00edtica de cookies - Cirql","og_description":"Cirql POL\u00cdTICA DE COOKIES Cirql utiliza cookies. Las cookies son archivos de texto que los sitios web que visitas colocan en tu ordenador. Se utilizan para el funcionamiento necesario del sitio web, as\u00ed como para proporcionar informaci\u00f3n comercial y de marketing a los propietarios del sitio. Tipo de cookies que utilizamos: Las cookies establecidas por [&hellip;]","og_url":"https:\/\/cirqlinnovations.com\/es\/politica-de-cookies\/","og_site_name":"Cirql","article_modified_time":"2025-08-08T15:22:16+00:00","og_image":[{"width":512,"height":512,"url":"https:\/\/cirqlinnovations.com\/wp-content\/uploads\/2025\/05\/android-chrome-512x512-2.png","type":"image\/png"}],"twitter_card":"summary_large_image","twitter_misc":{"Est. reading time":"2 minutes"},"schema":{"@context":"https:\/\/schema.org","@graph":[{"@type":"WebPage","@id":"https:\/\/cirqlinnovations.com\/es\/politica-de-cookies\/","url":"https:\/\/cirqlinnovations.com\/es\/politica-de-cookies\/","name":"Pol\u00edtica de cookies - Cirql","isPartOf":{"@id":"https:\/\/cirqlinnovations.com\/es\/#website"},"primaryImageOfPage":{"@id":"https:\/\/cirqlinnovations.com\/es\/politica-de-cookies\/#primaryimage"},"image":{"@id":"https:\/\/cirqlinnovations.com\/es\/politica-de-cookies\/#primaryimage"},"thumbnailUrl":"https:\/\/cirqlinnovations.com\/wp-content\/uploads\/2025\/05\/android-chrome-512x512-2.png","datePublished":"2025-01-23T18:50:17+00:00","dateModified":"2025-08-08T15:22:16+00:00","breadcrumb":{"@id":"https:\/\/cirqlinnovations.com\/es\/politica-de-cookies\/#breadcrumb"},"inLanguage":"es-ES","potentialAction":[{"@type":"ReadAction","target":["https:\/\/cirqlinnovations.com\/es\/politica-de-cookies\/"]}]},{"@type":"ImageObject","inLanguage":"es-ES","@id":"https:\/\/cirqlinnovations.com\/es\/politica-de-cookies\/#primaryimage","url":"https:\/\/cirqlinnovations.com\/wp-content\/uploads\/2025\/05\/android-chrome-512x512-2.png","contentUrl":"https:\/\/cirqlinnovations.com\/wp-content\/uploads\/2025\/05\/android-chrome-512x512-2.png","width":512,"height":512},{"@type":"BreadcrumbList","@id":"https:\/\/cirqlinnovations.com\/es\/politica-de-cookies\/#breadcrumb","itemListElement":[{"@type":"ListItem","position":1,"name":"Home","item":"https:\/\/cirqlinnovations.com\/es\/cirql\/"},{"@type":"ListItem","position":2,"name":"Pol\u00edtica de cookies"}]},{"@type":"WebSite","@id":"https:\/\/cirqlinnovations.com\/es\/#website","url":"https:\/\/cirqlinnovations.com\/es\/","name":"Cirql","description":"","publisher":{"@id":"https:\/\/cirqlinnovations.com\/es\/#organization"},"potentialAction":[{"@type":"SearchAction","target":{"@type":"EntryPoint","urlTemplate":"https:\/\/cirqlinnovations.com\/es\/?s={search_term_string}"},"query-input":{"@type":"PropertyValueSpecification","valueRequired":true,"valueName":"search_term_string"}}],"inLanguage":"es-ES"},{"@type":"Organization","@id":"https:\/\/cirqlinnovations.com\/es\/#organization","name":"Cirql","url":"https:\/\/cirqlinnovations.com\/es\/","logo":{"@type":"ImageObject","inLanguage":"es-ES","@id":"https:\/\/cirqlinnovations.com\/es\/#\/schema\/logo\/image\/","url":"https:\/\/cirqlinnovations.com\/wp-content\/uploads\/2025\/06\/orb.cirql_lockup_midnightRGB-1-.svg","contentUrl":"https:\/\/cirqlinnovations.com\/wp-content\/uploads\/2025\/06\/orb.cirql_lockup_midnightRGB-1-.svg","width":377,"height":113,"caption":"Cirql"},"image":{"@id":"https:\/\/cirqlinnovations.com\/es\/#\/schema\/logo\/image\/"}}]}},"_links":{"self":[{"href":"https:\/\/cirqlinnovations.com\/es\/wp-json\/wp\/v2\/pages\/21248","targetHints":{"allow":["GET"]}}],"collection":[{"href":"https:\/\/cirqlinnovations.com\/es\/wp-json\/wp\/v2\/pages"}],"about":[{"href":"https:\/\/cirqlinnovations.com\/es\/wp-json\/wp\/v2\/types\/page"}],"author":[{"embeddable":true,"href":"https:\/\/cirqlinnovations.com\/es\/wp-json\/wp\/v2\/users\/1"}],"replies":[{"embeddable":true,"href":"https:\/\/cirqlinnovations.com\/es\/wp-json\/wp\/v2\/comments?post=21248"}],"version-history":[{"count":2,"href":"https:\/\/cirqlinnovations.com\/es\/wp-json\/wp\/v2\/pages\/21248\/revisions"}],"predecessor-version":[{"id":22532,"href":"https:\/\/cirqlinnovations.com\/es\/wp-json\/wp\/v2\/pages\/21248\/revisions\/22532"}],"wp:featuredmedia":[{"embeddable":true,"href":"https:\/\/cirqlinnovations.com\/es\/wp-json\/wp\/v2\/media\/22485"}],"wp:attachment":[{"href":"https:\/\/cirqlinnovations.com\/es\/wp-json\/wp\/v2\/media?parent=21248"}],"curies":[{"name":"wp","href":"https:\/\/api.w.org\/{rel}","templated":true}]}}